{"id":20799,"date":"2023-01-12T13:02:37","date_gmt":"2023-01-12T12:02:37","guid":{"rendered":"https:\/\/vapotheque.ch\/boutique\/cuttwood-boss-reserve-100-ml-e-liquid\/"},"modified":"2026-02-12T12:00:12","modified_gmt":"2026-02-12T11:00:12","slug":"cuttwood-boss-reserve-100-ml-e-liquid","status":"publish","type":"product","link":"https:\/\/vapotheque.ch\/de\/shop\/cuttwood-boss-reserve-100-ml-e-liquid\/","title":{"rendered":"Cuttwood &#8211; Boss Reserve 100 ML E-Liquid"},"content":{"rendered":"<h2>Das gr\u00f6\u00dfte Comeback des Jahres kommt von Cuttwood mit seinem Boss Reserve!<\/h2>\n<p>  Das Boss Reserve E-Liquid in 100 ML von Cuttwood ist wie Ph\u00f6nix aus der Asche auferstanden und endlich wieder in der Vapotheke erh\u00e4ltlich! Cuttwood war eine echte St\u00fctze des goldenen Zeitalters des amerikanischen Dampfens und stellte Rezepte mit einer klaren aromatischen Kraft und einer tadellosen Qualit\u00e4t zusammen. Boss Reserve 100 ML ist eines der anerkanntesten E-Liquids der kalifornischen Marke. Mal ein Bourbon <strong>Custard<\/strong> aus dem Eichenfass. Mal ein <strong>Graham Cracker<\/strong> mit <strong>Honig<\/strong>, <strong>Vanillecreme<\/strong> und <strong>flambierter Banane<\/strong>. Es handelt sich hier eindeutig um einen komplexen Gourmand, der sich gut an alle Gaumen und Dampfer anpasst.  &nbsp;  Wichtig: Liquid mit Aromastoffen, verkauft in einer 120 ml Flasche.  <\/p>\n<p class=\"class-fabrication\">Hergestellt in Gro\u00dfbritannien<\/p>\n<p class=\"class-fabrication\">PG\/VG-Verh\u00e4ltnis: 30%\/70%.<\/p>\n<p>&nbsp;  Z\u00f6gern Sie nicht, unsere anderen E-Liquids zu entdecken.  <a href=\"https:\/\/vapotheque.ch\/categorie\/gourmands?orderby=date\">Desserts<\/a>. Erhalten Sie Rabatte oder die neuesten Informationen \u00fcber unsere Produkte, indem Sie uns auf unseren sozialen Netzwerken folgen: <a href=\"https:\/\/www.facebook.com\/VapeAigleCH\" target=\"_blank\" rel=\"noopener\">Facebook<\/a> oder <a href=\"https:\/\/www.instagram.com\/vapotheque\" target=\"_blank\" rel=\"noopener\">Instagram<\/a>.<\/p>\n","protected":false},"excerpt":{"rendered":"<p>Dieses wunderbare e-Liquid bietet eine verf\u00fchrerische Geschmackskombination aus Getreide mit Honig und N\u00fcssen, die mit einem cremigen Milchgeschmack und reifen Bananen verschmelzen und ein absolut himmlisches Dampferlebnis bieten. Das Boss Reserve ist perfekt als &#8220;all-day&#8221; und nicht nur zum Fr\u00fchst\u00fcck!<\/p>\n","protected":false},"featured_media":20717,"template":"","meta":{"_acf_changed":false},"product_cat":[405,397,442,408,1690,1679],"product_tag":[],"class_list":{"0":"post-20799","1":"product","2":"type-product","3":"status-publish","4":"has-post-thumbnail","6":"product_brand-cuttwood-de","7":"product_cat-e-liquids","8":"product_cat-gourmands-de","9":"product_cat-hervorgehobene-produkte","10":"product_cat-lieferbar-innerhalb-von-24-stunden-de","11":"product_cat-100-ml-fur-120-ml","12":"product_cat-menge-e-flussigkeit-kapazitat-flasche","14":"first","15":"instock","16":"taxable","17":"shipping-taxable","18":"purchasable","19":"product-type-simple"},"acf":[],"jetpack_sharing_enabled":true,"_links":{"self":[{"href":"https:\/\/vapotheque.ch\/de\/wp-json\/wp\/v2\/product\/20799","targetHints":{"allow":["GET"]}}],"collection":[{"href":"https:\/\/vapotheque.ch\/de\/wp-json\/wp\/v2\/product"}],"about":[{"href":"https:\/\/vapotheque.ch\/de\/wp-json\/wp\/v2\/types\/product"}],"wp:featuredmedia":[{"embeddable":true,"href":"https:\/\/vapotheque.ch\/de\/wp-json\/wp\/v2\/media\/20717"}],"wp:attachment":[{"href":"https:\/\/vapotheque.ch\/de\/wp-json\/wp\/v2\/media?parent=20799"}],"wp:term":[{"taxonomy":"product_cat","embeddable":true,"href":"https:\/\/vapotheque.ch\/de\/wp-json\/wp\/v2\/product_cat?post=20799"},{"taxonomy":"product_tag","embeddable":true,"href":"https:\/\/vapotheque.ch\/de\/wp-json\/wp\/v2\/product_tag?post=20799"}],"curies":[{"name":"wp","href":"https:\/\/api.w.org\/{rel}","templated":true}]}}