{"id":20798,"date":"2023-01-16T16:02:06","date_gmt":"2023-01-16T15:02:06","guid":{"rendered":"https:\/\/vapotheque.ch\/boutique\/ambassador-don-cristo-100-ml-e-liquid\/"},"modified":"2025-04-26T12:22:51","modified_gmt":"2025-04-26T10:22:51","slug":"ambassador-don-cristo-100-ml-e-liquid","status":"publish","type":"product","link":"https:\/\/vapotheque.ch\/de\/shop\/ambassador-don-cristo-100-ml-e-liquid\/","title":{"rendered":"Ambassador &#8211; Don Cristo 24 ml \/ 120 ml E-Liquid"},"content":{"rendered":"<h2>Ambassador Don Cristo 24 ml \/ 120 ml E-Liquid: der Tabak des Augenblicks im Gro\u00dfformat!<\/h2>\n<p>Das griechische Labor Genesis Lab hat sich mit gro\u00dfen Namen zusammengetan, um eine ganz neue Reihe von E-Liquids zu entwickeln: Ambassador. Da sie alle Geschmacksfamilien in sich vereint, beweist diese Produktreihe die Exzellenz und das K\u00f6nnen von leidenschaftlichen Branchenkennern!<\/p>\n<p>Der Ambassador Don Cristo 24 ml \/ 120 ml E-Liquid ist ein Tabak, der das ganze Know-how der Barkeeper der Marke Don Cristo demonstriert! Ein Tabakaroma, das direkt aus der nat\u00fcrlichen Extraktion von t\u00fcrkischen Tabakbl\u00e4ttern gewonnen wird, mit einer Honignote zur leichten S\u00fc\u00dfe. Unbedingt von allen Classic-Liebhabern ausprobieren!<\/p>\n<p><strong>ACHTUNG: Dieses Produkt ist ein konzentriertes Aroma von 24 ml, das vor Gebrauch verd\u00fcnnt werden muss!<\/strong><\/p>\n<\/p>\n<h3><\/h3>\n<h3>Hilfe beim Boosten Ihres Ambassador Don Cristo E-Liquide :<\/h3>\n<p>Wenn Sie Ihren Ambassador Don Cristo erhalten, m\u00fcssen Sie die <a href=\"https:\/\/vapotheque.ch\/de\/kategorie\/diy-de\/boosters-diy-de\/\"><strong>Nikotinbooster<\/strong><\/a> (falls erforderlich) sowie <strong><a href=\"https:\/\/vapotheque.ch\/de\/shop\/vapor-flavour-base-30-70-2\/\">die PG\/VG-Basis<\/a><\/strong> hinzuf\u00fcgen, bevor Sie ihn verdampfen k\u00f6nnen. Tats\u00e4chlich wird die Flasche, die Sie erhalten, mit <strong>24 ml konzentriertem Aroma<\/strong> gef\u00fcllt. <\/p>\n<p>In dieser Reihenfolge m\u00fcssen Sie <strong>zuerst die<\/strong> ben\u00f6tigten <strong>Nikotinbooster<\/strong> <strong>und dann die PG\/VG-Basis<\/strong> hinzuf\u00fcgen, um die Flasche zu f\u00fcllen. Um Ihnen zu helfen, die Anzahl der <a href=\"https:\/\/vapotheque.ch\/de\/kategorie\/diy-de\/boosters-diy-de\/\"><strong>Nikotin-Booster<\/strong><\/a> und der Menge an Glukose <strong><a href=\"https:\/\/vapotheque.ch\/de\/shop\/vapor-flavour-base-30-70-2\/\">PG\/VG-Basis<\/a><\/strong> Nachfolgend finden Sie einige Beispiele: <\/p>\n<ul>\n<li>F\u00fcr 3 mg\/ml Nikotin m\u00fcssen Sie 2x <a href=\"https:\/\/vapotheque.ch\/de\/kategorie\/diy-de\/boosters-diy-de\/\"><strong>Nikotinbooster<\/strong><\/a> und 1x 100 ml <strong><a href=\"https:\/\/vapotheque.ch\/de\/shop\/vapor-flavour-base-30-70-2\/\">Base 30 PG \/ 70 VG bestellen.<\/a><\/strong> Sie gie\u00dfen Ihren Booster in die Flasche mit E-Liquid und f\u00fcllen dann die Flasche mit der PG \/ VG \/ VG-Basis auf. <\/li>\n<li>F\u00fcr 6 mg\/ml Nikotin m\u00fcssen Sie 4x <a href=\"https:\/\/vapotheque.ch\/de\/kategorie\/diy-de\/boosters-diy-de\/\"><strong>Nikotinbooster<\/strong><\/a> und 1x 100 ml <strong><a href=\"https:\/\/vapotheque.ch\/de\/shop\/vapor-flavour-base-30-70-2\/\">30 PG\/70 VG Base<\/a><\/strong> bestellen. Sie gie\u00dfen Ihren Booster in die Flasche mit E-Liquid und f\u00fcllen dann die Flasche mit der PG \/ VG \/ VG-Basis auf. <\/li>\n<li>F\u00fcr 9 mg\/ml m\u00fcssen Sie 6x <a href=\"https:\/\/vapotheque.ch\/de\/kategorie\/diy-de\/boosters-diy-de\/\"><strong>Nikotinbooster<\/strong><\/a> und 1x 100 ml <strong><a href=\"https:\/\/vapotheque.ch\/de\/shop\/vapor-flavour-base-30-70-2\/\">Base 30 PG \/ 70 VG bestellen.<\/a><\/strong> Sie gie\u00dfen Ihren Booster in die Flasche mit E-Liquid und f\u00fcllen dann die Flasche mit der PG \/ VG \/ VG-Basis auf. <\/li>\n<\/ul>\n<p><strong>So geht es weiter, bis das maximale Volumen der Flasche erreicht ist.<\/strong><\/p>\n<p><strong>Sollte nach dem Ausf\u00fcllen der Flasche noch etwas Basis vorhanden sein, bewahren Sie diese bitte dunkel und bei Raumtemperatur auf. Sie k\u00f6nnen sie bei Ihrer n\u00e4chsten Bestellung verwenden. <\/strong><\/p>\n<\/p>\n<p>Wichtig: Liquid mit Aromastoffen 24 ml, verkauft in einer 120 ml Flasche.<\/p>\n<p class=\"class-fabrication\">Hergestellt in Griechenland; Dosierung: 100 % PG.<\/p>\n<p>Entdecken Sie weitere Produkte der Marke <a href=\"..\/..\/product_brand\/ambassador\/\">Ambassador<\/a>.<\/p>\n<p>Erhalten Sie Rabatte oder die neuesten Informationen \u00fcber den Steam Train, indem Sie uns auf <a href=\"https:\/\/www.facebook.com\/VapeAigleCH\" target=\"_blank\" rel=\"noopener\">Facebook<\/a> oder <a href=\"https:\/\/www.instagram.com\/vapotheque_aigle\/\" target=\"_blank\" rel=\"noopener\">Instagram<\/a> folgen.<\/p>\n","protected":false},"excerpt":{"rendered":"<p><strong>Wie Sie die Booster richtig zu Ihrem Produkt hinzuf\u00fcgen, erfahren Sie in der nachfolgenden Beschreibung.<\/strong><\/p>\n","protected":false},"featured_media":20775,"template":"","meta":{"_acf_changed":false},"product_cat":[405,397,442,408,423,403,1682,1679],"product_tag":[],"class_list":{"0":"post-20798","1":"product","2":"type-product","3":"status-publish","4":"has-post-thumbnail","6":"product_brand-ambassador-de","7":"product_brand-don-cristo-de","8":"product_cat-e-liquids","9":"product_cat-gourmands-de","10":"product_cat-hervorgehobene-produkte","11":"product_cat-lieferbar-innerhalb-von-24-stunden-de","12":"product_cat-promos","13":"product_cat-tabak","14":"product_cat-24-ml-fur-120-ml","15":"product_cat-menge-e-flussigkeit-kapazitat-flasche","17":"first","18":"instock","19":"taxable","20":"shipping-taxable","21":"purchasable","22":"product-type-simple"},"acf":[],"jetpack_sharing_enabled":true,"_links":{"self":[{"href":"https:\/\/vapotheque.ch\/de\/wp-json\/wp\/v2\/product\/20798","targetHints":{"allow":["GET"]}}],"collection":[{"href":"https:\/\/vapotheque.ch\/de\/wp-json\/wp\/v2\/product"}],"about":[{"href":"https:\/\/vapotheque.ch\/de\/wp-json\/wp\/v2\/types\/product"}],"wp:featuredmedia":[{"embeddable":true,"href":"https:\/\/vapotheque.ch\/de\/wp-json\/wp\/v2\/media\/20775"}],"wp:attachment":[{"href":"https:\/\/vapotheque.ch\/de\/wp-json\/wp\/v2\/media?parent=20798"}],"wp:term":[{"taxonomy":"product_cat","embeddable":true,"href":"https:\/\/vapotheque.ch\/de\/wp-json\/wp\/v2\/product_cat?post=20798"},{"taxonomy":"product_tag","embeddable":true,"href":"https:\/\/vapotheque.ch\/de\/wp-json\/wp\/v2\/product_tag?post=20798"}],"curies":[{"name":"wp","href":"https:\/\/api.w.org\/{rel}","templated":true}]}}