{"id":20312,"date":"2022-12-23T17:19:05","date_gmt":"2022-12-23T16:19:05","guid":{"rendered":"https:\/\/vapotheque.ch\/boutique\/high-vaping-byakug-gan-1-liter-e-liquid\/"},"modified":"2024-09-30T11:01:46","modified_gmt":"2024-09-30T09:01:46","slug":"high-vaping-byakug-gan-1-liter-e-liquid","status":"publish","type":"product","link":"https:\/\/vapotheque.ch\/de\/shop\/high-vaping-byakug-gan-1-liter-e-liquid\/","title":{"rendered":"High Vaping &#8211; Byakug Gan 1 Liter E-Liquid"},"content":{"rendered":"<h2>High Vaping ist eine franz\u00f6sische Marke, die uns in ihrem Sortiment an e-Liquids den Byakug Gan anbietet.<\/h2>\n<p>  Byakug Gan ist eine <strong>fruchtige<\/strong> e-Liquid, die von High Vaping entwickelt wurde.    Als der Anf\u00fchrer der Krieger des kleinen Dorfes im Nebel von seinen siegreichen Eroberungen zur\u00fcckkehrte, brachte er eine geheimnisvolle Frucht namens <strong>Ramboutan<\/strong> mit. Er lie\u00df ihn versehentlich in einen verzauberten Fluss fallen, der aus einem riesigen <strong>Kaktus<\/strong> entsprang, wodurch er sich in ein <strong>gefrorenes Elixier<\/strong> verwandelte. Wir haben eine Flasche davon genommen und f\u00fcr Sie diese <strong>ultra-erfrischende<\/strong> Liquids kreiert, die ideal f\u00fcr hei\u00dfe Tage sind. Sie werden Ihren Pupillen nicht trauen.  <\/p>\n<p>  Hergestellt in Frankreich. PG\/VG Anteil: <strong>30%\/70%<\/strong> Entdecken Sie weitere Produkte der Marke <a href=\"\/marque\/highvaping\/\" target=\"_blank\" rel=\"noopener\">High Vaping<\/a>. Erhalten Sie Rabatte oder die neuesten Informationen \u00fcber unsere Produkte, indem Sie uns auf unseren sozialen Netzwerken folgen: <a href=\"https:\/\/www.facebook.com\/VapeAigleCH\" target=\"_blank\" rel=\"noopener\">Facebook<\/a> oder <a href=\"https:\/\/www.instagram.com\/vapotheque\" target=\"_blank\" rel=\"noopener\">Instagram<\/a>.<\/p>\n","protected":false},"excerpt":{"rendered":"<p>High Vaping ist eine franz\u00f6sische Marke, die uns in ihrem Sortiment an e-Liquids den Byakug Gan anbietet. Byakug Gan ist eine fruchtige e-Liquid, die von High Vaping entwickelt wurde. Als der Anf\u00fchrer der Krieger des kleinen Dorfes im Nebel von seinen siegreichen Eroberungen zur\u00fcckkehrte, brachte er eine geheimnisvolle Frucht namens Ramboutan mit. Er lie\u00df ihn [&hellip;]<\/p>\n","protected":false},"featured_media":20287,"template":"","meta":{"_acf_changed":false},"product_cat":[405,404,442,408],"product_tag":[],"class_list":{"0":"post-20312","1":"product","2":"type-product","3":"status-publish","4":"has-post-thumbnail","6":"product_brand-highvaping-de","7":"product_cat-e-liquids","8":"product_cat-fruchtig","9":"product_cat-hervorgehobene-produkte","10":"product_cat-lieferbar-innerhalb-von-24-stunden-de","12":"first","13":"instock","14":"taxable","15":"shipping-taxable","16":"purchasable","17":"product-type-simple"},"acf":[],"jetpack_sharing_enabled":true,"_links":{"self":[{"href":"https:\/\/vapotheque.ch\/de\/wp-json\/wp\/v2\/product\/20312","targetHints":{"allow":["GET"]}}],"collection":[{"href":"https:\/\/vapotheque.ch\/de\/wp-json\/wp\/v2\/product"}],"about":[{"href":"https:\/\/vapotheque.ch\/de\/wp-json\/wp\/v2\/types\/product"}],"wp:featuredmedia":[{"embeddable":true,"href":"https:\/\/vapotheque.ch\/de\/wp-json\/wp\/v2\/media\/20287"}],"wp:attachment":[{"href":"https:\/\/vapotheque.ch\/de\/wp-json\/wp\/v2\/media?parent=20312"}],"wp:term":[{"taxonomy":"product_cat","embeddable":true,"href":"https:\/\/vapotheque.ch\/de\/wp-json\/wp\/v2\/product_cat?post=20312"},{"taxonomy":"product_tag","embeddable":true,"href":"https:\/\/vapotheque.ch\/de\/wp-json\/wp\/v2\/product_tag?post=20312"}],"curies":[{"name":"wp","href":"https:\/\/api.w.org\/{rel}","templated":true}]}}