{"id":20255,"date":"2022-12-23T13:03:20","date_gmt":"2022-12-23T12:03:20","guid":{"rendered":"https:\/\/vapotheque.ch\/boutique\/high-vaping-die-5-saison-e-liquid\/"},"modified":"2024-10-04T13:49:13","modified_gmt":"2024-10-04T11:49:13","slug":"high-vaping-die-5-saison-e-liquid","status":"publish","type":"product","link":"https:\/\/vapotheque.ch\/de\/shop\/high-vaping-die-5-saison-e-liquid\/","title":{"rendered":"High Vaping &#8211; Die 5. Saison E-Liquid"},"content":{"rendered":"<h2>High Vaping hat beschlossen, La 5\u00e8me Saison, sein neues Gourmet-E-Liquid, zu kreieren!<\/h2>\n<p>  Der E-Liquid La 5\u00e8me Saison von High Vaping verl\u00e4ngert das Jahr mit Bravour! Nehmen wir uns diese zus\u00e4tzliche Zeit, um ein k\u00f6stliches <strong>Popcorn<\/strong> zu genie\u00dfen, das mit der besten <strong>Vanille<\/strong> gemixt und mit Noten von <strong>N\u00fcssen<\/strong> bestreut wurde. Ein wahrer Genuss f\u00fcr den Gaumen! &nbsp; Wichtig: Mit Aromen angereichertes Eliquid, verkauft in einem<strong>60ml<\/strong> Fl\u00e4schchen. Hergestellt in Frankreich. PG\/VG Anteil: <strong>50%\/50%<\/strong> Entdecken Sie weitere Produkte der Marke <a href=\"\/marque\/highvaping\/\" target=\"_blank\" rel=\"noopener\">High Vaping<\/a>. Erhalten Sie Rabatte oder die neuesten Informationen \u00fcber unsere Produkte, indem Sie uns auf unseren sozialen Netzwerken folgen: <a href=\"https:\/\/www.facebook.com\/VapeAigleCH\" target=\"_blank\" rel=\"noopener\">Facebook<\/a> oder <a href=\"https:\/\/www.instagram.com\/vapotheque\" target=\"_blank\" rel=\"noopener\">Instagram<\/a>.<\/p>\n","protected":false},"excerpt":{"rendered":"<p>High Vaping hat beschlossen, La 5\u00e8me Saison, sein neues Gourmet-E-Liquid, zu kreieren! Der E-Liquid La 5\u00e8me Saison von High Vaping verl\u00e4ngert das Jahr mit Bravour! Nehmen wir uns diese zus\u00e4tzliche Zeit, um ein k\u00f6stliches Popcorn zu genie\u00dfen, das mit der besten Vanille gemixt und mit Noten von N\u00fcssen bestreut wurde. Ein wahrer Genuss f\u00fcr den [&hellip;]<\/p>\n","protected":false},"featured_media":20254,"template":"","meta":{"_acf_changed":false},"product_cat":[405,397,442,408,1685,1679],"product_tag":[],"class_list":{"0":"post-20255","1":"product","2":"type-product","3":"status-publish","4":"has-post-thumbnail","6":"product_brand-highvaping-de","7":"product_cat-e-liquids","8":"product_cat-gourmands-de","9":"product_cat-hervorgehobene-produkte","10":"product_cat-lieferbar-innerhalb-von-24-stunden-de","11":"product_cat-50-ml-fur-60-ml","12":"product_cat-menge-e-flussigkeit-kapazitat-flasche","14":"first","15":"instock","16":"taxable","17":"shipping-taxable","18":"purchasable","19":"product-type-simple"},"acf":[],"jetpack_sharing_enabled":true,"_links":{"self":[{"href":"https:\/\/vapotheque.ch\/de\/wp-json\/wp\/v2\/product\/20255","targetHints":{"allow":["GET"]}}],"collection":[{"href":"https:\/\/vapotheque.ch\/de\/wp-json\/wp\/v2\/product"}],"about":[{"href":"https:\/\/vapotheque.ch\/de\/wp-json\/wp\/v2\/types\/product"}],"wp:featuredmedia":[{"embeddable":true,"href":"https:\/\/vapotheque.ch\/de\/wp-json\/wp\/v2\/media\/20254"}],"wp:attachment":[{"href":"https:\/\/vapotheque.ch\/de\/wp-json\/wp\/v2\/media?parent=20255"}],"wp:term":[{"taxonomy":"product_cat","embeddable":true,"href":"https:\/\/vapotheque.ch\/de\/wp-json\/wp\/v2\/product_cat?post=20255"},{"taxonomy":"product_tag","embeddable":true,"href":"https:\/\/vapotheque.ch\/de\/wp-json\/wp\/v2\/product_tag?post=20255"}],"curies":[{"name":"wp","href":"https:\/\/api.w.org\/{rel}","templated":true}]}}