{"id":19972,"date":"2022-12-10T13:55:23","date_gmt":"2022-12-10T12:55:23","guid":{"rendered":"https:\/\/vapotheque.ch\/boutique\/aspire-nautilus-3s-tank\/"},"modified":"2024-12-04T09:54:23","modified_gmt":"2024-12-04T08:54:23","slug":"aspire-nautilus-3s-tank","status":"publish","type":"product","link":"https:\/\/vapotheque.ch\/de\/shop\/aspire-nautilus-3s-tank\/","title":{"rendered":"Aspire &#8211; Nautilus 3S Tank"},"content":{"rendered":"<h2>Aspire hat seinen ber\u00fchmten Clearomizer f\u00fcr das enge Dampfen neu aufgelegt: den Nautilus 3S Tank!<\/h2>\n<p>Aspire verw\u00f6hnt MTL-Fans und liefert den Nautilus 3S-Panzer aus! Dieser Edelstahltank hat ein Pyrex-Reservoir mit bis zu <strong>4ml<\/strong> Inhalt.<\/p>\n<p>Solide und sorgf\u00e4ltig entworfen, ist diese Nautilus 3S der beste Verb\u00fcndete f\u00fcr Dampfer, die nach Effizienz und Einfachheit suchen. Sie k\u00f6nnen sich auf eine <strong>Top-Fill-F\u00fcllung<\/strong> verlassen, indem Sie das Top Cap zur Seite schieben, und auf ein Gitter, das das Pyrex vor St\u00f6\u00dfen sch\u00fctzt.<\/p>\n<p>Der Hersteller hat an alles gedacht! \u00c4ndern Sie den Widerstand, ohne den Tank leeren zu m\u00fcssen. Dank des <strong>automatischen Schlie\u00dfsystems<\/strong> \u00fcber ein mechanisches Ventil wird es ein Kinderspiel.<\/p>\n<p>Der Clearomizer von Aspire ist mit allen <strong>Nautilus-Widerst\u00e4nden<\/strong> kompatibel, \u00fcbertr\u00e4gt die Aromen pr\u00e4zise und wird die Anh\u00e4nger des <strong>MTL<\/strong>-Dampfens begeistern. Der Nautilus 3S wurde f\u00fcr die indirekte Inhalation entwickelt und verf\u00fcgt \u00fcber eine einstellbare Airflow. Es sind <strong>sieben Einstellungen<\/strong> erlaubt, wodurch sich dieser Clearomizer an alle Dampfstile anpassen kann.<\/p>\n<p>&nbsp;<\/p>\n<p>Wird als Set geliefert :<\/p>\n<ul>\n<li>1 Nautilus 3S<\/li>\n<li>1 Maschenwiderstand 0,3 Ohm<\/li>\n<li>1 Maschenwiderstand 1,0 Ohm<\/li>\n<li>1 Satz Ersatzteile<\/li>\n<li>1 Gebrauchsanweisung<\/li>\n<\/ul>\n<p>&nbsp;<\/p>\n<p>Sehen Sie sich auch andere Produkte der Marke <a href=\"\/product_brand\/aspire\/\" target=\"_blank\" rel=\"noopener\">Aspire<\/a> an.<\/p>\n<p>Erhalte Rabatte oder die neuesten Informationen \u00fcber unsere anderen im Gesch\u00e4ft erh\u00e4ltlichen Produkte, indem du uns auf unseren sozialen Netzwerken folgst: <a href=\"https:\/\/www.facebook.com\/VapeAigleCH\" target=\"_blank\" rel=\"noopener\">Facebook<\/a> oder <a href=\"https:\/\/www.instagram.com\/vapotheque\" target=\"_blank\" rel=\"noopener\">Instagram<\/a>.<\/p>\n","protected":false},"excerpt":{"rendered":"<p>Aspire hat seinen ber\u00fchmten Clearomizer f\u00fcr das enge Dampfen neu aufgelegt: den Nautilus 3S Tank! Aspire verw\u00f6hnt MTL-Fans und liefert den Nautilus 3S-Panzer aus! Dieser Edelstahltank hat ein Pyrex-Reservoir mit bis zu 4ml Inhalt. Solide und sorgf\u00e4ltig entworfen, ist diese Nautilus 3S der beste Verb\u00fcndete f\u00fcr Dampfer, die nach Effizienz und Einfachheit suchen. Sie k\u00f6nnen [&hellip;]<\/p>\n","protected":false},"featured_media":19943,"template":"","meta":{"_acf_changed":false},"product_cat":[440,418,408],"product_tag":[],"class_list":{"0":"post-19972","1":"product","2":"type-product","3":"status-publish","4":"has-post-thumbnail","6":"product_brand-aspire-de","7":"product_cat-atomizer","8":"product_cat-clearomizer","9":"product_cat-lieferbar-innerhalb-von-24-stunden-de","11":"first","12":"instock","13":"taxable","14":"shipping-taxable","15":"purchasable","16":"product-type-variable"},"acf":[],"jetpack_sharing_enabled":true,"_links":{"self":[{"href":"https:\/\/vapotheque.ch\/de\/wp-json\/wp\/v2\/product\/19972","targetHints":{"allow":["GET"]}}],"collection":[{"href":"https:\/\/vapotheque.ch\/de\/wp-json\/wp\/v2\/product"}],"about":[{"href":"https:\/\/vapotheque.ch\/de\/wp-json\/wp\/v2\/types\/product"}],"wp:featuredmedia":[{"embeddable":true,"href":"https:\/\/vapotheque.ch\/de\/wp-json\/wp\/v2\/media\/19943"}],"wp:attachment":[{"href":"https:\/\/vapotheque.ch\/de\/wp-json\/wp\/v2\/media?parent=19972"}],"wp:term":[{"taxonomy":"product_cat","embeddable":true,"href":"https:\/\/vapotheque.ch\/de\/wp-json\/wp\/v2\/product_cat?post=19972"},{"taxonomy":"product_tag","embeddable":true,"href":"https:\/\/vapotheque.ch\/de\/wp-json\/wp\/v2\/product_tag?post=19972"}],"curies":[{"name":"wp","href":"https:\/\/api.w.org\/{rel}","templated":true}]}}