{"id":19666,"date":"2022-12-09T14:15:27","date_gmt":"2022-12-09T13:15:27","guid":{"rendered":"https:\/\/vapotheque.ch\/boutique\/montreal-original-le-canadien-sonderedition-e-liquid\/"},"modified":"2025-11-07T18:19:16","modified_gmt":"2025-11-07T17:19:16","slug":"montreal-original-le-canadien-special-liquid-edition","status":"publish","type":"product","link":"https:\/\/vapotheque.ch\/de\/shop\/montreal-original-le-canadien-special-liquid-edition\/","title":{"rendered":"Montreal Original &#8211; Le Canadien Special Edition E-Liquid 50 ml \/ 70 ml"},"content":{"rendered":"<h2>Montreal Original kehrt mit seiner Sonderedition Le Canadien zu seinen eigenen Wurzeln zur\u00fcck.<\/h2>\n<p>Mit dem E-Liquide Le Canadien, der neuen Sonderedition von Montr\u00e9al Original, reist man \u00fcber den Atlantik, um ihre geschmacklichen Wurzeln zu entdecken. Mit dieser zarten Kreation kommt der Hersteller zur\u00fcck, um seine Meisterschaft bei Classic Liquids perfekt zu sublimieren.<\/p>\n<p>Montreal Original nahm eine <strong>Whiskycreme<\/strong>, die er mit <strong>Ahornsirup<\/strong> betr\u00e4ufeln wollte, bevor er die Bl\u00e4tter des kanadischen <strong>Klassikers<\/strong> darin ziehen lie\u00df. Dieses E-Liquid in der Sonderausgabe wird dann zu einem perfekt ausbalancierten Lik\u00f6r: Le Canadien. Ein gro\u00dfz\u00fcgiges Rezept, das nach Qu\u00e9bec duftet!<\/p>\n<p>Wie bei allen Montreal Original E-Liquids wird der Klassiker, der in der Rezeptur der Le Canadien Special Edition E-Liquid enthalten ist, durch ein einzigartiges Extraktionsverfahren namens &#8220;umgekehrte Osmose&#8221; gewonnen. Die Bl\u00e4tter ziehen in einer Glycerinl\u00f6sung und die resultierende Mischung wird fein gefiltert, um eine Basis mit echtem Classic-Geschmack zu erhalten.<\/p>\n<\/p>\n<p>Wichtig: E-Liquid in <strong>50-ml-Geschmacksrichtungen<\/strong>, verkauft in einer 70-ml-Flasche.<\/p>\n<p class=\"class-fabrication\">Hergestellt in Kanada; PG\/VG-Verh\u00e4ltnis:<strong> 20% \/ 80%<\/strong>.<\/p>\n<\/p>\n<p>Entdecken Sie weitere Produkte der Marke <a href=\"..\/..\/product_brand\/montreal-original\/\" target=\"_blank\" rel=\"noopener\">Montreal Original<\/a>.<\/p>\n<p>Erhalten Sie Rabatte oder die neuesten Informationen zu unseren Produkten, indem Sie uns in unseren sozialen Netzwerken folgen: <a href=\"https:\/\/www.facebook.com\/VapeAigleCH\" target=\"_blank\" rel=\"noopener\">Facebook<\/a> oder <a href=\"https:\/\/www.instagram.com\/vapotheque_aigle\/\" target=\"_blank\" rel=\"noopener\">Instagram<\/a>.<\/p>\n","protected":false},"excerpt":{"rendered":"<p>Montreal Original kehrt mit seiner Sonderedition Le Canadien zu seinen eigenen Wurzeln zur\u00fcck. Mit dem E-Liquide Le Canadien, der neuen Sonderedition von Montr\u00e9al Original, reist man \u00fcber den Atlantik, um ihre geschmacklichen Wurzeln zu entdecken. Mit dieser zarten Kreation kommt der Hersteller zur\u00fcck, um seine Meisterschaft bei Classic Liquids perfekt zu sublimieren. Montreal Original nahm [&hellip;]<\/p>\n","protected":false},"featured_media":47769,"template":"","meta":{"_acf_changed":false},"product_cat":[405,397,442,408,403,1685,1679],"product_tag":[],"class_list":{"0":"post-19666","1":"product","2":"type-product","3":"status-publish","4":"has-post-thumbnail","6":"product_brand-montreal-original-de","7":"product_cat-e-liquids","8":"product_cat-gourmands-de","9":"product_cat-hervorgehobene-produkte","10":"product_cat-lieferbar-innerhalb-von-24-stunden-de","11":"product_cat-tabak","12":"product_cat-50-ml-fur-60-ml","13":"product_cat-menge-e-flussigkeit-kapazitat-flasche","15":"first","16":"instock","17":"taxable","18":"shipping-taxable","19":"purchasable","20":"product-type-simple"},"acf":[],"jetpack_sharing_enabled":true,"_links":{"self":[{"href":"https:\/\/vapotheque.ch\/de\/wp-json\/wp\/v2\/product\/19666","targetHints":{"allow":["GET"]}}],"collection":[{"href":"https:\/\/vapotheque.ch\/de\/wp-json\/wp\/v2\/product"}],"about":[{"href":"https:\/\/vapotheque.ch\/de\/wp-json\/wp\/v2\/types\/product"}],"wp:featuredmedia":[{"embeddable":true,"href":"https:\/\/vapotheque.ch\/de\/wp-json\/wp\/v2\/media\/47769"}],"wp:attachment":[{"href":"https:\/\/vapotheque.ch\/de\/wp-json\/wp\/v2\/media?parent=19666"}],"wp:term":[{"taxonomy":"product_cat","embeddable":true,"href":"https:\/\/vapotheque.ch\/de\/wp-json\/wp\/v2\/product_cat?post=19666"},{"taxonomy":"product_tag","embeddable":true,"href":"https:\/\/vapotheque.ch\/de\/wp-json\/wp\/v2\/product_tag?post=19666"}],"curies":[{"name":"wp","href":"https:\/\/api.w.org\/{rel}","templated":true}]}}