{"id":19246,"date":"2022-11-24T12:39:16","date_gmt":"2022-11-24T11:39:16","guid":{"rendered":"https:\/\/vapotheque.ch\/boutique\/steam-train-thrust-e-liquide\/"},"modified":"2024-12-04T09:54:23","modified_gmt":"2024-12-04T08:54:23","slug":"steam-train-thrust-e-liquid","status":"publish","type":"product","link":"https:\/\/vapotheque.ch\/de\/shop\/steam-train-thrust-e-liquid\/","title":{"rendered":"Steam Train &#8211; Thrust 20 \/ 60 ML E-Liquide"},"content":{"rendered":"<h2>Das E-Liquid Steam Train Thrust, eine der neuesten \u00dcberraschungen der Marke&#8230;<\/h2>\n<p><a href=\"https:\/\/vapotheque.ch\/de\/steam-train-4\/\" target=\"_blank\" rel=\"noopener\">Die Marke Steam Train<\/a> greift auf ihr Know-how mit dem Thrust zur\u00fcck, um uns ein E-Liquid mit einer gewagten und seltenen Mischung aus Fr\u00fcchten anzubieten, die durch einen Schluck Frische verfeinert werden. <strong>Steam Train <\/strong>legt die Messlatte sehr hoch mit diesem neuen Mix aus frischen Fr\u00fcchten!  <strong>Thrust<\/strong> ist ein E-Liquid, das f\u00fcr die Neugierigen unter Ihnen entwickelt wurde, um diese Fruchtmischung zu entdecken. Wenn Sie au\u00dferdem eine k\u00fchle Seite beim Vaporisieren sch\u00e4tzen, dann sind wir da!<\/p>\n<p>Ultimative Kombination von <strong>Kirschen<\/strong> mit <strong>Pflaumen<\/strong>, dieser neue Steam Train weckt Ihre Geschmacksknospen mit einer zus\u00e4tzlichen, sehr angenehmen <strong>Frische<\/strong>! Wenn man Liebhaber von fruchtigen und frischen E-Liquids ist, sollte man ihn unbedingt entdecken!<\/p>\n<p><strong>ACHTUNG: Dieses Produkt ist ein konzentriertes Aroma von 20 ml, das vor Gebrauch verd\u00fcnnt werden muss!<\/strong><\/p>\n<p>&nbsp;<\/p>\n<h3><\/h3>\n<h3>Hilfe beim Boosten Ihres Steam Train Thurst E-Liquide :<\/h3>\n<p>Wenn Sie Ihren Thrust erhalten, m\u00fcssen Sie die Nikotinersatzprodukte hinzuf\u00fcgen. <a href=\"https:\/\/vapotheque.ch\/de\/kategorie\/diy-de\/boosters-diy-de\/\"><strong>Nikotin-Booster<\/strong><\/a> (falls erforderlich) und die <strong><a href=\"https:\/\/vapotheque.ch\/de\/shop\/vapor-flavour-basis-30pg-70vg\/\">PG\/VG-Base<\/a><\/strong> bevor Sie ihn dampfen k\u00f6nnen. Die Flasche, die Sie erhalten, ist mit <strong>20 ml konzentriertem Aroma<\/strong> gef\u00fcllt. In dieser Reihenfolge m\u00fcssen Sie <strong>zuerst die<\/strong> ben\u00f6tigten <strong>Nikotinbooster<\/strong> <strong>und dann die PG\/VG-Basis<\/strong> hinzuf\u00fcgen, um die Flasche zu f\u00fcllen. Um Ihnen zu helfen, die Anzahl der <a href=\"https:\/\/vapotheque.ch\/de\/kategorie\/diy-de\/boosters-diy-de\/\"><strong>Nikotin-Boostern zu helfen.<\/strong><\/a> und der Menge an Glukose <strong><a href=\"https:\/\/vapotheque.ch\/de\/shop\/vapor-flavour-basis-30pg-70vg\/\">PG\/VG-Basis<\/a><\/strong> Nachfolgend finden Sie einige Beispiele: <\/p>\n<ul>\n<li>F\u00fcr 3 mg \/ ml Nikotin m\u00fcssen Sie 1x bestellen. <a href=\"https:\/\/vapotheque.ch\/de\/kategorie\/diy-de\/boosters-diy-de\/\"><strong>Nikotin-Booster<\/strong><\/a> und 1x 100 ML Nikotin. <strong><a href=\"https:\/\/vapotheque.ch\/de\/shop\/vapor-flavour-basis-30pg-70vg\/\">Basis 30 PG \/ 70 VG<\/a><\/strong>. F\u00fcllen Sie den Booster in die E-Liquid-Flasche und f\u00fcllen Sie diese mit der PG\/VG\/VG-Basis auf. <\/li>\n<li>F\u00fcr 6 mg \/ ml Nikotin m\u00fcssen Sie 2x bestellen. <a href=\"https:\/\/vapotheque.ch\/de\/kategorie\/diy-de\/boosters-diy-de\/\"><strong>Nikotin-Booster<\/strong><\/a> und 1x 100 ML Nikotin. <strong><a href=\"https:\/\/vapotheque.ch\/de\/shop\/vapor-flavour-basis-30pg-70vg\/\">Basis 30 PG \/ 70 VG bestellen.<\/a><\/strong>. Geben Sie den Booster in die E-Liquid-Flasche und f\u00fcllen Sie die Flasche mit der Basis PG \/ VG \/ VG auf. <\/li>\n<li>F\u00fcr 9 mg \/ ml m\u00fcssen Sie 3x bestellen. <a href=\"https:\/\/vapotheque.ch\/de\/kategorie\/diy-de\/boosters-diy-de\/\"><strong>Nikotin-Booster<\/strong><\/a> und 1x 100 ML von <strong><a href=\"https:\/\/vapotheque.ch\/de\/shop\/vapor-flavour-basis-30pg-70vg\/\">Basis 30 PG \/ 70 VG bestellen.<\/a><\/strong>. Geben Sie den Booster in die E-Liquid-Flasche und f\u00fcllen Sie diese mit der Basis PG \/ VG \/ VG auf. <\/li>\n<\/ul>\n<p><strong>So geht es weiter, bis das maximale Volumen der Flasche erreicht ist.<\/strong><\/p>\n<p><strong>Sollte nach dem Ausf\u00fcllen der Flasche noch etwas Basis vorhanden sein, bewahren Sie diese bitte dunkel und bei Raumtemperatur auf. Sie k\u00f6nnen sie bei Ihrer n\u00e4chsten Bestellung verwenden. <\/strong><\/p>\n<p>&nbsp;<\/p>\n<p>Wichtig: Mit Aromen angereicherte E-Liquids, die in einer 60-ml-Flasche verkauft werden.<\/p>\n<p class=\"class-fabrication\">Hergestellt in Griechenland; Dosierung: 100 % PG.<\/p>\n<p>Entdecken Sie weitere Produkte der Marke  <a href=\"https:\/\/vapotheque.ch\/de\/steam-train-4\/\" target=\"_blank\" rel=\"noopener\">Steam Train<\/a>.<\/p>\n<p>Erhalten Sie Rabatte oder die neuesten Informationen \u00fcber den Steam Train, indem Sie uns auf <a href=\"https:\/\/www.facebook.com\/VapeAigleCH\" target=\"_blank\" rel=\"noopener\">Facebook<\/a> oder <a href=\"https:\/\/www.instagram.com\/vapotheque\" target=\"_blank\" rel=\"noopener\">Instagram<\/a> folgen.<\/p>\n","protected":false},"excerpt":{"rendered":"<p><strong>Wie Sie die Booster richtig zu Ihrem Produkt hinzuf\u00fcgen, erfahren Sie in der nachfolgenden Beschreibung.<\/strong><\/p>\n","protected":false},"featured_media":19219,"template":"","meta":{"_acf_changed":false},"product_cat":[405,404,442,408,1681,1679],"product_tag":[],"class_list":{"0":"post-19246","1":"product","2":"type-product","3":"status-publish","4":"has-post-thumbnail","6":"product_brand-steam-train-de","7":"product_cat-e-liquids","8":"product_cat-fruchtig","9":"product_cat-hervorgehobene-produkte","10":"product_cat-lieferbar-innerhalb-von-24-stunden-de","11":"product_cat-20-ml-fur-60-ml","12":"product_cat-menge-e-flussigkeit-kapazitat-flasche","14":"first","15":"instock","16":"taxable","17":"shipping-taxable","18":"purchasable","19":"product-type-simple"},"acf":[],"jetpack_sharing_enabled":true,"_links":{"self":[{"href":"https:\/\/vapotheque.ch\/de\/wp-json\/wp\/v2\/product\/19246","targetHints":{"allow":["GET"]}}],"collection":[{"href":"https:\/\/vapotheque.ch\/de\/wp-json\/wp\/v2\/product"}],"about":[{"href":"https:\/\/vapotheque.ch\/de\/wp-json\/wp\/v2\/types\/product"}],"wp:featuredmedia":[{"embeddable":true,"href":"https:\/\/vapotheque.ch\/de\/wp-json\/wp\/v2\/media\/19219"}],"wp:attachment":[{"href":"https:\/\/vapotheque.ch\/de\/wp-json\/wp\/v2\/media?parent=19246"}],"wp:term":[{"taxonomy":"product_cat","embeddable":true,"href":"https:\/\/vapotheque.ch\/de\/wp-json\/wp\/v2\/product_cat?post=19246"},{"taxonomy":"product_tag","embeddable":true,"href":"https:\/\/vapotheque.ch\/de\/wp-json\/wp\/v2\/product_tag?post=19246"}],"curies":[{"name":"wp","href":"https:\/\/api.w.org\/{rel}","templated":true}]}}