{"id":19244,"date":"2022-11-24T12:03:14","date_gmt":"2022-11-24T11:03:14","guid":{"rendered":"https:\/\/vapotheque.ch\/boutique\/steam-train-zielort-e-liquide\/"},"modified":"2024-12-04T09:54:16","modified_gmt":"2024-12-04T08:54:16","slug":"steam-train-destination-e-liquid","status":"publish","type":"product","link":"https:\/\/vapotheque.ch\/de\/shop\/steam-train-destination-e-liquid\/","title":{"rendered":"Steam Train &#8211; Destination 20 \/ 60 ML E-Liquid"},"content":{"rendered":"<h2>Steam Train kommt mit diesem neuen E-Liquide nach Destination&#8230;<\/h2>\n<p><a href=\"https:\/\/vapotheque.ch\/de\/steam-train-4\/\" target=\"_blank\" rel=\"noopener\">Die Marke Steam Train<\/a> nimmt uns mit dem Destination und seinen kr\u00e4ftigen und schmackhaften Fruchtnoten mit einem Hauch von Frische in diesem E-Liquid mit in die Tropen. <strong>Steam Train <\/strong>schl\u00e4gt wieder einmal zu mit dieser extrem gut ausgewogenen fruchtigen Mischung!  <strong>Destination<\/strong>, ein E-Liquid, das f\u00fcr alle Dampfer gemacht ist, die exotische Geschmacksrichtungen lieben. Wenn du au\u00dferdem eine frische Note beim Dampfen sch\u00e4tzt, wird Destination perfekt f\u00fcr dich sein!<\/p>\n<p>Wie gewohnt exzellent, enth\u00fcllt Steam Train hier eine absolute Ausgewogenheit zwischen<strong>Ananas<\/strong>, <strong>Passionsfrucht<\/strong> und<strong>Orange<\/strong>. Begleitet von seiner <strong>frischen<\/strong> Note l\u00e4sst er sich ohne M\u00e4\u00dfigung und ohne Zwang vapen!<\/p>\n<p><strong>ACHTUNG: Dieses Produkt ist ein konzentriertes Aroma von 20 ml, das vor Gebrauch verd\u00fcnnt werden muss!<\/strong><\/p>\n<p>&nbsp;<\/p>\n<h3><\/h3>\n<h3>Hilfe beim Boosten Ihres Steam Train Destination E-Liquide :<\/h3>\n<p>Wenn Sie Ihr Reiseziel erhalten, m\u00fcssen Sie die Nikotinersatzprodukte hinzuf\u00fcgen. <a href=\"https:\/\/vapotheque.ch\/de\/kategorie\/diy-de\/boosters-diy-de\/\"><strong>Nikotin-Booster<\/strong><\/a> (falls erforderlich) und die <strong><a href=\"https:\/\/vapotheque.ch\/de\/shop\/vapor-flavour-basis-30pg-70vg\/\">PG\/VG-Base<\/a><\/strong> bevor Sie es rauchen k\u00f6nnen. Die Flasche, die Sie erhalten, ist mit <strong>20 ml konzentriertem Aroma<\/strong> gef\u00fcllt. In dieser Reihenfolge m\u00fcssen Sie <strong>zuerst die<\/strong> ben\u00f6tigten <strong>Nikotinbooster<\/strong> <strong>und dann die PG\/VG-Basis<\/strong> hinzuf\u00fcgen, um die Flasche zu f\u00fcllen. Um Ihnen zu helfen, die Anzahl der <a href=\"https:\/\/vapotheque.ch\/de\/kategorie\/diy-de\/boosters-diy-de\/\"><strong>Nikotin-Boostern zu helfen.<\/strong><\/a> und der Menge an Glukose <strong><a href=\"https:\/\/vapotheque.ch\/de\/shop\/vapor-flavour-basis-30pg-70vg\/\">PG\/VG-Basis<\/a><\/strong> Nachfolgend finden Sie einige Beispiele: <\/p>\n<ul>\n<li>F\u00fcr 3 mg \/ ml Nikotin m\u00fcssen Sie 1x bestellen. <a href=\"https:\/\/vapotheque.ch\/de\/kategorie\/diy-de\/boosters-diy-de\/\"><strong>Nikotin-Booster<\/strong><\/a> und 1x 100 ML Nikotin. <strong><a href=\"https:\/\/vapotheque.ch\/de\/shop\/vapor-flavour-basis-30pg-70vg\/\">Basis 30 PG \/ 70 VG<\/a><\/strong>. F\u00fcllen Sie den Booster in die E-Liquid-Flasche und f\u00fcllen Sie diese mit der PG\/VG\/VG-Basis auf. <\/li>\n<li>F\u00fcr 6 mg \/ ml Nikotin m\u00fcssen Sie 2x bestellen. <a href=\"https:\/\/vapotheque.ch\/de\/kategorie\/diy-de\/boosters-diy-de\/\"><strong>Nikotin-Booster<\/strong><\/a> und 1x 100 ML Nikotin. <strong><a href=\"https:\/\/vapotheque.ch\/de\/shop\/vapor-flavour-basis-30pg-70vg\/\">Basis 30 PG \/ 70 VG bestellen.<\/a><\/strong>. Geben Sie den Booster in die E-Liquid-Flasche und f\u00fcllen Sie die Flasche mit der Basis PG \/ VG \/ VG auf. <\/li>\n<li>F\u00fcr 9 mg \/ ml m\u00fcssen Sie 3x bestellen. <a href=\"https:\/\/vapotheque.ch\/de\/kategorie\/diy-de\/boosters-diy-de\/\"><strong>Nikotin-Booster<\/strong><\/a> und 1x 100 ML von <strong><a href=\"https:\/\/vapotheque.ch\/de\/shop\/vapor-flavour-basis-30pg-70vg\/\">Basis 30 PG \/ 70 VG bestellen.<\/a><\/strong>. Geben Sie den Booster in die E-Liquid-Flasche und f\u00fcllen Sie diese mit der Basis PG \/ VG \/ VG auf. <\/li>\n<\/ul>\n<p><strong>So geht es weiter, bis das maximale Volumen der Flasche erreicht ist.<\/strong><\/p>\n<p><strong>Sollte nach dem Ausf\u00fcllen der Flasche noch etwas Basis vorhanden sein, bewahren Sie diese bitte dunkel und bei Raumtemperatur auf. Sie k\u00f6nnen sie bei Ihrer n\u00e4chsten Bestellung verwenden. <\/strong><\/p>\n<p>&nbsp;<\/p>\n<p>Wichtig: Mit Aromen angereicherte E-Liquids, die in einer 60-ml-Flasche verkauft werden.<\/p>\n<p class=\"class-fabrication\">Hergestellt in Griechenland; Dosierung: 100 % PG.<\/p>\n<p>Entdecken Sie weitere Produkte der Marke  <a href=\"https:\/\/vapotheque.ch\/de\/steam-train-4\/\" target=\"_blank\" rel=\"noopener\">Steam Train<\/a>.<\/p>\n<p>Erhalten Sie Rabatte oder die neuesten Informationen \u00fcber den Steam Train, indem Sie uns auf <a href=\"https:\/\/www.facebook.com\/VapeAigleCH\" target=\"_blank\" rel=\"noopener\">Facebook<\/a> oder <a href=\"https:\/\/www.instagram.com\/vapotheque\" target=\"_blank\" rel=\"noopener\">Instagram<\/a> folgen.<\/p>\n","protected":false},"excerpt":{"rendered":"<p><strong>Wie Sie die Booster richtig zu Ihrem Produkt hinzuf\u00fcgen, erfahren Sie in der nachfolgenden Beschreibung.<\/strong><\/p>\n","protected":false},"featured_media":19212,"template":"","meta":{"_acf_changed":false},"product_cat":[405,404,442,408,1681,1679],"product_tag":[],"class_list":{"0":"post-19244","1":"product","2":"type-product","3":"status-publish","4":"has-post-thumbnail","6":"product_brand-steam-train-de","7":"product_cat-e-liquids","8":"product_cat-fruchtig","9":"product_cat-hervorgehobene-produkte","10":"product_cat-lieferbar-innerhalb-von-24-stunden-de","11":"product_cat-20-ml-fur-60-ml","12":"product_cat-menge-e-flussigkeit-kapazitat-flasche","14":"first","15":"instock","16":"taxable","17":"shipping-taxable","18":"purchasable","19":"product-type-simple"},"acf":[],"jetpack_sharing_enabled":true,"_links":{"self":[{"href":"https:\/\/vapotheque.ch\/de\/wp-json\/wp\/v2\/product\/19244","targetHints":{"allow":["GET"]}}],"collection":[{"href":"https:\/\/vapotheque.ch\/de\/wp-json\/wp\/v2\/product"}],"about":[{"href":"https:\/\/vapotheque.ch\/de\/wp-json\/wp\/v2\/types\/product"}],"wp:featuredmedia":[{"embeddable":true,"href":"https:\/\/vapotheque.ch\/de\/wp-json\/wp\/v2\/media\/19212"}],"wp:attachment":[{"href":"https:\/\/vapotheque.ch\/de\/wp-json\/wp\/v2\/media?parent=19244"}],"wp:term":[{"taxonomy":"product_cat","embeddable":true,"href":"https:\/\/vapotheque.ch\/de\/wp-json\/wp\/v2\/product_cat?post=19244"},{"taxonomy":"product_tag","embeddable":true,"href":"https:\/\/vapotheque.ch\/de\/wp-json\/wp\/v2\/product_tag?post=19244"}],"curies":[{"name":"wp","href":"https:\/\/api.w.org\/{rel}","templated":true}]}}