{"id":18517,"date":"2022-10-27T15:44:37","date_gmt":"2022-10-27T13:44:37","guid":{"rendered":"https:\/\/vapotheque.ch\/?post_type=product&#038;p=18517"},"modified":"2025-11-07T17:57:29","modified_gmt":"2025-11-07T16:57:29","slug":"neugierig-ein-morgen-in-paris-e-liquid","status":"publish","type":"product","link":"https:\/\/vapotheque.ch\/de\/shop\/neugierig-ein-morgen-in-paris-e-liquid\/","title":{"rendered":"Curieux &#8211; Un Matin \u00e0 Paris 50 ml \/ 70 ml E-Liquid"},"content":{"rendered":"<h2>Es ist ein Matin \u00c0 Paris, an dem Curieux uns zu einem Fr\u00fchst\u00fcck einl\u00e4dt, um seine neue Kreation zu probieren&#8230;<\/h2>\n<p>Un Matin \u00c0 Paris par Curieux war der Hauptgewinner der Kategorie Classic auf der VapExpo Paris 2022 und ist ein E-Liquid, das f\u00fcr schwieriges Aufwachen gedacht ist. Die kr\u00e4ftigen <strong>Kaffeenoten<\/strong> machen Platz f\u00fcr ein warmes, leckeres <strong>Croissant<\/strong>. Ein Fest f\u00fcr den Gaumen!<\/p>\n<p>Das von Curieux aus pflanzlichen Rohstoffen hergestellte E-Liquid Un Matin \u00c0 Paris besteht zu 40% aus Vegetol und zu 60% aus pflanzlichem Glyzerin. Dieses Produkt sorgt f\u00fcr einen dichten, weichen Dampf im Mund.<\/p>\n<p class=\"class-fabrication\">Da diese Fl\u00fcssigkeit au\u00dferdem alkoholfrei, frei von Propylenglykol und nicht allergen ist, ist sie ideal f\u00fcr Menschen mit einer PG-Allergie oder Alkoholintoleranz.<\/p>\n<p class=\"class-fabrication\"><strong>Wichtig:<\/strong> E-Liquid in Aromen 50 ml, verkauft in einer 70 ml Flasche.<\/p>\n<p>Hergestellt in Frankreich; VPG \/ VG-Rate: 40\/60.<\/p>\n<p>Entdecken Sie alle Produkte der <strong>Marke <a href=\"..\/..\/product_brand\/curieux\/\" target=\"_blank\" rel=\"noopener\">Curieux<\/a>.<\/strong><\/p>\n<p>Erhalten Sie Rabatte oder die neuesten Informationen \u00fcber unsere Produkte, indem Sie uns in unseren sozialen Netzwerken folgen: <strong><a href=\"https:\/\/www.facebook.com\/VapeAigleCH\" target=\"_blank\" rel=\"noopener\">Facebook<\/a> <\/strong>oder <strong><a href=\"https:\/\/www.instagram.com\/vapotheque\" target=\"_blank\" rel=\"noopener\">Instagram<\/a>.<\/strong><\/p>\n","protected":false},"excerpt":{"rendered":"<p>Un Matin \u00c0 Paris ist das Fr\u00fchst\u00fcck der Champions! Curieux l\u00e4dt uns ein, dieses Gourmet-E-Liquid mit starken <strong>Kaffeenoten<\/strong> zusammen mit einem frisch gebackenen <strong>Croissant<\/strong> zu genie\u00dfen. Lecker!<\/p>\n","protected":false},"featured_media":47717,"template":"","meta":{"_acf_changed":false},"product_cat":[405,397,442,408,1685,1679],"product_tag":[],"class_list":{"0":"post-18517","1":"product","2":"type-product","3":"status-publish","4":"has-post-thumbnail","6":"product_brand-curieux-de","7":"product_cat-e-liquids","8":"product_cat-gourmands-de","9":"product_cat-hervorgehobene-produkte","10":"product_cat-lieferbar-innerhalb-von-24-stunden-de","11":"product_cat-50-ml-fur-60-ml","12":"product_cat-menge-e-flussigkeit-kapazitat-flasche","14":"first","15":"instock","16":"taxable","17":"shipping-taxable","18":"purchasable","19":"product-type-simple"},"acf":[],"jetpack_sharing_enabled":true,"_links":{"self":[{"href":"https:\/\/vapotheque.ch\/de\/wp-json\/wp\/v2\/product\/18517","targetHints":{"allow":["GET"]}}],"collection":[{"href":"https:\/\/vapotheque.ch\/de\/wp-json\/wp\/v2\/product"}],"about":[{"href":"https:\/\/vapotheque.ch\/de\/wp-json\/wp\/v2\/types\/product"}],"wp:featuredmedia":[{"embeddable":true,"href":"https:\/\/vapotheque.ch\/de\/wp-json\/wp\/v2\/media\/47717"}],"wp:attachment":[{"href":"https:\/\/vapotheque.ch\/de\/wp-json\/wp\/v2\/media?parent=18517"}],"wp:term":[{"taxonomy":"product_cat","embeddable":true,"href":"https:\/\/vapotheque.ch\/de\/wp-json\/wp\/v2\/product_cat?post=18517"},{"taxonomy":"product_tag","embeddable":true,"href":"https:\/\/vapotheque.ch\/de\/wp-json\/wp\/v2\/product_tag?post=18517"}],"curies":[{"name":"wp","href":"https:\/\/api.w.org\/{rel}","templated":true}]}}