{"id":18512,"date":"2022-10-27T14:59:15","date_gmt":"2022-10-27T12:59:15","guid":{"rendered":"https:\/\/vapotheque.ch\/?post_type=product&#038;p=18512"},"modified":"2025-11-07T17:54:56","modified_gmt":"2025-11-07T16:54:56","slug":"neugierig-lyon-mon-ptit-bouchon-e-liquide","status":"publish","type":"product","link":"https:\/\/vapotheque.ch\/de\/shop\/neugierig-lyon-mon-ptit-bouchon-e-liquide\/","title":{"rendered":"Curieux &#8211; Lyon Mon Ptit Bouchon 50 ml \/ 70 ml E-Liquid"},"content":{"rendered":"<h2>Lyon Mon Ptit Bouchon de Curieux, was f\u00fcr eine Entdeckung mit diesem E-Liquid&#8230;<\/h2>\n<p>Mit Lyon Mon Ptit Bouchon versucht Curieux, uns mit einer delikaten <strong>Cranberry<\/strong> zu verf\u00fchren, die mit einem Cocktail aus s\u00fc\u00dfen <strong>roten Fr\u00fcchten<\/strong> gemixt wird, der mit einem Hauch von <strong>Frische<\/strong> abgerundet wird. Dieses E-Liquid ist perfekt ausgewogen!<\/p>\n<p>Das von Curieux aus pflanzlichen Rohstoffen hergestellte E-Liquid Lyon Mon Ptit Bouchon besteht zu 40% aus Vegetol und zu 60% aus pflanzlichem Glyzerin. Dieses Produkt sorgt f\u00fcr einen dichten, weichen Dampf im Mund.<\/p>\n<p class=\"class-fabrication\">Da diese Fl\u00fcssigkeit au\u00dferdem alkoholfrei, frei von Propylenglykol und nicht allergen ist, ist sie ideal f\u00fcr Menschen mit einer PG-Allergie oder Alkoholintoleranz.<\/p>\n<p class=\"class-fabrication\"><strong>Wichtig:<\/strong> E-Liquid in Aromen 50 ml, verkauft in einer 70 ml Flasche.<\/p>\n<p>Hergestellt in Frankreich; VPG \/ VG-Rate: 40\/60.<\/p>\n<p>Entdecken Sie alle Produkte der <strong>Marke <a href=\"..\/..\/product_brand\/curieux\/\" target=\"_blank\" rel=\"noopener\">Curieux<\/a>.<\/strong><\/p>\n<p>Erhalten Sie Rabatte oder die neuesten Informationen \u00fcber unsere Produkte, indem Sie uns in unseren sozialen Netzwerken folgen: <strong><a href=\"https:\/\/www.facebook.com\/VapeAigleCH\" target=\"_blank\" rel=\"noopener\">Facebook<\/a> <\/strong>oder <strong><a href=\"https:\/\/www.instagram.com\/vapotheque\" target=\"_blank\" rel=\"noopener\">Instagram<\/a>.<\/strong><\/p>\n","protected":false},"excerpt":{"rendered":"<p>Die delikate Verbindung von <strong>Cranberry<\/strong> mit einem Cocktail aus <strong>roten Fr\u00fcchten<\/strong> macht Lyon Mon Ptit Bouchon zu einem <strong>fruchtig-frischen<\/strong> Gleichgewicht. Originell und verf\u00fchrerisch die ptit E-Liquids von Curieux.<\/p>\n","protected":false},"featured_media":47707,"template":"","meta":{"_acf_changed":false},"product_cat":[405,404,442,408,1685,1679],"product_tag":[],"class_list":{"0":"post-18512","1":"product","2":"type-product","3":"status-publish","4":"has-post-thumbnail","6":"product_brand-curieux-de","7":"product_cat-e-liquids","8":"product_cat-fruchtig","9":"product_cat-hervorgehobene-produkte","10":"product_cat-lieferbar-innerhalb-von-24-stunden-de","11":"product_cat-50-ml-fur-60-ml","12":"product_cat-menge-e-flussigkeit-kapazitat-flasche","14":"first","15":"instock","16":"taxable","17":"shipping-taxable","18":"purchasable","19":"product-type-simple"},"acf":[],"jetpack_sharing_enabled":true,"_links":{"self":[{"href":"https:\/\/vapotheque.ch\/de\/wp-json\/wp\/v2\/product\/18512","targetHints":{"allow":["GET"]}}],"collection":[{"href":"https:\/\/vapotheque.ch\/de\/wp-json\/wp\/v2\/product"}],"about":[{"href":"https:\/\/vapotheque.ch\/de\/wp-json\/wp\/v2\/types\/product"}],"wp:featuredmedia":[{"embeddable":true,"href":"https:\/\/vapotheque.ch\/de\/wp-json\/wp\/v2\/media\/47707"}],"wp:attachment":[{"href":"https:\/\/vapotheque.ch\/de\/wp-json\/wp\/v2\/media?parent=18512"}],"wp:term":[{"taxonomy":"product_cat","embeddable":true,"href":"https:\/\/vapotheque.ch\/de\/wp-json\/wp\/v2\/product_cat?post=18512"},{"taxonomy":"product_tag","embeddable":true,"href":"https:\/\/vapotheque.ch\/de\/wp-json\/wp\/v2\/product_tag?post=18512"}],"curies":[{"name":"wp","href":"https:\/\/api.w.org\/{rel}","templated":true}]}}