{"id":18501,"date":"2022-10-27T12:29:08","date_gmt":"2022-10-27T10:29:08","guid":{"rendered":"https:\/\/vapotheque.ch\/?post_type=product&#038;p=18501"},"modified":"2025-11-19T13:12:02","modified_gmt":"2025-11-19T12:12:02","slug":"curieux-lille-war-einmal-fluessig","status":"publish","type":"product","link":"https:\/\/vapotheque.ch\/de\/shop\/curieux-lille-war-einmal-fluessig\/","title":{"rendered":"Curieux &#8211; Lille Etait une Fois 50 ml \/ 70 ml E-Liquid"},"content":{"rendered":"<h2>Lille Etait Une Fois eine neue Reise mit diesem E-Liquid aus der Reihe Hexagone von Curieux&#8230;<\/h2>\n<p>Das E-Liquid Lille Etait Une Fois par Curieux wurde aus einer Lust am Schlemmen geboren und repr\u00e4sentiert noch immer den Norden Frankreichs. Diese bet\u00f6rende Mischung aus einer knusprigen <strong>Waffel<\/strong>, flie\u00dfendem <strong>Karamell<\/strong> und <strong>Pekannuss-Splittern <\/strong>zeigt wieder einmal, dass die einfachsten Leckereien die besten sind.<\/p>\n<p>Das von Curieux aus pflanzlichen Rohstoffen hergestellte E-Liquid Lille Etait Une Fois besteht zu 40% aus Vegetol und zu 60% aus pflanzlichem Glyzerin. Dieses Produkt sorgt f\u00fcr einen dichten, weichen Dampf im Mund.<\/p>\n<p class=\"class-fabrication\">Da diese Fl\u00fcssigkeit au\u00dferdem alkoholfrei, frei von Propylenglykol und nicht allergen ist, ist sie ideal f\u00fcr Menschen mit einer PG-Allergie oder Alkoholintoleranz.<\/p>\n<p class=\"class-fabrication\"><strong>Wichtig:<\/strong> E-Liquid in Aromen 50 ml, verkauft in einer 70 ml Flasche.<\/p>\n<p>Hergestellt in Frankreich; VPG \/ VG-Rate: 40\/60.<\/p>\n<p>Entdecken Sie alle Produkte der <strong>Marke <a href=\"..\/..\/product_brand\/curieux\/\" target=\"_blank\" rel=\"noopener\">Curieux<\/a>.<\/strong><\/p>\n<p>Erhalten Sie Rabatte oder die neuesten Informationen \u00fcber unsere Produkte, indem Sie uns in unseren sozialen Netzwerken folgen: <strong><a href=\"https:\/\/www.facebook.com\/VapeAigleCH\" target=\"_blank\" rel=\"noopener\">Facebook<\/a> <\/strong>oder <strong><a href=\"https:\/\/www.instagram.com\/vapotheque\" target=\"_blank\" rel=\"noopener\">Instagram<\/a>.<\/strong><\/p>\n","protected":false},"excerpt":{"rendered":"<p>Lille Etait Une Une fois, eine <strong>Waffel<\/strong>, die gro\u00dfz\u00fcgig mit <strong>Karamell<\/strong> betr\u00e4ufelt und mit <strong>Pekannuss-Splittern<\/strong> bestreut wird. Genie\u00dfen Sie den Neuzugang in der Reihe Hexagon von Curieux.<\/p>\n","protected":false},"featured_media":47705,"template":"","meta":{"_acf_changed":false},"product_cat":[405,397,442,408,1685,1679],"product_tag":[],"class_list":{"0":"post-18501","1":"product","2":"type-product","3":"status-publish","4":"has-post-thumbnail","6":"product_brand-curieux-de","7":"product_cat-e-liquids","8":"product_cat-gourmands-de","9":"product_cat-hervorgehobene-produkte","10":"product_cat-lieferbar-innerhalb-von-24-stunden-de","11":"product_cat-50-ml-fur-60-ml","12":"product_cat-menge-e-flussigkeit-kapazitat-flasche","14":"first","15":"instock","16":"taxable","17":"shipping-taxable","18":"purchasable","19":"product-type-simple"},"acf":[],"jetpack_sharing_enabled":true,"_links":{"self":[{"href":"https:\/\/vapotheque.ch\/de\/wp-json\/wp\/v2\/product\/18501","targetHints":{"allow":["GET"]}}],"collection":[{"href":"https:\/\/vapotheque.ch\/de\/wp-json\/wp\/v2\/product"}],"about":[{"href":"https:\/\/vapotheque.ch\/de\/wp-json\/wp\/v2\/types\/product"}],"wp:featuredmedia":[{"embeddable":true,"href":"https:\/\/vapotheque.ch\/de\/wp-json\/wp\/v2\/media\/47705"}],"wp:attachment":[{"href":"https:\/\/vapotheque.ch\/de\/wp-json\/wp\/v2\/media?parent=18501"}],"wp:term":[{"taxonomy":"product_cat","embeddable":true,"href":"https:\/\/vapotheque.ch\/de\/wp-json\/wp\/v2\/product_cat?post=18501"},{"taxonomy":"product_tag","embeddable":true,"href":"https:\/\/vapotheque.ch\/de\/wp-json\/wp\/v2\/product_tag?post=18501"}],"curies":[{"name":"wp","href":"https:\/\/api.w.org\/{rel}","templated":true}]}}