{"id":18177,"date":"2022-09-21T12:40:33","date_gmt":"2022-09-21T10:40:33","guid":{"rendered":"https:\/\/vapotheque.ch\/boutique\/steam-train-delizia-100-ml-e-liquid\/"},"modified":"2024-12-04T09:54:12","modified_gmt":"2024-12-04T08:54:12","slug":"steam-train-delizia-100-ml-e-liquid","status":"publish","type":"product","link":"https:\/\/vapotheque.ch\/de\/shop\/steam-train-delizia-100-ml-e-liquid\/","title":{"rendered":"Steam Train &#8211; Delizia 24 \/ 120 ML E-Liquide"},"content":{"rendered":"<h2>Steam Train Delizia 24 \/ 120 ML E-Liquid : Der fruchtige Geschmack, der sich von allen anderen abhebt!<\/h2>\n<p><a href=\"https:\/\/vapotheque.ch\/de\/steam-train-4\/\" target=\"_blank\" rel=\"noopener\">Die<\/a> griechische <a href=\"https:\/\/vapotheque.ch\/de\/steam-train-4\/\" target=\"_blank\" rel=\"noopener\">Marke Steam Train<\/a> wird Sie mit der <strong>Steam Train Delizia 24 \/ 120 ML E-Liquid<\/strong> beeindrucken, wenn Sie fruchtige Aromen mit einer frischen Note in Ihrer E-Liquid m\u00f6gen. <strong>Steam Train<\/strong> bietet Ihnen ein E-Liquid, das exklusiv f\u00fcr Sie entwickelt wurde! Der <strong>Steam train<\/strong> <strong>Delizia<\/strong>, das E-Liquid f\u00fcr alle Dampfer mit Selbstachtung. Wenn Sie Frische beim Verdampfen sch\u00e4tzen, ist die Delizia perfekt, um Sie vollkommen zufrieden zu stellen.<\/p>\n<h2>Delizia 24 \/ 120 ML, Ein E-Liquid, das f\u00fcr Fruchtliebhaber entwickelt wurde.<\/h2>\n<p>Man muss glauben, dass Dampfer bei E-Liquids die Qual der Wahl zwischen den verschiedenen Geschmacksrichtungen haben, die von den Herstellern angeboten werden. Das ist sicherlich der Grund, warum Steam train sich dazu entschlossen hat, diesen neuen Saft mit fruchtigen Aromen zu entwerfen, die \u00fcber jeden Verstand hinausgehen. Obwohl dieses E-Liquid vor allem bei Frauen beliebt ist, kann man davon ausgehen, dass auch M\u00e4nner die s\u00fc\u00dfe Note, die es vermittelt, genie\u00dfen k\u00f6nnen.<\/p>\n<p>Das macht sicher den Unterschied zu anderen Fl\u00fcssigkeiten, die Sie anderswo entdecken k\u00f6nnen. Wenn Sie also Ihren Moment des Dampfens mit einem neuen E-Liquid genie\u00dfen m\u00f6chten, wird der <strong>Steam Train Delizia 24 \/ 120 ML E-Liquid<\/strong> Ihnen erlauben, eine &#8220;Pause&#8221; im Land der tausend und einer Frucht zu machen!<\/p>\n<h3>Ein Saft mit einzigartigen Aromen aus der Old Station-Reihe<\/h3>\n<p>Steam Train hat bei der Entwicklung der Delizia keine halben Sachen gemacht! Dieses E-Liquid ist ein wahres Geschmackskonzentrat aus den Aromen der Fr\u00fcchte, aus denen es besteht. Eine schmackhafte Mischung aus <strong>Waldfr\u00fcchten mit einem intensiven Frischegef\u00fchl<\/strong> kennzeichnen die Authentizit\u00e4t dieses Saftes. Perfekt f\u00fcr Dampfer, die auf der Suche nach einem exotischen Touch in ihrem Liquid sind. Au\u00dferdem werden diese Aromen Ihren Geschmacksknospen beim Vaporisieren Frische verleihen<b>,<\/b> und das \u00fcberall<b>,<\/b> wo Sie sich befinden!<\/p>\n<h2>Ein leicht zu tragender Beh\u00e4lter f\u00fcr den Steam Train Delizia<\/h2>\n<p>Wie die meisten seiner S\u00e4fte bietet Steam train allen Dampfern einen <strong>120ml<\/strong> Beh\u00e4lter an. Mit diesem Beh\u00e4lter ist es viel einfacher, seine-Fl\u00fcssigkeit zu transportieren und seine Nikotindosis nach Lust und Laune hinzuzuf\u00fcgen. Ob im B\u00fcro oder bei einem Ausflug mit Freunden, Ihre e-Liquids werden in jeder Tasche Platz finden. Wenn Sie also nach einem fruchtigen E-Liquid suchen, das Ihnen einen Hauch von Frische verleiht, wird Delizia Sie sicherlich begeistern. So werden Ihre Momente des Vaporisierens zu einem unvergesslichen Erlebnis!<\/p>\n<p>Eine Top-Fl\u00fcssigkeit! Wie \u00fcblich sind die Aromen bei der Delizia da. Entdecken Sie die ganze <strong>Frische<\/strong> einer unwiderstehlichen Mischung aus <strong>perfekt ges\u00fc\u00dften Wildfr\u00fcchten<\/strong> mit einer Welle von <strong>Frische<\/strong> f\u00fcr Ihre Geschmacksknospen. Unbedingt vaporisieren!<\/p>\n<p><strong>ACHTUNG: Dieses Produkt ist ein konzentriertes Aroma von 24 ml, das vor Gebrauch verd\u00fcnnt werden muss!<\/strong><\/p>\n<p>&nbsp;<\/p>\n<h3><\/h3>\n<h3>Hilfe beim Boosten Ihres Delizia E-Liquide :<\/h3>\n<p>Wenn Sie Ihre Delizia erhalten, m\u00fcssen Sie sie mit den <a href=\"https:\/\/vapotheque.ch\/de\/kategorie\/diy-de\/boosters-diy-de\/\"><strong>Nikotin-Booster<\/strong><\/a> (falls erforderlich) und die <strong><a href=\"https:\/\/vapotheque.ch\/de\/shop\/vapor-flavour-basis-30pg-70vg\/\">PG\/VG-Base<\/a><\/strong> bevor Sie es rauchen k\u00f6nnen. Die Flasche, die Sie erhalten, ist mit <strong>24 ml konzentriertem Aroma<\/strong> gef\u00fcllt. In dieser Reihenfolge m\u00fcssen Sie <strong>zuerst die<\/strong> ben\u00f6tigten <strong>Nikotinbooster<\/strong> <strong>und dann die PG\/VG-Basis<\/strong> hinzuf\u00fcgen, um die Flasche zu f\u00fcllen. Um Ihnen zu helfen, die Anzahl der <a href=\"https:\/\/vapotheque.ch\/de\/kategorie\/diy-de\/boosters-diy-de\/\"><strong>Nikotin-Boostern zu helfen.<\/strong><\/a> und der Menge an Glukose <strong><a href=\"https:\/\/vapotheque.ch\/de\/shop\/vapor-flavour-basis-30pg-70vg\/\">PG\/VG-Basis<\/a><\/strong> Nachfolgend finden Sie einige Beispiele: <\/p>\n<ul>\n<li>F\u00fcr 3 mg \/ ml Nikotin m\u00fcssen Sie 2x bestellen. <a href=\"https:\/\/vapotheque.ch\/de\/kategorie\/diy-de\/boosters-diy-de\/\"><strong>Nikotin Booster<\/strong><\/a> und 1x 100 ML Nikotin. <strong><a href=\"https:\/\/vapotheque.ch\/de\/shop\/vapor-flavour-basis-30pg-70vg\/\">Basis 30 PG \/ 70 VG bestellen.<\/a><\/strong>. F\u00fcllen Sie den Booster in die E-Liquid-Flasche und f\u00fcllen Sie die Flasche mit der PG\/VG\/VG-Basis auf. <\/li>\n<li>F\u00fcr 6 mg \/ ml Nikotin m\u00fcssen Sie 4x bestellen. <a href=\"https:\/\/vapotheque.ch\/de\/kategorie\/diy-de\/boosters-diy-de\/\"><strong>Nikotin-Booster<\/strong><\/a> und 1x 100 ML Nikotin. <strong><a href=\"https:\/\/vapotheque.ch\/de\/shop\/vapor-flavour-basis-30pg-70vg\/\">Basis 30 PG \/ 70 VG bestellen.<\/a><\/strong>. Geben Sie den Booster in die E-Liquid-Flasche und f\u00fcllen Sie die Flasche mit der Basis PG \/ VG \/ VG auf. <\/li>\n<li>F\u00fcr 9 mg \/ ml m\u00fcssen Sie 6x bestellen. <a href=\"https:\/\/vapotheque.ch\/de\/kategorie\/diy-de\/boosters-diy-de\/\"><strong>Nikotin-Booster<\/strong><\/a> und 1x 100 ML von <strong><a href=\"https:\/\/vapotheque.ch\/de\/shop\/vapor-flavour-basis-30pg-70vg\/\">Basis 30 PG \/ 70 VG bestellen.<\/a><\/strong>. Geben Sie den Booster in die E-Liquid-Flasche und f\u00fcllen Sie diese mit der PG \/ VG \/ VG-Basis auf. <\/li>\n<\/ul>\n<p><strong>So geht es weiter, bis das maximale Volumen der Flasche erreicht ist.<\/strong><\/p>\n<p><strong>Sollte nach dem Ausf\u00fcllen der Flasche noch etwas Basis vorhanden sein, bewahren Sie diese bitte dunkel und bei Raumtemperatur auf. Sie k\u00f6nnen sie bei Ihrer n\u00e4chsten Bestellung verwenden. <\/strong><\/p>\n<p>&nbsp;<\/p>\n<p>Wichtig: Mit Aromen angereicherte E-Liquids, die in einer 120-ml-Flasche verkauft werden.<\/p>\n<p class=\"class-fabrication\">Hergestellt in Griechenland; Dosierung: 100 % PG.<\/p>\n<p>&nbsp;<\/p>\n<p>Entdecken Sie weitere Produkte der Marke <a href=\"https:\/\/vapotheque.ch\/de\/steam-train-4\/\" target=\"_blank\" rel=\"noopener\">Steam Train<\/a>.<\/p>\n<p>Erhalten Sie Rabatte oder die neuesten Informationen \u00fcber den Steam Train, indem Sie uns auf <a href=\"https:\/\/www.facebook.com\/VapeAigleCH\" target=\"_blank\" rel=\"noopener\">Facebook<\/a> oder <a href=\"https:\/\/www.instagram.com\/vapotheque\" target=\"_blank\" rel=\"noopener\">Instagram<\/a> folgen.<\/p>\n","protected":false},"excerpt":{"rendered":"<p><strong>Wie Sie die Booster richtig zu Ihrem Produkt hinzuf\u00fcgen, erfahren Sie in der nachfolgenden Beschreibung.<\/strong><\/p>\n","protected":false},"featured_media":45610,"template":"","meta":{"_acf_changed":false},"product_cat":[405,404,442,408,1682,1679],"product_tag":[],"class_list":{"0":"post-18177","1":"product","2":"type-product","3":"status-publish","4":"has-post-thumbnail","6":"product_brand-steam-train-de","7":"product_cat-e-liquids","8":"product_cat-fruchtig","9":"product_cat-hervorgehobene-produkte","10":"product_cat-lieferbar-innerhalb-von-24-stunden-de","11":"product_cat-24-ml-fur-120-ml","12":"product_cat-menge-e-flussigkeit-kapazitat-flasche","14":"first","15":"outofstock","16":"taxable","17":"shipping-taxable","18":"purchasable","19":"product-type-simple"},"acf":[],"jetpack_sharing_enabled":true,"_links":{"self":[{"href":"https:\/\/vapotheque.ch\/de\/wp-json\/wp\/v2\/product\/18177","targetHints":{"allow":["GET"]}}],"collection":[{"href":"https:\/\/vapotheque.ch\/de\/wp-json\/wp\/v2\/product"}],"about":[{"href":"https:\/\/vapotheque.ch\/de\/wp-json\/wp\/v2\/types\/product"}],"wp:featuredmedia":[{"embeddable":true,"href":"https:\/\/vapotheque.ch\/de\/wp-json\/wp\/v2\/media\/45610"}],"wp:attachment":[{"href":"https:\/\/vapotheque.ch\/de\/wp-json\/wp\/v2\/media?parent=18177"}],"wp:term":[{"taxonomy":"product_cat","embeddable":true,"href":"https:\/\/vapotheque.ch\/de\/wp-json\/wp\/v2\/product_cat?post=18177"},{"taxonomy":"product_tag","embeddable":true,"href":"https:\/\/vapotheque.ch\/de\/wp-json\/wp\/v2\/product_tag?post=18177"}],"curies":[{"name":"wp","href":"https:\/\/api.w.org\/{rel}","templated":true}]}}