{"id":18176,"date":"2022-09-10T10:44:06","date_gmt":"2022-09-10T08:44:06","guid":{"rendered":"https:\/\/vapotheque.ch\/boutique\/protect-pythagore-e-liquid\/"},"modified":"2024-10-04T14:01:21","modified_gmt":"2024-10-04T12:01:21","slug":"protect-pythagore-e-liquid","status":"publish","type":"product","link":"https:\/\/vapotheque.ch\/de\/shop\/protect-pythagore-e-liquid\/","title":{"rendered":"Protect &#8211; Pythagore E-Liquid"},"content":{"rendered":"<h2>Protect erfreut uns wieder einmal, indem er uns das E-Liquid Pythagoras anbietet!<\/h2>\n<p>Die franz\u00f6sischen Independents der Marke Protect haben mit dem E-Liquid Pythagoras wieder einmal hart zugeschlagen!<\/p>\n<p>In wenigen Worten: Protect setzen sich f\u00fcr den <strong>Schutz der Bienen<\/strong> ein, die als Best\u00e4uberk\u00f6niginnen f\u00fcr das Wohlergehen unseres Planeten unerl\u00e4sslich sind und in den letzten Jahren stark gef\u00e4hrdet sind. Indem Sie ihre Fl\u00fcssigkeiten kaufen, sichern Sie ihnen eine bessere Zukunft in der franz\u00f6sischen Landschaft Okzitaniens.<\/p>\n<p>&nbsp;<\/p>\n<p>Sie alle kennen ihn mit seinem Satz, um zu pr\u00fcfen, ob ein Dreieck rechtwinklig ist.<\/p>\n<p>&nbsp;<\/p>\n<p>Pythagoras (580-495 v. Chr.), ein altgriechischer Mathematiker, zeigte auch, dass der Querschnitt einer Bienenzelle die Form eines Sechsecks hat. Tats\u00e4chlich bewies er, dass es eines der regelm\u00e4\u00dfigen Polygone ist, die ohne Loch oder \u00dcberlagerung zusammengesetzt werden k\u00f6nnen, wie \u00fcbrigens das Quadrat und das rechtwinklige Dreieck.<\/p>\n<p>Wissenschaftler im antiken Griechenland gingen davon aus, dass Bienen die sechseckige Form aus wirtschaftlichen Gr\u00fcnden w\u00e4hlten, das hei\u00dft, sie sparten Wachs.<\/p>\n<p>&nbsp;<\/p>\n<p>????????? ist ein ausgezeichnetes Getr\u00e4nk, um Ihren Durst zu stillen.<\/p>\n<p>Finden Sie in unserer erfrischenden <strong>Limonade<\/strong> den w\u00fcrzigen und frischen Geschmack der <strong>Limette<\/strong>, kombiniert mit der S\u00e4ure der <strong>Zitrone<\/strong> und der Kraft und Intensit\u00e4t der <strong>Kaffernlimette<\/strong>.<\/p>\n<p>Ein Hauch <strong>Honig<\/strong> vers\u00fc\u00dft dieses k\u00f6stliche Getr\u00e4nk.<\/p>\n<p><em><strong>Beteiligt sich an der Finanzierung und Wartung von Bienenst\u00f6cken in Okzitanien.<\/strong><\/em><\/p>\n<p>&nbsp;<\/p>\n<p>Hergestellt in Frankreich.<\/p>\n<p>PG\/VG Anteil: <strong>40\/60<\/strong><\/p>\n<p>Sehen Sie sich alle Produkte der Marke <a href=\"https:\/\/vapotheque.ch\/de\/marque\/protect-de\/\" target=\"_blank\" rel=\"noopener\">Protect<\/a> an.<\/p>\n<p>Erhalten Sie Rabatte oder die neuesten Informationen \u00fcber unsere Produkte, indem Sie uns auf unseren sozialen Netzwerken folgen: <a href=\"https:\/\/www.facebook.com\/VapeAigleCH\" target=\"_blank\" rel=\"noopener\">Facebook<\/a> oder <a href=\"https:\/\/www.instagram.com\/vapotheque\" target=\"_blank\" rel=\"noopener\">Instagram<\/a>.<\/p>\n","protected":false},"excerpt":{"rendered":"<p>Protect erfreut uns wieder einmal, indem er uns das E-Liquid Pythagoras anbietet! Die franz\u00f6sischen Independents der Marke Protect haben mit dem E-Liquid Pythagoras wieder einmal hart zugeschlagen! In wenigen Worten: Protect setzen sich f\u00fcr den Schutz der Bienen ein, die als Best\u00e4uberk\u00f6niginnen f\u00fcr das Wohlergehen unseres Planeten unerl\u00e4sslich sind und in den letzten Jahren stark [&hellip;]<\/p>\n","protected":false},"featured_media":47702,"template":"","meta":{"_acf_changed":false},"product_cat":[405,404,442,408,1686,1679],"product_tag":[],"class_list":{"0":"post-18176","1":"product","2":"type-product","3":"status-publish","4":"has-post-thumbnail","6":"product_brand-protect-de","7":"product_cat-e-liquids","8":"product_cat-fruchtig","9":"product_cat-hervorgehobene-produkte","10":"product_cat-lieferbar-innerhalb-von-24-stunden-de","11":"product_cat-50-ml-fur-70-ml","12":"product_cat-menge-e-flussigkeit-kapazitat-flasche","14":"first","15":"instock","16":"taxable","17":"shipping-taxable","18":"purchasable","19":"product-type-simple"},"acf":[],"jetpack_sharing_enabled":true,"_links":{"self":[{"href":"https:\/\/vapotheque.ch\/de\/wp-json\/wp\/v2\/product\/18176","targetHints":{"allow":["GET"]}}],"collection":[{"href":"https:\/\/vapotheque.ch\/de\/wp-json\/wp\/v2\/product"}],"about":[{"href":"https:\/\/vapotheque.ch\/de\/wp-json\/wp\/v2\/types\/product"}],"wp:featuredmedia":[{"embeddable":true,"href":"https:\/\/vapotheque.ch\/de\/wp-json\/wp\/v2\/media\/47702"}],"wp:attachment":[{"href":"https:\/\/vapotheque.ch\/de\/wp-json\/wp\/v2\/media?parent=18176"}],"wp:term":[{"taxonomy":"product_cat","embeddable":true,"href":"https:\/\/vapotheque.ch\/de\/wp-json\/wp\/v2\/product_cat?post=18176"},{"taxonomy":"product_tag","embeddable":true,"href":"https:\/\/vapotheque.ch\/de\/wp-json\/wp\/v2\/product_tag?post=18176"}],"curies":[{"name":"wp","href":"https:\/\/api.w.org\/{rel}","templated":true}]}}