{"id":17787,"date":"2022-07-22T14:58:31","date_gmt":"2022-07-22T12:58:31","guid":{"rendered":"https:\/\/vapotheque.ch\/boutique\/t-juice-red-astaire-konzentrat-30ml\/"},"modified":"2024-09-30T10:59:39","modified_gmt":"2024-09-30T08:59:39","slug":"t-juice-centric-red-astaire-30ml","status":"publish","type":"product","link":"https:\/\/vapotheque.ch\/de\/shop\/t-juice-centric-red-astaire-30ml\/","title":{"rendered":"T-Juice &#8211; Red Astaire Konzentrat 30ml"},"content":{"rendered":"<h2>Was ist Red Astaire-Konzentrat?<\/h2>\n<p> <b>Red Astaire <\/b>von T-Juice ist ein konzentriertes Aroma in 30 ml, mit dem Sie Ihre Fl\u00fcssigkeit f\u00fcr elektronische Zigaretten im Do-It-Yourself-Verfahren herstellen k\u00f6nnen. Die beste L\u00f6sung, um Geld zu sparen und gleichzeitig <strong>ein fruchtiges Rezept<\/strong> zu dampfen <strong>, das auf der ganzen Welt beliebt ist<\/strong>. T-Juice ist ein englischer Hersteller, der mit dem DIY-Konzentrat Red Astaire die Welt der Dampfer erobert hat. Das Aroma von T-Juice ist eine echte Institution in der Welt der E-Zigaretten und bietet eine reiche Aromenpalette. Dieses DIY-Konzentrat mit einem unschlagbaren Preis-Leistungs-Verh\u00e4ltnis erm\u00f6glicht es allen Dampfern, in ein Meer aus atemberaubend realistischen Aromen einzutauchen. Genauer gesagt ist das Rezept von T-Juice eine umwerfende Mischung aus<strong> roten Fr\u00fcchten<\/strong>, <strong>schwarzen Trauben<\/strong>, <strong>Anis<\/strong>, <strong>Eukalyptus<\/strong> und <strong>Minze<\/strong>! Komplex und <strong>frisch<\/strong>, wurde die Zubereitung von T-Juice schnell zu einem k\u00f6stlichen All-Day f\u00fcr eine Vielzahl von Dampfern. Der Red Astaire ist legend\u00e4r: Sie sollten ihn unbedingt testen!  <strong>Empfohlene Dosierung: 15 % f\u00fcr eine Basis in 50\/50 PG\/VG<\/strong><\/p>\n<h2>Wie verwende ich das Red-Astaire-Aroma?<\/h2>\n<p>  Der <b>Red Astaire <\/b>ist f\u00fcr den DIY-Einsatz konzipiert.  <strong>Er sollte auf keinen Fall<\/strong> unverd\u00fcnnt <strong>konsumiert werden<\/strong>, sondern mit einer PG\/VG-Basis verd\u00fcnnt <strong>werden<\/strong>. Unsere Tipps zur Verwendung finden Sie weiter unten.  <\/p>\n<h3><u>Vorbereitung des Red-Astaire-Konzentrats :<\/u><\/h3>\n<h4>Die Zutaten<\/h4>\n<ul>\n<li>Ein T-Juice Red Astaire Konzentrat 30ml<\/li>\n<li>Eine gebrauchsfertige Basis (PG\/VG), mit oder ohne Nikotin<\/li>\n<\/ul>\n<h4>Das Material<\/h4>\n<ul>\n<li>Eine oder mehrere Plastikflaschen mit dem von Ihnen gew\u00fcnschten Fassungsverm\u00f6gen, um Ihre Zubereitung zu mischen.<\/li>\n<li>Eine Spritze oder Pipette<\/li>\n<li>Schutzhandschuhe<\/li>\n<li>Eine Schutzbrille<\/li>\n<\/ul>\n<h4>Die Vorbereitung<\/h4>\n<ul>\n<li>Waschen Sie sich vor der Handhabung die H\u00e4nde und stellen Sie sicher, dass Sie sich au\u00dferhalb der Reichweite von Kindern auf einer sauberen Arbeitsfl\u00e4che befinden.<\/li>\n<li>Benutzen Sie die Spritze oder eine Pipette, um Ihre leere Flasche mit Basisfl\u00fcssigkeit zu f\u00fcllen (Beispiel: f\u00fcr 50 ml e-Fl\u00fcssigkeit f\u00fcllen Sie 45 ml Basisfl\u00fcssigkeit ein und behalten die restlichen 5 ml f\u00fcr das Aroma).<\/li>\n<li>Benutzen Sie Handschuhe, um Ihre Basis zu handhaben, wenn Sie Nikotin verwenden.<\/li>\n<li>Sch\u00fcttle deine Aromaflasche vor der Verwendung.<\/li>\n<li>F\u00fcgen Sie einige Tropfen Aroma gem\u00e4\u00df der Dosierung hinzu (in diesem Beispiel 5 ml).<\/li>\n<li>Sch\u00fctteln Sie Ihre Mischung etwa zehn Sekunden lang kr\u00e4ftig.<\/li>\n<li>Lassen Sie Ihre Zubereitung einige Tage stehen, damit sich die Aromen entwickeln k\u00f6nnen.<\/li>\n<li>Waschen Sie sich erneut die H\u00e4nde und reinigen Sie Ihre Ausr\u00fcstung sowie Ihre Arbeitsfl\u00e4che.<\/li>\n<\/ul>\n<p>  Ihre DIY-Liquids sind fertig!  <\/p>\n<h4>Die Reifung<\/h4>\n<p>  Um ein perfekt ausgewogenes Ergebnis zu erzielen, empfehlen wir Ihnen, vor der Verwendung Ihrer e-Liquids eine Reifezeit einzuhalten. So erm\u00f6glichen Sie es allen Aromen, sich zu entwickeln und ihr volles Potenzial zu entfalten. F\u00fcr Red Astaire wird eine Reifezeit (oder Steep) von mindestens <strong>48 Stunden<\/strong> empfohlen, aber f\u00fcr ein optimales Ergebnis warten Sie noch <strong>5 Tage<\/strong> l\u00e4nger, dann ist Ihr DIY perfekt! Bei der Entwicklung des Red-Astaire-Konzentrats haben T-Juice jedoch an die Menschen gedacht, die es am n\u00f6tigsten haben. Die T-Juice-Produkte erf\u00fcllen alle in Frankreich geltenden Gesundheitsnormen und entsprechen den Anforderungen der Europ\u00e4ischen Union. Entdecken Sie die anderen Produkte der Marke <a href=\"\/product_brand\/t-juice\/\" target=\"_blank\" rel=\"noopener\">T-Juice<\/a> <a href=\"\/categorie\/diy\/concentre-diy\/\" target=\"_blank\" rel=\"noopener\">Hier<\/a> finden Sie alle unsere Konzentrate. Erhalten Sie Rabatte oder die neuesten Informationen \u00fcber unsere Produkte, indem Sie uns auf unseren sozialen Netzwerken folgen: <a href=\"https:\/\/www.facebook.com\/VapeAigleCH\" target=\"_blank\" rel=\"noopener\">Facebook<\/a> oder <a href=\"https:\/\/www.instagram.com\/vapotheque\" target=\"_blank\" rel=\"noopener\">Instagram<\/a>.<\/p>\n","protected":false},"excerpt":{"rendered":"<p>Was ist Red Astaire-Konzentrat? Red Astaire von T-Juice ist ein konzentriertes Aroma in 30 ml, mit dem Sie Ihre Fl\u00fcssigkeit f\u00fcr elektronische Zigaretten im Do-It-Yourself-Verfahren herstellen k\u00f6nnen. Die beste L\u00f6sung, um Geld zu sparen und gleichzeitig ein fruchtiges Rezept zu dampfen , das auf der ganzen Welt beliebt ist. T-Juice ist ein englischer Hersteller, der [&hellip;]<\/p>\n","protected":false},"featured_media":32179,"template":"","meta":{"_acf_changed":false},"product_cat":[443,442,468,408],"product_tag":[],"class_list":{"0":"post-17787","1":"product","2":"type-product","3":"status-publish","4":"has-post-thumbnail","6":"product_brand-t-juice-de","7":"product_cat-diy-de","8":"product_cat-hervorgehobene-produkte","9":"product_cat-konzentrate","10":"product_cat-lieferbar-innerhalb-von-24-stunden-de","12":"first","13":"instock","14":"taxable","15":"shipping-taxable","16":"purchasable","17":"product-type-simple"},"acf":[],"jetpack_sharing_enabled":true,"_links":{"self":[{"href":"https:\/\/vapotheque.ch\/de\/wp-json\/wp\/v2\/product\/17787","targetHints":{"allow":["GET"]}}],"collection":[{"href":"https:\/\/vapotheque.ch\/de\/wp-json\/wp\/v2\/product"}],"about":[{"href":"https:\/\/vapotheque.ch\/de\/wp-json\/wp\/v2\/types\/product"}],"wp:featuredmedia":[{"embeddable":true,"href":"https:\/\/vapotheque.ch\/de\/wp-json\/wp\/v2\/media\/32179"}],"wp:attachment":[{"href":"https:\/\/vapotheque.ch\/de\/wp-json\/wp\/v2\/media?parent=17787"}],"wp:term":[{"taxonomy":"product_cat","embeddable":true,"href":"https:\/\/vapotheque.ch\/de\/wp-json\/wp\/v2\/product_cat?post=17787"},{"taxonomy":"product_tag","embeddable":true,"href":"https:\/\/vapotheque.ch\/de\/wp-json\/wp\/v2\/product_tag?post=17787"}],"curies":[{"name":"wp","href":"https:\/\/api.w.org\/{rel}","templated":true}]}}