{"id":17783,"date":"2022-07-09T10:16:30","date_gmt":"2022-07-09T08:16:30","guid":{"rendered":"https:\/\/vapotheque.ch\/boutique\/graduierte-flasche-60ml\/"},"modified":"2024-09-30T10:59:27","modified_gmt":"2024-09-30T08:59:27","slug":"flasche-graduee-60ml","status":"publish","type":"product","link":"https:\/\/vapotheque.ch\/de\/shop\/flasche-graduee-60ml\/","title":{"rendered":"Graduierte Flasche 60ML"},"content":{"rendered":"<h2>Bereite deine DIYs in der 60-ml-Messflasche vor.<\/h2>\n<p>  Die <strong>60ml<\/strong> Messflasche ist mit einer neuen <strong>abnehmbaren<\/strong> <strong>Pipette<\/strong> ausgestattet, um ein Auslaufen zu verhindern. Sie m\u00fcssen sich nicht mehr stundenlang abm\u00fchen, um die Pipette zu entfernen&#8230; Egal, welches Aroma du hineinf\u00fcllst, die 60ml-Flaschen passen \u00fcberall hin, in deine Tasche oder in eine Tragetasche, damit dir deine Lieblingsfl\u00fcssigkeit nie ausgeht! Sie brauchen nicht mehr zu \u00fcberlegen, Sie mischen sich einfach etwas zusammen und schon ist alles bereit, um Sie zu begleiten! Die Graduierungen auf der Flasche erleichtern Ihnen das Leben bei der Vorbereitung Ihrer DIYs oder zeigen Ihnen einfach, wie viel Liquid noch verf\u00fcgbar ist.  <\/p>\n<h3>Packung: 60ml.<\/h3>\n<p>&nbsp;  Entdecken Sie alle unsere Produkte f\u00fcr <a href=\"\/categorie\/diy\/materiel-diy?orderby=date\/\" target=\"_blank\" rel=\"noopener\">DIY Material<\/a>. Erhalten Sie Rabatte oder die neuesten Informationen \u00fcber unsere Produkte, indem Sie uns auf unseren sozialen Netzwerken folgen: <a href=\"https:\/\/www.facebook.com\/VapeAigleCH\" target=\"_blank\" rel=\"noopener\">Facebook<\/a> oder <a href=\"https:\/\/www.instagram.com\/vapotheque\" target=\"_blank\" rel=\"noopener\">Instagram<\/a>.<\/p>\n","protected":false},"excerpt":{"rendered":"<p>Bereite deine DIYs in der 60-ml-Messflasche vor. Die 60ml Messflasche ist mit einer neuen abnehmbaren Pipette ausgestattet, um ein Auslaufen zu verhindern. Sie m\u00fcssen sich nicht mehr stundenlang abm\u00fchen, um die Pipette zu entfernen&#8230; Egal, welches Aroma du hineinf\u00fcllst, die 60ml-Flaschen passen \u00fcberall hin, in deine Tasche oder in eine Tragetasche, damit dir deine Lieblingsfl\u00fcssigkeit [&hellip;]<\/p>\n","protected":false},"featured_media":16852,"template":"","meta":{"_acf_changed":false},"product_cat":[443,484,442,408],"product_tag":[],"class_list":{"0":"post-17783","1":"product","2":"type-product","3":"status-publish","4":"has-post-thumbnail","6":"product_brand-bouteille-graduees-de","7":"product_cat-diy-de","8":"product_cat-diy-material","9":"product_cat-hervorgehobene-produkte","10":"product_cat-lieferbar-innerhalb-von-24-stunden-de","12":"first","13":"outofstock","14":"taxable","15":"shipping-taxable","16":"purchasable","17":"product-type-simple"},"acf":[],"jetpack_sharing_enabled":true,"_links":{"self":[{"href":"https:\/\/vapotheque.ch\/de\/wp-json\/wp\/v2\/product\/17783","targetHints":{"allow":["GET"]}}],"collection":[{"href":"https:\/\/vapotheque.ch\/de\/wp-json\/wp\/v2\/product"}],"about":[{"href":"https:\/\/vapotheque.ch\/de\/wp-json\/wp\/v2\/types\/product"}],"wp:featuredmedia":[{"embeddable":true,"href":"https:\/\/vapotheque.ch\/de\/wp-json\/wp\/v2\/media\/16852"}],"wp:attachment":[{"href":"https:\/\/vapotheque.ch\/de\/wp-json\/wp\/v2\/media?parent=17783"}],"wp:term":[{"taxonomy":"product_cat","embeddable":true,"href":"https:\/\/vapotheque.ch\/de\/wp-json\/wp\/v2\/product_cat?post=17783"},{"taxonomy":"product_tag","embeddable":true,"href":"https:\/\/vapotheque.ch\/de\/wp-json\/wp\/v2\/product_tag?post=17783"}],"curies":[{"name":"wp","href":"https:\/\/api.w.org\/{rel}","templated":true}]}}