{"id":17782,"date":"2022-07-22T12:25:45","date_gmt":"2022-07-22T10:25:45","guid":{"rendered":"https:\/\/vapotheque.ch\/boutique\/fuu-death-driver-konzentrat-10ml\/"},"modified":"2024-07-16T12:17:19","modified_gmt":"2024-07-16T10:17:19","slug":"fuu-concentre-death-driver-10ml-2","status":"publish","type":"product","link":"https:\/\/vapotheque.ch\/de\/shop\/fuu-concentre-death-driver-10ml-2\/","title":{"rendered":"Fuu &#8211; Death Driver Konzentrat 10ml"},"content":{"rendered":"<h2>Der <strong>Death River<\/strong> ist ein DIY-Konzentrat aus der Catch The Flavors-Reihe der Marke Fuu.<\/h2>\n<p>Das 10ml Death Driver Konzentrat von Fuu verspricht ein leckeres, weiches und komplexes Rezept, das nat\u00fcrliche <strong>Zitrone<\/strong> mit einem runden <strong>Biskuitteig<\/strong> vermischt.<\/p>\n<p>&nbsp;<\/p>\n<p>Die Aromen des Death Driver sind genau dosiert, um die Subtilit\u00e4t dieser Gourmet-Note beim Dampfen zu w\u00fcrdigen. Fuu hat sich f\u00fcr ein <strong>zitroniges Geb\u00e4ck<\/strong> entschieden, dessen Noten bei Ihnen Kindheitserinnerungen an Ihre Gro\u00dfm\u00fctter wecken werden. Eine effektive Kombination, die sowohl neue Dampfer als auch Experten durch ihre Leichtigkeit und Ausgewogenheit begeistern wird.<\/p>\n<p><strong>Empfohlene Dosierung: 12 % f\u00fcr eine Basis in 50\/50 PG\/VG<\/strong><\/p>\n<h2>Wie verwende ich das Aroma Death Driver?<\/h2>\n<p><strong>Das Death Driver-Konzentrat 10ml<\/strong><b> <\/b>ist f\u00fcr den Gebrauch im Do-it-yourself-Verfahren gedacht. <strong>Er sollte<\/strong> auf keinen Fall unverd\u00fcnnt <strong>konsumiert<\/strong> werden, sondern mit einer PG\/VG-Basis verd\u00fcnnt werden. Alle unsere Tipps zur Verwendung finden Sie unten.<\/p>\n<h3><u>Zubereitung von Fuu&#8217;s 10ml Death Driver Konzentrat :<\/u><\/h3>\n<h4>Die Zutaten<\/h4>\n<ul>\n<li>Ein Fuu Death Driver-Konzentrat 10ml<\/li>\n<li>Eine gebrauchsfertige Basis (PG\/VG), mit oder ohne Nikotin<\/li>\n<\/ul>\n<h4>Das Material<\/h4>\n<ul>\n<li>Eine oder mehrere Plastikflaschen mit dem von Ihnen gew\u00fcnschten Fassungsverm\u00f6gen, um Ihre Zubereitung zu mischen.<\/li>\n<li>Eine Spritze oder Pipette<\/li>\n<li>Schutzhandschuhe<\/li>\n<li>Eine Schutzbrille<\/li>\n<\/ul>\n<h4>Die Vorbereitung<\/h4>\n<ul>\n<li>Waschen Sie sich vor der Handhabung die H\u00e4nde und stellen Sie sicher, dass Sie sich au\u00dferhalb der Reichweite von Kindern auf einer sauberen Arbeitsfl\u00e4che befinden.<\/li>\n<li>Benutzen Sie die Spritze oder eine Pipette, um Ihre leere Flasche mit Basisfl\u00fcssigkeit zu f\u00fcllen (Beispiel: f\u00fcr 50 ml e-Fl\u00fcssigkeit f\u00fcllen Sie 45 ml Basisfl\u00fcssigkeit ein und behalten die restlichen 5 ml f\u00fcr das Aroma).<\/li>\n<li>Benutzen Sie Handschuhe, um Ihre Basis zu handhaben, wenn Sie Nikotin verwenden.<\/li>\n<li>Sch\u00fcttle deine Aromaflasche vor der Verwendung.<\/li>\n<li>F\u00fcgen Sie einige Tropfen Aroma gem\u00e4\u00df der Dosierung hinzu (in diesem Beispiel 5 ml).<\/li>\n<li>Sch\u00fctteln Sie Ihre Mischung etwa zehn Sekunden lang kr\u00e4ftig.<\/li>\n<li>Lassen Sie Ihre Zubereitung einige Tage stehen, damit sich die Aromen entwickeln k\u00f6nnen.<\/li>\n<li>Waschen Sie sich erneut die H\u00e4nde und reinigen Sie Ihre Ausr\u00fcstung sowie Ihre Arbeitsfl\u00e4che.<\/li>\n<\/ul>\n<p>Ihre DIY e-Liquids sind fertig!<\/p>\n<h4>Die Reifung<\/h4>\n<p>Um ein perfekt ausgewogenes Ergebnis zu erzielen, empfehlen wir Ihnen, vor der Verwendung Ihrer e-Liquids eine Reifezeit einzuhalten. So erm\u00f6glichen Sie es allen Aromen, sich zu entwickeln und ihr volles Potenzial zu entfalten.<\/p>\n<p>F\u00fcr den Death Driver wird eine Reifezeit (oder Steep) von mindestens <strong>48 Stunden<\/strong> empfohlen. F\u00fcr eine optimale Wiedergabe empfehlen wir Ihnen, 3 bis 4 Tage l\u00e4nger an einem dunklen und warmen Ort zu warten.<\/p>\n<p>&nbsp;<\/p>\n<p>Die Produkte von Fuu erf\u00fcllen alle in Frankreich geltenden Gesundheitsstandards und entsprechen den Anforderungen der Europ\u00e4ischen Union.<\/p>\n<p>Entdecken Sie weitere Produkte der Marke <a href=\"https:\/\/vapotheque.ch\/de\/produkt_brand\/fuu-de\/\" target=\"_blank\" rel=\"noopener\">Fuu<\/a>!<\/p>\n<p><a href=\"\/categorie\/diy\/concentre-diy\/\" target=\"_blank\" rel=\"noopener\">Hier<\/a> finden Sie alle unsere Konzentrate.<\/p>\n<p>Erhalten Sie Rabatte oder die neuesten Informationen \u00fcber unsere Produkte, indem Sie uns auf unseren sozialen Netzwerken folgen: <a href=\"https:\/\/www.facebook.com\/VapeAigleCH\" target=\"_blank\" rel=\"noopener\">Facebook<\/a> oder <a href=\"https:\/\/www.instagram.com\/vapotheque\" target=\"_blank\" rel=\"noopener\">Instagram<\/a>.<\/p>\n","protected":false},"excerpt":{"rendered":"<p>Der Death River ist ein DIY-Konzentrat aus der Catch The Flavors-Reihe der Marke Fuu. Das 10ml Death Driver Konzentrat von Fuu verspricht ein leckeres, weiches und komplexes Rezept, das nat\u00fcrliche Zitrone mit einem runden Biskuitteig vermischt. &nbsp; Die Aromen des Death Driver sind genau dosiert, um die Subtilit\u00e4t dieser Gourmet-Note beim Dampfen zu w\u00fcrdigen. Fuu [&hellip;]<\/p>\n","protected":false},"featured_media":16912,"template":"","meta":{"_acf_changed":false},"product_cat":[443,442,468,408],"product_tag":[],"class_list":{"0":"post-17782","1":"product","2":"type-product","3":"status-publish","4":"has-post-thumbnail","6":"product_brand-fuu-de","7":"product_cat-diy-de","8":"product_cat-hervorgehobene-produkte","9":"product_cat-konzentrate","10":"product_cat-lieferbar-innerhalb-von-24-stunden-de","12":"first","13":"instock","14":"taxable","15":"shipping-taxable","16":"purchasable","17":"product-type-simple"},"acf":[],"jetpack_sharing_enabled":true,"_links":{"self":[{"href":"https:\/\/vapotheque.ch\/de\/wp-json\/wp\/v2\/product\/17782","targetHints":{"allow":["GET"]}}],"collection":[{"href":"https:\/\/vapotheque.ch\/de\/wp-json\/wp\/v2\/product"}],"about":[{"href":"https:\/\/vapotheque.ch\/de\/wp-json\/wp\/v2\/types\/product"}],"wp:featuredmedia":[{"embeddable":true,"href":"https:\/\/vapotheque.ch\/de\/wp-json\/wp\/v2\/media\/16912"}],"wp:attachment":[{"href":"https:\/\/vapotheque.ch\/de\/wp-json\/wp\/v2\/media?parent=17782"}],"wp:term":[{"taxonomy":"product_cat","embeddable":true,"href":"https:\/\/vapotheque.ch\/de\/wp-json\/wp\/v2\/product_cat?post=17782"},{"taxonomy":"product_tag","embeddable":true,"href":"https:\/\/vapotheque.ch\/de\/wp-json\/wp\/v2\/product_tag?post=17782"}],"curies":[{"name":"wp","href":"https:\/\/api.w.org\/{rel}","templated":true}]}}