{"id":17779,"date":"2022-07-09T14:11:38","date_gmt":"2022-07-09T12:11:38","guid":{"rendered":"https:\/\/vapotheque.ch\/boutique\/diy-nadel\/"},"modified":"2023-09-22T16:14:57","modified_gmt":"2023-09-22T14:14:57","slug":"aiguille-diy-2","status":"publish","type":"product","link":"https:\/\/vapotheque.ch\/de\/shop\/aiguille-diy-2\/","title":{"rendered":"DIY-Nadel"},"content":{"rendered":"<h2>Die Nadel f\u00fcr die Zubereitung Ihrer DIY-Liquids!<\/h2>\n<p>Ersetzen Sie Ihre Nadel durch eine breitere f\u00fcr die Vorbereitung Ihrer DIYs.<\/p>\n<p>Die Nadel ist grunds\u00e4tzlich ein sehr praktisches Werkzeug, um Ihre Liquids zu dosieren! Sogar Ihre Lieblingsverk\u00e4ufer benutzen sie, um es mal so zu sagen!<\/p>\n<p>Die DIY-Nadel hat eine breitere Gauge (0,048&#8243;) als die anderen Nadeln, die speziell f\u00fcr dickere Liquids gemacht wurde, ein Muss f\u00fcr Ihre DIYs.<\/p>\n<p>Ein wirklich unverzichtbares Werkzeug f\u00fcr Ihre Vorbereitungen. Sie werden ohne Probleme bis zum Boden Ihrer Flaschen gelangen!<\/p>\n<p>&nbsp;<\/p>\n<p><strong>DIY, was ist das?<\/strong><\/p>\n<p>Do It Yourself: Stellen Sie Ihre Liquids selbst her, mit bereits angebotenen Konzentraten, oder wagen Sie das Experiment, indem Sie einige Aromen allein nehmen und sie miteinander mischen.<\/p>\n<p><strong>Achtung, ein Konzentrat muss unbedingt mit einer Basis verd\u00fcnnt werden, also nicht alleine vapen!<\/strong><\/p>\n<p>&nbsp;<\/p>\n<p>Entdecken Sie alle unsere Produkte f\u00fcr <a href=\"\/categorie\/diy\/materiel-diy?orderby=date\/\" target=\"_blank\" rel=\"noopener\">DIY-Material<\/a>.<\/p>\n<p>Erhalten Sie Rabatte oder die neuesten Informationen \u00fcber unsere Produkte, indem Sie uns auf unseren sozialen Netzwerken folgen: <a href=\"https:\/\/www.facebook.com\/VapeAigleCH\" target=\"_blank\" rel=\"noopener\">Facebook<\/a> oder <a href=\"https:\/\/www.instagram.com\/vapotheque\" target=\"_blank\" rel=\"noopener\">Instagram<\/a>.<\/p>\n","protected":false},"excerpt":{"rendered":"<p>Die Nadel f\u00fcr die Zubereitung Ihrer DIY-Liquids! Ersetzen Sie Ihre Nadel durch eine breitere f\u00fcr die Vorbereitung Ihrer DIYs. Die Nadel ist grunds\u00e4tzlich ein sehr praktisches Werkzeug, um Ihre Liquids zu dosieren! Sogar Ihre Lieblingsverk\u00e4ufer benutzen sie, um es mal so zu sagen! Die DIY-Nadel hat eine breitere Gauge (0,048&#8243;) als die anderen Nadeln, die [&hellip;]<\/p>\n","protected":false},"featured_media":16862,"template":"","meta":{"_acf_changed":false},"product_cat":[443,484,442,408],"product_tag":[],"class_list":{"0":"post-17779","1":"product","2":"type-product","3":"status-publish","4":"has-post-thumbnail","6":"product_brand-seringues-et-aiguilles-de","7":"product_cat-diy-de","8":"product_cat-diy-material","9":"product_cat-hervorgehobene-produkte","10":"product_cat-lieferbar-innerhalb-von-24-stunden-de","12":"first","13":"instock","14":"taxable","15":"shipping-taxable","16":"purchasable","17":"product-type-simple"},"acf":[],"jetpack_sharing_enabled":true,"_links":{"self":[{"href":"https:\/\/vapotheque.ch\/de\/wp-json\/wp\/v2\/product\/17779","targetHints":{"allow":["GET"]}}],"collection":[{"href":"https:\/\/vapotheque.ch\/de\/wp-json\/wp\/v2\/product"}],"about":[{"href":"https:\/\/vapotheque.ch\/de\/wp-json\/wp\/v2\/types\/product"}],"wp:featuredmedia":[{"embeddable":true,"href":"https:\/\/vapotheque.ch\/de\/wp-json\/wp\/v2\/media\/16862"}],"wp:attachment":[{"href":"https:\/\/vapotheque.ch\/de\/wp-json\/wp\/v2\/media?parent=17779"}],"wp:term":[{"taxonomy":"product_cat","embeddable":true,"href":"https:\/\/vapotheque.ch\/de\/wp-json\/wp\/v2\/product_cat?post=17779"},{"taxonomy":"product_tag","embeddable":true,"href":"https:\/\/vapotheque.ch\/de\/wp-json\/wp\/v2\/product_tag?post=17779"}],"curies":[{"name":"wp","href":"https:\/\/api.w.org\/{rel}","templated":true}]}}