{"id":17778,"date":"2022-07-22T14:47:37","date_gmt":"2022-07-22T12:47:37","guid":{"rendered":"https:\/\/vapotheque.ch\/boutique\/fuu-pure-concentrate-10ml\/"},"modified":"2024-09-30T10:59:46","modified_gmt":"2024-09-30T08:59:46","slug":"fuu-konzentrat-rein-10ml","status":"publish","type":"product","link":"https:\/\/vapotheque.ch\/de\/shop\/fuu-konzentrat-rein-10ml\/","title":{"rendered":"Fuu &#8211; Pure Concentrate 10ml"},"content":{"rendered":"<h2 style=\"font-family: Saira,sans-serif; font-weight: bold; line-height: 1.3; font-size: 37px; margin-top: 12.5px; margin-bottom: 12.5px;\">Der Klassiker von Fuu ist der Pure!<\/h2>\n<p>  Das 10ml Pure Konzentrat von Fuu ist eine Neuinterpretation der bekannten Aromen von Klassikern. Die Pure-Aromen dieser Fl\u00fcssigkeit sind genau dosiert, um die Subtilit\u00e4t dieser klassischen Dampfernote zu w\u00fcrdigen. Fuu entschied sich f\u00fcr einen <b>weichen, blonden und recht neutralen Tabak<\/b>. Eine effektive Kombination, die sowohl neue Dampfer als auch Experten durch ihre Leichtigkeit und Ausgewogenheit begeistern wird. Lassen Sie sich von seinem k\u00f6stlichen, neutral blonden classic mit seinem schlichten und leichten Duft gefangen nehmen. Hier gibt es keine Eins\u00e4tze oder Pokerface, sondern nur rohen Genuss f\u00fcr den Gaumen.  <strong>ACHTUNG: Double 5-Konzentrate werden nur zu 5% dosiert.  <\/strong><\/p>\n<h2>Wie verwende ich das Pure-Aroma?<\/h2>\n<p><strong>Das Pure-Konzentrat 10ml<\/strong><b> <\/b>wurde f\u00fcr den Gebrauch im Do-it-yourself-Verfahren entwickelt. <strong>Er darf auf keinen Fall<\/strong> unverd\u00fcnnt <strong>konsumiert werden<\/strong>, sondern <strong>muss<\/strong> mit einer PG\/VG-Basis verd\u00fcnnt <strong>werden<\/strong>. Unsere Tipps zur Verwendung finden Sie weiter unten.  <\/p>\n<h3><u>Zubereitung von Fuu Pure 10ml Konzentrat :<\/u><\/h3>\n<h4>Die Zutaten<\/h4>\n<ul>\n<li>Ein Fuu Pure Konzentrat 10ml<\/li>\n<li>Eine gebrauchsfertige Basis (PG\/VG), mit oder ohne Nikotin<\/li>\n<\/ul>\n<h4>Das Material<\/h4>\n<ul>\n<li>Eine oder mehrere Plastikflaschen mit dem von Ihnen gew\u00fcnschten Fassungsverm\u00f6gen, um Ihre Zubereitung zu mischen.<\/li>\n<li>Eine Spritze oder Pipette<\/li>\n<li>Schutzhandschuhe<\/li>\n<li>Eine Schutzbrille<\/li>\n<\/ul>\n<h4>Die Vorbereitung<\/h4>\n<ul>\n<li>Waschen Sie sich vor der Handhabung die H\u00e4nde und stellen Sie sicher, dass Sie sich au\u00dferhalb der Reichweite von Kindern auf einer sauberen Arbeitsfl\u00e4che befinden.<\/li>\n<li>Benutzen Sie die Spritze oder eine Pipette, um Ihre leere Flasche mit Basisfl\u00fcssigkeit zu f\u00fcllen (Beispiel: f\u00fcr 50 ml e-Fl\u00fcssigkeit f\u00fcllen Sie 45 ml Basisfl\u00fcssigkeit ein und behalten die restlichen 5 ml f\u00fcr das Aroma).<\/li>\n<li>Benutzen Sie Handschuhe, um Ihre Basis zu handhaben, wenn Sie Nikotin verwenden.<\/li>\n<li>Sch\u00fcttle deine Aromaflasche vor der Verwendung.<\/li>\n<li>F\u00fcgen Sie einige Tropfen Aroma gem\u00e4\u00df der Dosierung hinzu (in diesem Beispiel 5 ml).<\/li>\n<li>Sch\u00fctteln Sie Ihre Mischung etwa zehn Sekunden lang kr\u00e4ftig.<\/li>\n<li>Lassen Sie Ihre Zubereitung einige Tage stehen, damit sich die Aromen entwickeln k\u00f6nnen.<\/li>\n<li>Waschen Sie sich erneut die H\u00e4nde und reinigen Sie Ihre Ausr\u00fcstung sowie Ihre Arbeitsfl\u00e4che.<\/li>\n<\/ul>\n<p>  Ihre DIY-Liquids sind fertig!  <\/p>\n<h4>Die Reifung<\/h4>\n<p>  Um ein perfekt ausgewogenes Ergebnis zu erzielen, empfehlen wir Ihnen, vor der Verwendung Ihrer e-Liquids eine Reifezeit einzuhalten. So erm\u00f6glichen Sie es allen Aromen, sich zu entwickeln und ihr volles Potenzial zu entfalten. F\u00fcr Pure wird eine Reifezeit (oder Steep) von mindestens <strong>48 Stunden<\/strong> empfohlen, um ein optimales Ergebnis zu erzielen. Wir empfehlen jedoch eine Reifezeit von mindestens <strong>zwei Wochen<\/strong>, damit sich die volle Kraft der Aromen entfalten kann. Die Produkte von Fuu erf\u00fcllen alle in Frankreich geltenden Gesundheitsstandards und entsprechen den Anforderungen der Europ\u00e4ischen Union. Entdecken Sie weitere Produkte der Marke <a href=\"\/product_brand\/fuu\/\" target=\"_blank\" rel=\"noopener\">Fuu<\/a>! <a href=\"\/categorie\/diy\/concentre-diy\/\" target=\"_blank\" rel=\"noopener\">Hier<\/a> finden Sie alle unsere Konzentrate. Erhalten Sie Rabatte oder die neuesten Informationen \u00fcber unsere Produkte, indem Sie uns auf unseren sozialen Netzwerken folgen: <a href=\"https:\/\/www.facebook.com\/VapeAigleCH\" target=\"_blank\" rel=\"noopener\">Facebook<\/a> oder <a href=\"https:\/\/www.instagram.com\/vapotheque\" target=\"_blank\" rel=\"noopener\">Instagram<\/a>.<\/p>\n","protected":false},"excerpt":{"rendered":"<p>Der Klassiker von Fuu ist der Pure! Das 10ml Pure Konzentrat von Fuu ist eine Neuinterpretation der bekannten Aromen von Klassikern. Die Pure-Aromen dieser Fl\u00fcssigkeit sind genau dosiert, um die Subtilit\u00e4t dieser klassischen Dampfernote zu w\u00fcrdigen. Fuu entschied sich f\u00fcr einen weichen, blonden und recht neutralen Tabak. Eine effektive Kombination, die sowohl neue Dampfer als [&hellip;]<\/p>\n","protected":false},"featured_media":16920,"template":"","meta":{"_acf_changed":false},"product_cat":[443,442,468,408],"product_tag":[],"class_list":{"0":"post-17778","1":"product","2":"type-product","3":"status-publish","4":"has-post-thumbnail","6":"product_brand-fuu-de","7":"product_cat-diy-de","8":"product_cat-hervorgehobene-produkte","9":"product_cat-konzentrate","10":"product_cat-lieferbar-innerhalb-von-24-stunden-de","12":"first","13":"instock","14":"taxable","15":"shipping-taxable","16":"purchasable","17":"product-type-simple"},"acf":[],"jetpack_sharing_enabled":true,"_links":{"self":[{"href":"https:\/\/vapotheque.ch\/de\/wp-json\/wp\/v2\/product\/17778","targetHints":{"allow":["GET"]}}],"collection":[{"href":"https:\/\/vapotheque.ch\/de\/wp-json\/wp\/v2\/product"}],"about":[{"href":"https:\/\/vapotheque.ch\/de\/wp-json\/wp\/v2\/types\/product"}],"wp:featuredmedia":[{"embeddable":true,"href":"https:\/\/vapotheque.ch\/de\/wp-json\/wp\/v2\/media\/16920"}],"wp:attachment":[{"href":"https:\/\/vapotheque.ch\/de\/wp-json\/wp\/v2\/media?parent=17778"}],"wp:term":[{"taxonomy":"product_cat","embeddable":true,"href":"https:\/\/vapotheque.ch\/de\/wp-json\/wp\/v2\/product_cat?post=17778"},{"taxonomy":"product_tag","embeddable":true,"href":"https:\/\/vapotheque.ch\/de\/wp-json\/wp\/v2\/product_tag?post=17778"}],"curies":[{"name":"wp","href":"https:\/\/api.w.org\/{rel}","templated":true}]}}