{"id":17775,"date":"2022-07-29T11:30:24","date_gmt":"2022-07-29T09:30:24","guid":{"rendered":"https:\/\/vapotheque.ch\/boutique\/vampire-vape-heisenberg-konzentrat-30ml\/"},"modified":"2023-09-19T14:10:31","modified_gmt":"2023-09-19T12:10:31","slug":"vampir-vape-konzentrat-heisenberg-30ml","status":"publish","type":"product","link":"https:\/\/vapotheque.ch\/de\/shop\/vampir-vape-konzentrat-heisenberg-30ml\/","title":{"rendered":"Vampire Vape &#8211; Heisenberg Konzentrat 30ml"},"content":{"rendered":"<h2>Was ist das Heisenberg-Konzentrat?<\/h2>\n<p>Der <b>Heisenberg <\/b>von Vampire Vape ist ein konzentriertes Aroma, in 30ml, mit dem Sie Ihre Fl\u00fcssigkeit f\u00fcr elektronische Zigaretten im DIY-Verfahren (Do It Yourself) herstellen k\u00f6nnen. Die beste L\u00f6sung, um Geld zu sparen und gleichzeitig <strong>ein fruchtiges Rezept<\/strong> zu dampfen, das auf <strong>der ganzen Welt beliebt<\/strong> ist.<\/p>\n<p>Vapire Vape ist ein englischer Hersteller, der mit dem DIY-Konzentrat Heisenberg die Welt des Dampfens erobert hat. Das Aroma von Vapire Vape ist eine echte Institution in der Welt der E-Zigaretten und bietet eine reiche Palette an Aromen. Dieses DIY-Konzentrat mit einem unschlagbaren Preis-Leistungs-Verh\u00e4ltnis erm\u00f6glicht es allen Dampfern, in ein Meer aus atemberaubend realistischen Aromen einzutauchen.<\/p>\n<p>Genauer gesagt besteht das spektakul\u00e4re und schrecklich leckere Rezept von Vapire Vape aus <strong>Fr\u00fcchten<\/strong> und <strong>Minze<\/strong>&#8230; Der Hersteller h\u00e4lt die genaue Zusammensetzung seines Pr\u00e4parats <strong>geheim<\/strong>. Wird es Ihnen gelingen, alle Feinheiten dieses Aromas aufzusp\u00fcren? Die komplexe und <strong>frische<\/strong> Zubereitung vonVapire Vape wurde schnell zu einem k\u00f6stlichen All-Day f\u00fcr eine Vielzahl von Dampfern. Der Heisenberg ist zur Legende geworden: dringend testen!<\/p>\n<p><strong>Empfohlene Dosierung: 10 % bis 20 % f\u00fcr eine Basis in 50\/50 PG\/VG<\/strong><\/p>\n<h2>Wie verwende ich das Heisenberg-Aroma?<\/h2>\n<p>Der <b>Heisenberg <\/b>wurde f\u00fcr den DIY-Einsatz entwickelt. <strong>Er sollte<\/strong> auf keinen Fall unverd\u00fcnnt <strong>konsumiert<\/strong> werden, sondern mit einer PG\/VG-Basis verd\u00fcnnt werden. Alle unsere Tipps zur Verwendung finden Sie unten.<\/p>\n<h3><u>Vorbereitung des Heisenberg-Konzentrats :<\/u><\/h3>\n<h4>Die Zutaten<\/h4>\n<ul>\n<li>Ein Konzentrat Vampire Vape Heisenberg 30ml<\/li>\n<li>Eine gebrauchsfertige Basis (PG\/VG), mit oder ohne Nikotin<\/li>\n<\/ul>\n<h4>Das Material<\/h4>\n<ul>\n<li>Eine oder mehrere Plastikflaschen mit dem von Ihnen gew\u00fcnschten Fassungsverm\u00f6gen, um Ihre Zubereitung zu mischen.<\/li>\n<li>Eine Spritze oder Pipette<\/li>\n<li>Schutzhandschuhe<\/li>\n<li>Eine Schutzbrille<\/li>\n<\/ul>\n<h4>Die Vorbereitung<\/h4>\n<ul>\n<li>Waschen Sie sich vor der Handhabung die H\u00e4nde und stellen Sie sicher, dass Sie sich au\u00dferhalb der Reichweite von Kindern auf einer sauberen Arbeitsfl\u00e4che befinden.<\/li>\n<li>Benutzen Sie die Spritze oder eine Pipette, um Ihre leere Flasche mit Basisfl\u00fcssigkeit zu f\u00fcllen (Beispiel: f\u00fcr 50 ml e-Fl\u00fcssigkeit f\u00fcllen Sie 45 ml Basisfl\u00fcssigkeit ein und behalten die restlichen 5 ml f\u00fcr das Aroma).<\/li>\n<li>Benutzen Sie Handschuhe, um Ihre Basis zu handhaben, wenn Sie Nikotin verwenden.<\/li>\n<li>Sch\u00fcttle deine Aromaflasche vor der Verwendung.<\/li>\n<li>F\u00fcgen Sie einige Tropfen Aroma gem\u00e4\u00df der Dosierung hinzu (in diesem Beispiel 5 ml).<\/li>\n<li>Sch\u00fctteln Sie Ihre Mischung etwa zehn Sekunden lang kr\u00e4ftig.<\/li>\n<li>Lassen Sie Ihre Zubereitung einige Tage stehen, damit sich die Aromen entwickeln k\u00f6nnen.<\/li>\n<li>Waschen Sie sich erneut die H\u00e4nde und reinigen Sie Ihre Ausr\u00fcstung sowie Ihre Arbeitsfl\u00e4che.<\/li>\n<\/ul>\n<p>Ihre DIY e-Liquids sind fertig!<\/p>\n<h4>Die Reifung<\/h4>\n<p>Um ein perfekt ausgewogenes Ergebnis zu erzielen, empfehlen wir Ihnen, vor der Verwendung Ihrer e-Liquids eine Reifezeit einzuhalten. So erm\u00f6glichen Sie es allen Aromen, sich zu entwickeln und ihr volles Potenzial zu entfalten.<\/p>\n<p>F\u00fcr Heisenberg wird eine Reifezeit (oder Steep) von mindestens <strong>48 Stunden<\/strong> empfohlen, aber f\u00fcr ein optimales Ergebnis gedulden Sie sich noch <strong>5 Tage<\/strong> l\u00e4nger, dann ist Ihr DIY perfekt! Bei der Entwicklung des Heisenberg-Konzentrats haben Vampire Vape jedoch an die Eiligen unter euch gedacht, weshalb es normalerweise sofort nach der Zubereitung gedampft werden kann.<\/p>\n<p>Die Produkte von Vampire Vape erf\u00fcllen alle in Frankreich geltenden Gesundheitsnormen und entsprechen den Anforderungen der Europ\u00e4ischen Union.<\/p>\n<p>Entdecken Sie die anderen Produkte der Marke <a href=\"https:\/\/vapotheque.ch\/de\/produkt_brand\/vampire-vape-de\/\" target=\"_blank\" rel=\"noopener\">Vampire Vape<\/a><\/p>\n<p><a href=\"\/categorie\/diy\/concentre-diy\/\" target=\"_blank\" rel=\"noopener\">Hier<\/a> finden Sie alle unsere Konzentrate.<\/p>\n<p>Erhalten Sie Rabatte oder die neuesten Informationen \u00fcber unsere Produkte, indem Sie uns auf unseren sozialen Netzwerken folgen: <a href=\"https:\/\/www.facebook.com\/VapeAigleCH\" target=\"_blank\" rel=\"noopener\">Facebook<\/a> oder <a href=\"https:\/\/www.instagram.com\/vapotheque\" target=\"_blank\" rel=\"noopener\">Instagram<\/a>.<\/p>\n","protected":false},"excerpt":{"rendered":"<p>Was ist das Heisenberg-Konzentrat? Der Heisenberg von Vampire Vape ist ein konzentriertes Aroma, in 30ml, mit dem Sie Ihre Fl\u00fcssigkeit f\u00fcr elektronische Zigaretten im DIY-Verfahren (Do It Yourself) herstellen k\u00f6nnen. Die beste L\u00f6sung, um Geld zu sparen und gleichzeitig ein fruchtiges Rezept zu dampfen, das auf der ganzen Welt beliebt ist. Vapire Vape ist ein [&hellip;]<\/p>\n","protected":false},"featured_media":16990,"template":"","meta":{"_acf_changed":false},"product_cat":[443,442,468,408],"product_tag":[],"class_list":{"0":"post-17775","1":"product","2":"type-product","3":"status-publish","4":"has-post-thumbnail","6":"product_brand-vampire-vape-de","7":"product_cat-diy-de","8":"product_cat-hervorgehobene-produkte","9":"product_cat-konzentrate","10":"product_cat-lieferbar-innerhalb-von-24-stunden-de","12":"first","13":"instock","14":"taxable","15":"shipping-taxable","16":"purchasable","17":"product-type-simple"},"acf":[],"jetpack_sharing_enabled":true,"_links":{"self":[{"href":"https:\/\/vapotheque.ch\/de\/wp-json\/wp\/v2\/product\/17775","targetHints":{"allow":["GET"]}}],"collection":[{"href":"https:\/\/vapotheque.ch\/de\/wp-json\/wp\/v2\/product"}],"about":[{"href":"https:\/\/vapotheque.ch\/de\/wp-json\/wp\/v2\/types\/product"}],"wp:featuredmedia":[{"embeddable":true,"href":"https:\/\/vapotheque.ch\/de\/wp-json\/wp\/v2\/media\/16990"}],"wp:attachment":[{"href":"https:\/\/vapotheque.ch\/de\/wp-json\/wp\/v2\/media?parent=17775"}],"wp:term":[{"taxonomy":"product_cat","embeddable":true,"href":"https:\/\/vapotheque.ch\/de\/wp-json\/wp\/v2\/product_cat?post=17775"},{"taxonomy":"product_tag","embeddable":true,"href":"https:\/\/vapotheque.ch\/de\/wp-json\/wp\/v2\/product_tag?post=17775"}],"curies":[{"name":"wp","href":"https:\/\/api.w.org\/{rel}","templated":true}]}}