{"id":17768,"date":"2022-07-22T14:11:11","date_gmt":"2022-07-22T12:11:11","guid":{"rendered":"https:\/\/vapotheque.ch\/boutique\/fuu-spiked-bat-konzentrat-30ml\/"},"modified":"2024-07-01T12:20:56","modified_gmt":"2024-07-01T10:20:56","slug":"fuu-konzentrat-spiked-bat-30ml","status":"publish","type":"product","link":"https:\/\/vapotheque.ch\/de\/shop\/fuu-konzentrat-spiked-bat-30ml\/","title":{"rendered":"Fuu &#8211; Spiked Bat Konzentrat 30ml"},"content":{"rendered":"<h2>Das <strong>Spiked Bat<\/strong> ist ein DIY-Konzentrat der Marke Fuu.<\/h2>\n<p>Das 30ml Spiked Bat Konzentrat von Fuu verspricht warme Noten von <b>Getreide, ein paar Tropfen Milch und einer reifen Litschi!<\/b> Ein s\u00fc\u00dfes, warmes und rundes Konzentrat.<\/p>\n<p>&nbsp;<\/p>\n<p>Die Aromen des Spiked Bat sind genau dosiert, um die Subtilit\u00e4t dieser Gourmet-Note beim Dampfen zu w\u00fcrdigen. Eine effektive Kombination, die sowohl neue Dampfer als auch Experten durch ihre Leichtigkeit und Ausgewogenheit begeistern wird.<\/p>\n<p><strong>Empfohlene Dosierung: 12 % f\u00fcr eine Basis in 50\/50 PG\/VG<\/strong><\/p>\n<h2>Wie verwende ich das Spiked Bat Aroma?<\/h2>\n<p><strong>Das Spiked Bat Konzentrat 30ml<\/strong><b> <\/b>ist f\u00fcr den Gebrauch im Do-it-yourself-Verfahren gedacht. <strong>Er sollte<\/strong> auf keinen Fall unverd\u00fcnnt <strong>konsumiert<\/strong> werden, sondern mit einer PG\/VG-Basis verd\u00fcnnt werden. Alle unsere Tipps zur Verwendung finden Sie unten.<\/p>\n<h3><u>Vorbereitung des Spiked Bat 30ml Konzentrats von Fuu :<\/u><\/h3>\n<h4>Die Zutaten<\/h4>\n<ul>\n<li>Ein Fuu Spiked Bat Konzentrat 30ml<\/li>\n<li>Eine gebrauchsfertige Basis (PG\/VG), mit oder ohne Nikotin<\/li>\n<\/ul>\n<h4>Das Material<\/h4>\n<ul>\n<li>Eine oder mehrere Plastikflaschen mit dem von Ihnen gew\u00fcnschten Fassungsverm\u00f6gen, um Ihre Zubereitung zu mischen.<\/li>\n<li>Eine Spritze oder Pipette<\/li>\n<li>Schutzhandschuhe<\/li>\n<li>Eine Schutzbrille<\/li>\n<\/ul>\n<h4>Die Vorbereitung<\/h4>\n<ul>\n<li>Waschen Sie sich vor der Handhabung die H\u00e4nde und stellen Sie sicher, dass Sie sich au\u00dferhalb der Reichweite von Kindern auf einer sauberen Arbeitsfl\u00e4che befinden.<\/li>\n<li>Benutzen Sie die Spritze oder eine Pipette, um Ihre leere Flasche mit Basisfl\u00fcssigkeit zu f\u00fcllen (Beispiel: f\u00fcr 50 ml e-Fl\u00fcssigkeit f\u00fcllen Sie 45 ml Basisfl\u00fcssigkeit ein und behalten die restlichen 5 ml f\u00fcr das Aroma).<\/li>\n<li>Benutzen Sie Handschuhe, um Ihre Basis zu handhaben, wenn Sie Nikotin verwenden.<\/li>\n<li>Sch\u00fcttle deine Aromaflasche vor der Verwendung.<\/li>\n<li>F\u00fcgen Sie einige Tropfen Aroma gem\u00e4\u00df der Dosierung hinzu (in diesem Beispiel 5 ml).<\/li>\n<li>Sch\u00fctteln Sie Ihre Mischung etwa zehn Sekunden lang kr\u00e4ftig.<\/li>\n<li>Lassen Sie Ihre Zubereitung einige Tage stehen, damit sich die Aromen entwickeln k\u00f6nnen.<\/li>\n<li>Waschen Sie sich erneut die H\u00e4nde und reinigen Sie Ihre Ausr\u00fcstung sowie Ihre Arbeitsfl\u00e4che.<\/li>\n<\/ul>\n<p>Ihre DIY e-Liquids sind fertig!<\/p>\n<h4>Die Reifung<\/h4>\n<p>Um ein perfekt ausgewogenes Ergebnis zu erzielen, empfehlen wir Ihnen, vor der Verwendung Ihrer e-Liquids eine Reifezeit einzuhalten. So erm\u00f6glichen Sie es allen Aromen, sich zu entwickeln und ihr volles Potenzial zu entfalten.<\/p>\n<p>F\u00fcr Spiked Bat wird eine Reifezeit (oder Steep) von mindestens <strong>48 Stunden<\/strong> empfohlen. F\u00fcr ein optimales Ergebnis empfehlen wir Ihnen, noch etwas l\u00e4nger zu warten&#8230; Zwischen 2 und 3 Wochen l\u00e4nger an einem dunklen und warmen Ort.<\/p>\n<p>&nbsp;<\/p>\n<p>Die Produkte von Fuu erf\u00fcllen alle in Frankreich geltenden Gesundheitsstandards und entsprechen den Anforderungen der Europ\u00e4ischen Union.<\/p>\n<p>&nbsp;<\/p>\n<p>Entdecken Sie weitere Produkte der Marke <a href=\"https:\/\/vapotheque.ch\/de\/produkt_brand\/fuu-de\/\" target=\"_blank\" rel=\"noopener\">Fuu<\/a>!<\/p>\n<p><a href=\"\/categorie\/diy\/concentre-diy\/\" target=\"_blank\" rel=\"noopener\">Hier<\/a> finden Sie alle unsere Konzentrate.<\/p>\n<p>Erhalten Sie Rabatte oder die neuesten Informationen \u00fcber unsere Produkte, indem Sie uns auf unseren sozialen Netzwerken folgen: <a href=\"https:\/\/www.facebook.com\/VapeAigleCH\" target=\"_blank\" rel=\"noopener\">Facebook<\/a> oder <a href=\"https:\/\/www.instagram.com\/vapotheque\" target=\"_blank\" rel=\"noopener\">Instagram<\/a>.<\/p>\n","protected":false},"excerpt":{"rendered":"<p>Das Spiked Bat ist ein DIY-Konzentrat der Marke Fuu. Das 30ml Spiked Bat Konzentrat von Fuu verspricht warme Noten von Getreide, ein paar Tropfen Milch und einer reifen Litschi! Ein s\u00fc\u00dfes, warmes und rundes Konzentrat. &nbsp; Die Aromen des Spiked Bat sind genau dosiert, um die Subtilit\u00e4t dieser Gourmet-Note beim Dampfen zu w\u00fcrdigen. Eine effektive [&hellip;]<\/p>\n","protected":false},"featured_media":16918,"template":"","meta":{"_acf_changed":false},"product_cat":[443,442,468,408],"product_tag":[],"class_list":{"0":"post-17768","1":"product","2":"type-product","3":"status-publish","4":"has-post-thumbnail","6":"product_brand-fuu-de","7":"product_cat-diy-de","8":"product_cat-hervorgehobene-produkte","9":"product_cat-konzentrate","10":"product_cat-lieferbar-innerhalb-von-24-stunden-de","12":"first","13":"instock","14":"taxable","15":"shipping-taxable","16":"purchasable","17":"product-type-simple"},"acf":[],"jetpack_sharing_enabled":true,"_links":{"self":[{"href":"https:\/\/vapotheque.ch\/de\/wp-json\/wp\/v2\/product\/17768","targetHints":{"allow":["GET"]}}],"collection":[{"href":"https:\/\/vapotheque.ch\/de\/wp-json\/wp\/v2\/product"}],"about":[{"href":"https:\/\/vapotheque.ch\/de\/wp-json\/wp\/v2\/types\/product"}],"wp:featuredmedia":[{"embeddable":true,"href":"https:\/\/vapotheque.ch\/de\/wp-json\/wp\/v2\/media\/16918"}],"wp:attachment":[{"href":"https:\/\/vapotheque.ch\/de\/wp-json\/wp\/v2\/media?parent=17768"}],"wp:term":[{"taxonomy":"product_cat","embeddable":true,"href":"https:\/\/vapotheque.ch\/de\/wp-json\/wp\/v2\/product_cat?post=17768"},{"taxonomy":"product_tag","embeddable":true,"href":"https:\/\/vapotheque.ch\/de\/wp-json\/wp\/v2\/product_tag?post=17768"}],"curies":[{"name":"wp","href":"https:\/\/api.w.org\/{rel}","templated":true}]}}