{"id":17762,"date":"2022-07-07T13:55:18","date_gmt":"2022-07-07T11:55:18","guid":{"rendered":"https:\/\/vapotheque.ch\/boutique\/coil-connection-micro-alien-coils\/"},"modified":"2024-09-30T10:59:24","modified_gmt":"2024-09-30T08:59:24","slug":"coil-connection-micro-alien-coils-2","status":"publish","type":"product","link":"https:\/\/vapotheque.ch\/de\/shop\/coil-connection-micro-alien-coils-2\/","title":{"rendered":"Coil Connection &#8211; Micro Alien Coils"},"content":{"rendered":"<h2>Coil Connection zeigt uns seine Micro Alien Coils in 0.32 Ohm!<\/h2>\n<p> <a class=\"waffle-rich-text-link\" href=\"https:\/\/vapotheque.ch\/guide-complet-sur-les-resistances-et-coils-de-vape\/\">Coil<\/a> Connection ist immer erfinderisch und bietet uns seine Micro Alien Coils f\u00fcr Dotshell an. Handgefertigt, genie\u00dfen Sie eine Kombination aus Ni80-Garnen, die in Alien mit 2 Seelen verarbeitet wurden. So sch\u00f6ne Coils f\u00fcr einen tollen Zerst\u00e4uber! Als eingefleischter Builder, der immer auf der Suche nach Neuem ist, hat Pascal Foinard mit den Micro Alien Ni80 Coils ein neues Kunstwerk geschaffen und l\u00e4dt Sie zu einer Explosion der Gef\u00fchle ein. Finden Sie die Qualit\u00e4t und Haltbarkeit der 100% handgefertigten Coil Connection in diesen vorgewickelten Premium-Coils f\u00fcr Ihren Dotshell-Atomizer! Genie\u00dfen Sie die handgefertigte Qualit\u00e4t mit den 0,32 Ohm Coils von Coil Connection und bewundern Sie die einzigartige Flechtung! Widerstand: 0,32 Ohm\/Coil &#8211; Durchmesser: 2.5 mm 3er-Set handgefertigter Coils mit 0,32 Ohm. Handgefertigte Coils von Pascal Foinard, die in Dreierpacks verkauft werden. Sehen Sie sich alle Produkte der Marke <a href=\"\/product_brand\/coil-connection\/\" target=\"_blank\" rel=\"noopener\">Coil Connection an.<\/a> Erhalten Sie Rabatte oder die neuesten Informationen \u00fcber unsere Produkte, indem Sie uns auf unseren sozialen Netzwerken folgen: <a href=\"https:\/\/www.facebook.com\/VapeAigleCH\" target=\"_blank\" rel=\"noopener\">Facebook<\/a> oder <a href=\"https:\/\/www.instagram.com\/vapotheque\" target=\"_blank\" rel=\"noopener\">Instagram<\/a>.<\/p>\n","protected":false},"excerpt":{"rendered":"<p>Coil Connection zeigt uns seine Micro Alien Coils in 0.32 Ohm! Coil Connection ist immer erfinderisch und bietet uns seine Micro Alien Coils f\u00fcr Dotshell an. Handgefertigt, genie\u00dfen Sie eine Kombination aus Ni80-Garnen, die in Alien mit 2 Seelen verarbeitet wurden. So sch\u00f6ne Coils f\u00fcr einen tollen Zerst\u00e4uber! Als eingefleischter Builder, der immer auf der [&hellip;]<\/p>\n","protected":false},"featured_media":16834,"template":"","meta":{"_acf_changed":false},"product_cat":[442,408,425,416],"product_tag":[],"class_list":{"0":"post-17762","1":"product","2":"type-product","3":"status-publish","4":"has-post-thumbnail","6":"product_brand-coil-connection-de","7":"product_cat-hervorgehobene-produkte","8":"product_cat-lieferbar-innerhalb-von-24-stunden-de","9":"product_cat-rekonstruierbare-faden","10":"product_cat-zubehor","12":"first","13":"instock","14":"taxable","15":"shipping-taxable","16":"purchasable","17":"product-type-simple"},"acf":[],"jetpack_sharing_enabled":true,"_links":{"self":[{"href":"https:\/\/vapotheque.ch\/de\/wp-json\/wp\/v2\/product\/17762","targetHints":{"allow":["GET"]}}],"collection":[{"href":"https:\/\/vapotheque.ch\/de\/wp-json\/wp\/v2\/product"}],"about":[{"href":"https:\/\/vapotheque.ch\/de\/wp-json\/wp\/v2\/types\/product"}],"wp:featuredmedia":[{"embeddable":true,"href":"https:\/\/vapotheque.ch\/de\/wp-json\/wp\/v2\/media\/16834"}],"wp:attachment":[{"href":"https:\/\/vapotheque.ch\/de\/wp-json\/wp\/v2\/media?parent=17762"}],"wp:term":[{"taxonomy":"product_cat","embeddable":true,"href":"https:\/\/vapotheque.ch\/de\/wp-json\/wp\/v2\/product_cat?post=17762"},{"taxonomy":"product_tag","embeddable":true,"href":"https:\/\/vapotheque.ch\/de\/wp-json\/wp\/v2\/product_tag?post=17762"}],"curies":[{"name":"wp","href":"https:\/\/api.w.org\/{rel}","templated":true}]}}