{"id":17759,"date":"2022-07-09T12:58:00","date_gmt":"2022-07-09T10:58:00","guid":{"rendered":"https:\/\/vapotheque.ch\/boutique\/spritze-nadel-10ml\/"},"modified":"2026-04-05T16:30:48","modified_gmt":"2026-04-05T14:30:48","slug":"spritze-nadel-10ml","status":"publish","type":"product","link":"https:\/\/vapotheque.ch\/de\/shop\/spritze-nadel-10ml\/","title":{"rendered":"Spritze + Nadel 10ml"},"content":{"rendered":"<h2>Verwenden Sie die 10ml-Spritze und -Nadel f\u00fcr die Zubereitung Ihrer Liquids!<\/h2>\n<p>Mit der praktischen 10ml-Spritze mit Skala und der Nadel k\u00f6nnen Sie Ihre DIY-Mischungen auf den Milliliter genau herstellen! Das reicht f\u00fcr einen perfekten Saft!<\/p>\n<p>Ein echtes Muss f\u00fcr Ihre Vorbereitungen!<\/p>\n<p>Sein Fassungsverm\u00f6gen von 10 ml ist sehr praktisch f\u00fcr die Dosierung von Konzentraten, und\/oder Basen. Die Nadel hilft, gut an den Boden deiner Fl\u00e4schchen zu gelangen.<\/p>\n<p><strong>DIY, was ist das?<\/strong><\/p>\n<p>Do It Yourself: Stellen Sie Ihre Liquids selbst her, mit bereits angebotenen Konzentraten, oder wagen Sie das Experiment, indem Sie einige Aromen allein nehmen und sie miteinander mischen.<\/p>\n<p><strong>Achtung, ein Konzentrat muss unbedingt mit einer Basis verd\u00fcnnt werden, also nicht alleine vapen!<\/strong><\/p>\n<p>&nbsp;<\/p>\n<p>Entdecken Sie alle unsere Produkte f\u00fcr <a href=\"\/categorie\/diy\/materiel-diy?orderby=date\/\" target=\"_blank\" rel=\"noopener\">DIY-Material<\/a>.<\/p>\n<p>Erhalten Sie Rabatte oder die neuesten Informationen \u00fcber unsere Produkte, indem Sie uns auf unseren sozialen Netzwerken folgen: <a href=\"https:\/\/www.facebook.com\/VapeAigleCH\" target=\"_blank\" rel=\"noopener\">Facebook<\/a> oder <a href=\"https:\/\/www.instagram.com\/vapotheque\" target=\"_blank\" rel=\"noopener\">Instagram<\/a>.<\/p>\n","protected":false},"excerpt":{"rendered":"<p>Verwenden Sie die 10ml-Spritze und -Nadel f\u00fcr die Zubereitung Ihrer Liquids! Mit der praktischen 10ml-Spritze mit Skala und der Nadel k\u00f6nnen Sie Ihre DIY-Mischungen auf den Milliliter genau herstellen! Das reicht f\u00fcr einen perfekten Saft! Ein echtes Muss f\u00fcr Ihre Vorbereitungen! Sein Fassungsverm\u00f6gen von 10 ml ist sehr praktisch f\u00fcr die Dosierung von Konzentraten, und\/oder [&hellip;]<\/p>\n","protected":false},"featured_media":16858,"template":"","meta":{"_acf_changed":false},"product_cat":[443,484,442,408],"product_tag":[],"class_list":{"0":"post-17759","1":"product","2":"type-product","3":"status-publish","4":"has-post-thumbnail","6":"product_brand-seringues-et-aiguilles-de","7":"product_cat-diy-de","8":"product_cat-diy-material","9":"product_cat-hervorgehobene-produkte","10":"product_cat-lieferbar-innerhalb-von-24-stunden-de","12":"first","13":"outofstock","14":"taxable","15":"shipping-taxable","16":"purchasable","17":"product-type-simple"},"acf":[],"jetpack_sharing_enabled":true,"_links":{"self":[{"href":"https:\/\/vapotheque.ch\/de\/wp-json\/wp\/v2\/product\/17759","targetHints":{"allow":["GET"]}}],"collection":[{"href":"https:\/\/vapotheque.ch\/de\/wp-json\/wp\/v2\/product"}],"about":[{"href":"https:\/\/vapotheque.ch\/de\/wp-json\/wp\/v2\/types\/product"}],"wp:featuredmedia":[{"embeddable":true,"href":"https:\/\/vapotheque.ch\/de\/wp-json\/wp\/v2\/media\/16858"}],"wp:attachment":[{"href":"https:\/\/vapotheque.ch\/de\/wp-json\/wp\/v2\/media?parent=17759"}],"wp:term":[{"taxonomy":"product_cat","embeddable":true,"href":"https:\/\/vapotheque.ch\/de\/wp-json\/wp\/v2\/product_cat?post=17759"},{"taxonomy":"product_tag","embeddable":true,"href":"https:\/\/vapotheque.ch\/de\/wp-json\/wp\/v2\/product_tag?post=17759"}],"curies":[{"name":"wp","href":"https:\/\/api.w.org\/{rel}","templated":true}]}}