{"id":17756,"date":"2022-08-03T13:48:25","date_gmt":"2022-08-03T11:48:25","guid":{"rendered":"https:\/\/vapotheque.ch\/boutique\/creavap-e-pipe-gandalf-60-support\/"},"modified":"2024-07-16T14:15:05","modified_gmt":"2024-07-16T12:15:05","slug":"creavap-e-pipe-gandalf-60-support-2","status":"publish","type":"product","link":"https:\/\/vapotheque.ch\/de\/shop\/creavap-e-pipe-gandalf-60-support-2\/","title":{"rendered":"Creavap &#8211; E-Pipe Gandalf 60 Support"},"content":{"rendered":"<h2>Verwenden Sie den von Creavap bearbeiteten St\u00e4nder, um Ihre Gandalf 60 E-Pfeife aufzustellen!<\/h2>\n<p>Der St\u00e4nder der Gandalf 60 wird von Creavap aus denselben Materialien wie die E-Pipe hergestellt.<\/p>\n<p>Dieser <strong>aus Holz und Metall gefertigte<\/strong> St\u00e4nder erm\u00f6glicht es Ihnen, Ihre Ausr\u00fcstung in einer aufrechten Position zu platzieren, sodass keine<strong> Fl\u00fcssigkeit auslaufen<\/strong> kann.<\/p>\n<p>Nutzen Sie diesen Cr\u00e9avap-St\u00e4nder, um das Design Ihrer ePipe zu vervollst\u00e4ndigen! Neben dem authentischen Stil, den der Cr\u00e9avap-St\u00e4nder mit sich bringt, erm\u00f6glicht er es Ihnen, Ihre Materialien in aufrechter Position abzustellen.<\/p>\n<p><strong>Zertifizierte handwerkliche &amp; franz\u00f6sische Herstellung.<\/strong><\/p>\n<p>Entdecken Sie alle unsere <a href=\"\/categorie\/box-mods\/vapes-high-end?orderby=date\/\" target=\"_blank\" rel=\"noopener\">High End-Produkte<\/a>.<\/p>\n<p>Erhalte Rabatte oder die neuesten Informationen \u00fcber unsere anderen im Gesch\u00e4ft erh\u00e4ltlichen Produkte, indem du uns auf unseren sozialen Netzwerken folgst: <a href=\"https:\/\/www.facebook.com\/VapeAigleCH\" target=\"_blank\" rel=\"noopener\">Facebook<\/a> oder <a href=\"https:\/\/www.instagram.com\/vapotheque\" target=\"_blank\" rel=\"noopener\">Instagram<\/a>.<\/p>\n","protected":false},"excerpt":{"rendered":"<p>Verwenden Sie den von Creavap bearbeiteten St\u00e4nder, um Ihre Gandalf 60 E-Pfeife aufzustellen! Der St\u00e4nder der Gandalf 60 wird von Creavap aus denselben Materialien wie die E-Pipe hergestellt. Dieser aus Holz und Metall gefertigte St\u00e4nder erm\u00f6glicht es Ihnen, Ihre Ausr\u00fcstung in einer aufrechten Position zu platzieren, sodass keine Fl\u00fcssigkeit auslaufen kann. Nutzen Sie diesen Cr\u00e9avap-St\u00e4nder, [&hellip;]<\/p>\n","protected":false},"featured_media":43422,"template":"","meta":{"_acf_changed":false},"product_cat":[442,432,408,456,416],"product_tag":[],"class_list":{"0":"post-17756","1":"product","2":"type-product","3":"status-publish","4":"has-post-thumbnail","6":"product_brand-creavap-de","7":"product_cat-hervorgehobene-produkte","8":"product_cat-high-end","9":"product_cat-lieferbar-innerhalb-von-24-stunden-de","10":"product_cat-verschiedene","11":"product_cat-zubehor","13":"first","14":"instock","15":"taxable","16":"shipping-taxable","17":"purchasable","18":"product-type-variable"},"acf":[],"jetpack_sharing_enabled":true,"_links":{"self":[{"href":"https:\/\/vapotheque.ch\/de\/wp-json\/wp\/v2\/product\/17756","targetHints":{"allow":["GET"]}}],"collection":[{"href":"https:\/\/vapotheque.ch\/de\/wp-json\/wp\/v2\/product"}],"about":[{"href":"https:\/\/vapotheque.ch\/de\/wp-json\/wp\/v2\/types\/product"}],"wp:featuredmedia":[{"embeddable":true,"href":"https:\/\/vapotheque.ch\/de\/wp-json\/wp\/v2\/media\/43422"}],"wp:attachment":[{"href":"https:\/\/vapotheque.ch\/de\/wp-json\/wp\/v2\/media?parent=17756"}],"wp:term":[{"taxonomy":"product_cat","embeddable":true,"href":"https:\/\/vapotheque.ch\/de\/wp-json\/wp\/v2\/product_cat?post=17756"},{"taxonomy":"product_tag","embeddable":true,"href":"https:\/\/vapotheque.ch\/de\/wp-json\/wp\/v2\/product_tag?post=17756"}],"curies":[{"name":"wp","href":"https:\/\/api.w.org\/{rel}","templated":true}]}}