{"id":17755,"date":"2022-07-18T15:05:59","date_gmt":"2022-07-18T13:05:59","guid":{"rendered":"https:\/\/vapotheque.ch\/boutique\/le-french-liquide-la-chose-e-liquide\/"},"modified":"2025-11-06T15:07:03","modified_gmt":"2025-11-06T14:07:03","slug":"le-french-liquide-la-chose-e-liquide","status":"publish","type":"product","link":"https:\/\/vapotheque.ch\/de\/shop\/le-french-liquide-la-chose-e-liquide\/","title":{"rendered":"Le French Liquide &#8211; La Chose E-Liquid 50 ml \/ 60 ml"},"content":{"rendered":"<h2 style=\"font-family: Saira,sans-serif;font-weight: bold;line-height: 1.3;font-size: 37px;margin-top: 12.5px;margin-bottom: 12.5px\">Le French Liquide stellt uns sein Flaggschiff-E-Liquid vor: La Chose!<\/h2>\n<p>Das E-Liquid La chose von Le French Liquide ist schrecklich lecker und komplex&#8230; Ein Monster von Gaumenfreuden eben!<\/p>\n<p>Keine Angst, nichts in The Thing kann Sie erschrecken. Ein paar Tropfen <strong>Kaffee<\/strong>, etwas <strong>gesalzenes Butterkaramell<\/strong>, <strong>ger\u00f6stete Haseln\u00fcsse<\/strong> und gehackte <strong>Pekann\u00fcsse<\/strong>, dazu ein Hauch <strong>Vanille<\/strong>&#8211; mit Sicherheit wird Sie dieses Rezept zum Schmelzen bringen!<\/p>\n<p>Perfekt f\u00fcr alle Liebhaber von Gourmet-Eliquids, widerstehen Sie La Chose nicht mehr! Ein absoluter Leckerbissen, garantiert kalorienfrei!<\/p>\n<\/p>\n<p><strong>Wichtig:<\/strong> E-Liquid mit 50 ml-Aromen, verkauft in einer 60-ml-Einhornflasche.<\/p>\n<p class=\"class-fabrication\">Hergestellt in Frankreich; PG\/VG-Verh\u00e4ltnis: 50 % \/ 50 %.<\/p>\n<\/p>\n<p>Sehen Sie sich alle Produkte der Marke <a href=\"..\/..\/product_brand\/le-french-liquide\/\" target=\"_blank\" rel=\"noopener\">Le French Liquide<\/a> an.<\/p>\n<p>Erhalten Sie Rabatte oder die neuesten Informationen zu unseren Produkten, indem Sie uns in unseren sozialen Netzwerken folgen: <a href=\"https:\/\/www.facebook.com\/VapeAigleCH\" target=\"_blank\" rel=\"noopener\">Facebook<\/a> oder <a href=\"https:\/\/www.instagram.com\/vapotheque\" target=\"_blank\" rel=\"noopener\">Instagram<\/a>.<\/p>\n","protected":false},"excerpt":{"rendered":"<p>Le French Liquide stellt uns sein Flaggschiff-E-Liquid vor: La Chose! Das E-Liquid La chose von Le French Liquide ist schrecklich lecker und komplex&#8230; Ein Monster von Gaumenfreuden eben! Keine Angst, nichts in The Thing kann Sie erschrecken. Ein paar Tropfen Kaffee, etwas gesalzenes Butterkaramell, ger\u00f6stete Haseln\u00fcsse und gehackte Pekann\u00fcsse, dazu ein Hauch Vanille&#8211; mit Sicherheit [&hellip;]<\/p>\n","protected":false},"featured_media":16900,"template":"","meta":{"_acf_changed":false},"product_cat":[405,397,442,408,1685,1679],"product_tag":[],"class_list":{"0":"post-17755","1":"product","2":"type-product","3":"status-publish","4":"has-post-thumbnail","6":"product_brand-le-french-liquide-de","7":"product_cat-e-liquids","8":"product_cat-gourmands-de","9":"product_cat-hervorgehobene-produkte","10":"product_cat-lieferbar-innerhalb-von-24-stunden-de","11":"product_cat-50-ml-fur-60-ml","12":"product_cat-menge-e-flussigkeit-kapazitat-flasche","14":"first","15":"instock","16":"taxable","17":"shipping-taxable","18":"purchasable","19":"product-type-simple"},"acf":[],"jetpack_sharing_enabled":true,"_links":{"self":[{"href":"https:\/\/vapotheque.ch\/de\/wp-json\/wp\/v2\/product\/17755","targetHints":{"allow":["GET"]}}],"collection":[{"href":"https:\/\/vapotheque.ch\/de\/wp-json\/wp\/v2\/product"}],"about":[{"href":"https:\/\/vapotheque.ch\/de\/wp-json\/wp\/v2\/types\/product"}],"wp:featuredmedia":[{"embeddable":true,"href":"https:\/\/vapotheque.ch\/de\/wp-json\/wp\/v2\/media\/16900"}],"wp:attachment":[{"href":"https:\/\/vapotheque.ch\/de\/wp-json\/wp\/v2\/media?parent=17755"}],"wp:term":[{"taxonomy":"product_cat","embeddable":true,"href":"https:\/\/vapotheque.ch\/de\/wp-json\/wp\/v2\/product_cat?post=17755"},{"taxonomy":"product_tag","embeddable":true,"href":"https:\/\/vapotheque.ch\/de\/wp-json\/wp\/v2\/product_tag?post=17755"}],"curies":[{"name":"wp","href":"https:\/\/api.w.org\/{rel}","templated":true}]}}