{"id":17754,"date":"2022-07-07T12:55:15","date_gmt":"2022-07-07T10:55:15","guid":{"rendered":"https:\/\/vapotheque.ch\/boutique\/coil-connection-transformer-coils\/"},"modified":"2024-07-16T12:30:52","modified_gmt":"2024-07-16T10:30:52","slug":"coil-connection-transformer-coils-2","status":"publish","type":"product","link":"https:\/\/vapotheque.ch\/de\/shop\/coil-connection-transformer-coils-2\/","title":{"rendered":"Coil Connection &#8211; Transformer Coils"},"content":{"rendered":"<h2>Coil Connection zeigt uns seine Transformer Coils in 0,32 Ohm!<\/h2>\n<p>Mehr Stil, mehr M\u00f6glichkeiten. Die handgefertigten 0,32 Ohm Transformer Coils von Coil Connection bieten ihr au\u00dfergew\u00f6hnliches Geflecht all Ihren DL-Setups als Single- oder Dual-Coils an. Nutzen Sie ihre Kombination Ni80 + Ni90, um von einer erh\u00f6hten Reaktionsf\u00e4higkeit zu profitieren!<br \/>\nSo sch\u00f6ne Coils, man k\u00f6nnte fast eine Kette daraus machen &#8230;<\/p>\n<h4>Als eingefleischter Builder, der immer auf der Suche nach Neuem ist, hat Pascal Foinard mit den Transformer Ni90 Coils ein neues Kunstwerk geschaffen und l\u00e4dt Sie zu einer Explosion der Gef\u00fchle ein. Finden Sie die Qualit\u00e4t und Haltbarkeit der 100% handgefertigten Coil Connection in diesen vorgewickelten Premium-Coils f\u00fcr Ihren RTA-Atomizer oder Dripper!<\/h4>\n<p>In den handgefertigten Transformer Ni90-Coils von Coils Connection schlie\u00dft Exotik die Freiheit nicht aus. Sie bestehen aus Str\u00e4ngen aus Nichrom 80 und Nichrom 90 und garantieren ein lebhaftes und intensives Erhitzen, wobei der Widerstand von 0,32 Ohm erhalten bleibt, der f\u00fcr alle \u00fcberstarken DL-Montagen mit Single- oder Dual-Coils geeignet ist.<\/p>\n<p>Genie\u00dfen Sie die handgefertigte Qualit\u00e4t mit den Transformer Ni90 0,32 Ohm Coil Connection Coils und bewundern Sie die einzigartige Flechtung! Jede Transformer-Coil enth\u00e4lt zwei 27GA-Kerne aus Ni90, die jeweils mit einem extrad\u00fcnnen Strang aus Ni80 umwickelt und schlie\u00dflich mit einem Miniband aus Ni80 verbunden sind, das ihnen das Aussehen eines Stacheldrahts verleiht. Komplexit\u00e4t im Dienste des Stils &#8211; und der Dampfproduktion!<\/p>\n<p>Widerstand: 0,32ohm\/Coil &#8211; Durchmesser: 3mm<\/p>\n<p>Lot von 2 handgefertigten Coils Coil Connection in Transformer Ni90 mit 0,32ohm.<\/p>\n<p>&nbsp;<\/p>\n<p>Handgefertigte Coils von Pascal Foinard, verkauft als Paar mit organischer Baumwolle inklusive.<\/p>\n<p>Sehen Sie sich alle Produkte der Marke <a href=\"https:\/\/vapotheque.ch\/de\/produkt_brand\/coil-connection-de\/\" target=\"_blank\" rel=\"noopener\">Coil Connection<\/a> an.<\/p>\n<p>Erhalten Sie Rabatte oder die neuesten Informationen \u00fcber unsere Produkte, indem Sie uns auf unseren sozialen Netzwerken folgen: <a href=\"https:\/\/www.facebook.com\/VapeAigleCH\" target=\"_blank\" rel=\"noopener\">Facebook<\/a> oder <a href=\"https:\/\/www.instagram.com\/vapotheque\" target=\"_blank\" rel=\"noopener\">Instagram<\/a>.<\/p>\n","protected":false},"excerpt":{"rendered":"<p>Coil Connection zeigt uns seine Transformer Coils in 0,32 Ohm! Mehr Stil, mehr M\u00f6glichkeiten. Die handgefertigten 0,32 Ohm Transformer Coils von Coil Connection bieten ihr au\u00dfergew\u00f6hnliches Geflecht all Ihren DL-Setups als Single- oder Dual-Coils an. Nutzen Sie ihre Kombination Ni80 + Ni90, um von einer erh\u00f6hten Reaktionsf\u00e4higkeit zu profitieren! So sch\u00f6ne Coils, man k\u00f6nnte fast [&hellip;]<\/p>\n","protected":false},"featured_media":16832,"template":"","meta":{"_acf_changed":false},"product_cat":[442,408,425,416],"product_tag":[],"class_list":{"0":"post-17754","1":"product","2":"type-product","3":"status-publish","4":"has-post-thumbnail","6":"product_brand-coil-connection-de","7":"product_cat-hervorgehobene-produkte","8":"product_cat-lieferbar-innerhalb-von-24-stunden-de","9":"product_cat-rekonstruierbare-faden","10":"product_cat-zubehor","12":"first","13":"instock","14":"taxable","15":"shipping-taxable","16":"purchasable","17":"product-type-simple"},"acf":[],"jetpack_sharing_enabled":true,"_links":{"self":[{"href":"https:\/\/vapotheque.ch\/de\/wp-json\/wp\/v2\/product\/17754","targetHints":{"allow":["GET"]}}],"collection":[{"href":"https:\/\/vapotheque.ch\/de\/wp-json\/wp\/v2\/product"}],"about":[{"href":"https:\/\/vapotheque.ch\/de\/wp-json\/wp\/v2\/types\/product"}],"wp:featuredmedia":[{"embeddable":true,"href":"https:\/\/vapotheque.ch\/de\/wp-json\/wp\/v2\/media\/16832"}],"wp:attachment":[{"href":"https:\/\/vapotheque.ch\/de\/wp-json\/wp\/v2\/media?parent=17754"}],"wp:term":[{"taxonomy":"product_cat","embeddable":true,"href":"https:\/\/vapotheque.ch\/de\/wp-json\/wp\/v2\/product_cat?post=17754"},{"taxonomy":"product_tag","embeddable":true,"href":"https:\/\/vapotheque.ch\/de\/wp-json\/wp\/v2\/product_tag?post=17754"}],"curies":[{"name":"wp","href":"https:\/\/api.w.org\/{rel}","templated":true}]}}