{"id":17750,"date":"2022-07-09T10:45:09","date_gmt":"2022-07-09T08:45:09","guid":{"rendered":"https:\/\/vapotheque.ch\/boutique\/graduierte-flasche-230ml\/"},"modified":"2024-11-12T11:28:00","modified_gmt":"2024-11-12T10:28:00","slug":"flasche-graduee-230ml","status":"publish","type":"product","link":"https:\/\/vapotheque.ch\/de\/shop\/flasche-graduee-230ml\/","title":{"rendered":"Graduierte Flasche 230ML"},"content":{"rendered":"<h2>Bereiten Sie Ihre DIYs in der 230ml-Messflasche vor.<\/h2>\n<p>Die <strong>230 ml<\/strong> Messflasche ist mit einer <strong>Dosierkappe<\/strong> ausgestattet und sehr <strong>praktisch<\/strong>! Sie m\u00fcssen sich nicht mehr stundenlang mit dem Entfernen der Pipette abm\u00fchen, sondern k\u00f6nnen einfach den Verschluss abschrauben. Egal welches Aroma Sie hineingeben, die 230 ml Flaschen passen \u00fcberall hin, in Ihre Tasche oder in eine Tragetasche, so dass Ihnen nie Ihre Lieblingsfl\u00fcssigkeit ausgeht!<\/p>\n<p>Sie brauchen nicht mehr zu \u00fcberlegen, Sie mischen sich einfach etwas zusammen und schon ist alles bereit, um Sie zu begleiten!<\/p>\n<p>Die Graduierungen auf der Flasche erleichtern Ihnen das Leben bei der Vorbereitung Ihrer DIYs oder zeigen Ihnen einfach, wie viel Liquid noch verf\u00fcgbar ist.<\/p>\n<h3>Graduierung: bis zu 230 ml<br \/>\nMaximale Kapazit\u00e4t: bis zu 250 ml<\/h3>\n<p>&nbsp;<\/p>\n<p>Entdecken Sie alle unsere Produkte f\u00fcr <a href=\"\/categorie\/diy\/materiel-diy?orderby=date\/\" target=\"_blank\" rel=\"noopener\">DIY-Material<\/a>.<\/p>\n<p>Erhalten Sie Rabatte oder die neuesten Informationen \u00fcber unsere Produkte, indem Sie uns auf unseren sozialen Netzwerken folgen: <a href=\"https:\/\/www.facebook.com\/VapeAigleCH\" target=\"_blank\" rel=\"noopener\">Facebook<\/a> oder <a href=\"https:\/\/www.instagram.com\/vapotheque\" target=\"_blank\" rel=\"noopener\">Instagram<\/a>.<\/p>\n","protected":false},"excerpt":{"rendered":"<p>Bereiten Sie Ihre DIYs in der 230ml-Messflasche vor. Die 230 ml Messflasche ist mit einer Dosierkappe ausgestattet und sehr praktisch! Sie m\u00fcssen sich nicht mehr stundenlang mit dem Entfernen der Pipette abm\u00fchen, sondern k\u00f6nnen einfach den Verschluss abschrauben. Egal welches Aroma Sie hineingeben, die 230 ml Flaschen passen \u00fcberall hin, in Ihre Tasche oder in [&hellip;]<\/p>\n","protected":false},"featured_media":16856,"template":"","meta":{"_acf_changed":false},"product_cat":[443,484,442,408],"product_tag":[],"class_list":{"0":"post-17750","1":"product","2":"type-product","3":"status-publish","4":"has-post-thumbnail","6":"product_brand-bouteille-graduees-de","7":"product_cat-diy-de","8":"product_cat-diy-material","9":"product_cat-hervorgehobene-produkte","10":"product_cat-lieferbar-innerhalb-von-24-stunden-de","12":"first","13":"instock","14":"taxable","15":"shipping-taxable","16":"purchasable","17":"product-type-simple"},"acf":[],"jetpack_sharing_enabled":true,"_links":{"self":[{"href":"https:\/\/vapotheque.ch\/de\/wp-json\/wp\/v2\/product\/17750","targetHints":{"allow":["GET"]}}],"collection":[{"href":"https:\/\/vapotheque.ch\/de\/wp-json\/wp\/v2\/product"}],"about":[{"href":"https:\/\/vapotheque.ch\/de\/wp-json\/wp\/v2\/types\/product"}],"wp:featuredmedia":[{"embeddable":true,"href":"https:\/\/vapotheque.ch\/de\/wp-json\/wp\/v2\/media\/16856"}],"wp:attachment":[{"href":"https:\/\/vapotheque.ch\/de\/wp-json\/wp\/v2\/media?parent=17750"}],"wp:term":[{"taxonomy":"product_cat","embeddable":true,"href":"https:\/\/vapotheque.ch\/de\/wp-json\/wp\/v2\/product_cat?post=17750"},{"taxonomy":"product_tag","embeddable":true,"href":"https:\/\/vapotheque.ch\/de\/wp-json\/wp\/v2\/product_tag?post=17750"}],"curies":[{"name":"wp","href":"https:\/\/api.w.org\/{rel}","templated":true}]}}