{"id":17748,"date":"2022-08-03T12:11:08","date_gmt":"2022-08-03T10:11:08","guid":{"rendered":"https:\/\/vapotheque.ch\/boutique\/creavap-gandalf-60-e-pfeife\/"},"modified":"2024-07-16T14:21:46","modified_gmt":"2024-07-16T12:21:46","slug":"creavap-gandalf-60-e-pipe","status":"publish","type":"product","link":"https:\/\/vapotheque.ch\/de\/shop\/creavap-gandalf-60-e-pipe\/","title":{"rendered":"Creavap &#8211; Gandalf 60 E-Pfeife"},"content":{"rendered":"<h2>Entdecken Sie die E-Pfeife Gandalf 60 von Cr\u00e9avap.<\/h2>\n<p>Die E-Pipe Gandalf 60 von Creavap ist eine hochwertige elektronische Pfeife!<\/p>\n<h2>Das e-pipe-Format &#8230;<\/h2>\n<p>Sie sind es gewohnt, Pfeife zu rauchen und m\u00f6chten auf das Vaporisieren umsteigen? Suchen Sie nicht weiter! Sie haben gefunden, was Sie brauchen!<\/p>\n<p>Die Gandalf 60 ist mit einem<strong> Ambiton 60W-Chip<\/strong> ausgestattet, Sie k\u00f6nnen Ihre Leistung mithilfe des winzigen Bildschirms nach Belieben einstellen. Kein Stress mehr, die E-Pipe Gandalf 60 von Creavap wird Sie den ganzen Tag \u00fcber begleiten.<\/p>\n<p>Mit <strong>au\u00dfergew\u00f6hnlichen Materialien<\/strong> gearbeitet, besteht es aus <strong>Walnussholz<\/strong>. Die beiden Kn\u00f6pfe an der Seite dienen als Schalter, um die Pfeife zu starten oder sie nach Lust und Laune zwischen <strong>1 und 60 W<\/strong> einzustellen.<\/p>\n<p>Der Gandalf 60W verf\u00fcgt \u00fcber eine<strong> perfekte Verarbeitung<\/strong> und liegt sehr gut in der <strong>Hand<\/strong>. Sie wird mit einem wundersch\u00f6nen<strong> gefederten Switch mit Holzeinschluss<\/strong> geliefert.<\/p>\n<h2>18650&#8230;<\/h2>\n<p>Die E-Pipe Gandalf 60 wird mit einem <strong>Akku<\/strong> im Format <strong>18650<\/strong> betrieben und sichert ihrem Besitzer stundenlanges Dampfen. Sie m\u00fcssen nur das Topcap abschrauben, um den leeren Akku gegen den vollen auszutauschen.<\/p>\n<p><strong>ACHTUNG: 18650-Akku separat erh\u00e4ltlich.<\/strong><\/p>\n<h2>E-Pipe mit einem Clearomizer f\u00fcr die Gandalf 60&#8230;<\/h2>\n<p>W\u00e4hlen Sie den Clearomizer oder Zerst\u00e4uber Ihrer Wahl. Mit dem 510er Pin k\u00f6nnen Sie jeden Atomizer mit einem Durchmesser von maximal 22 mm anbringen.<\/p>\n<p>F\u00fcr eine optimale Nutzung empfehlen wir Ihnen den Clearomizer <strong>Nautilus 3 22mm, <\/strong>oder den <strong>Whisper-Zerst\u00e4uber <\/strong>.<\/p>\n<p><strong>Das<\/strong> 510er Format erm\u00f6glicht es Ihnen, das urspr\u00fcngliche Drip Tip Ihres Zerst\u00e4ubers auszutauschen.<\/p>\n<p><strong>ACHTUNG: Zerst\u00e4uber oder Clearomizer separat erh\u00e4ltlich. <\/strong><\/p>\n<p>&nbsp;<\/p>\n<p>Die Box enth\u00e4lt nicht die auf den Fotos abgebildete Cr\u00e9avap-Halterung.<\/p>\n<p>&nbsp;<\/p>\n<h2>Inhalt des Creavap E-Pipe-Sets Gandalf 60<\/h2>\n<ul>\n<li>1 ePipe Gandalf 60W<\/li>\n<li>1 stem Churchwarden 8\u2033<\/li>\n<li>1 Echtheitszertifikat<\/li>\n<\/ul>\n<p>Entdecken Sie alle unsere <a href=\"\/categorie\/box-mods\/vapes-high-end?orderby=date\/\" target=\"_blank\" rel=\"noopener\">High End-Produkte<\/a>.<\/p>\n<p>Erhalte Rabatte oder die neuesten Informationen \u00fcber unsere anderen im Gesch\u00e4ft erh\u00e4ltlichen Produkte, indem du uns auf unseren sozialen Netzwerken folgst: <a href=\"https:\/\/www.facebook.com\/VapeAigleCH\" target=\"_blank\" rel=\"noopener\">Facebook<\/a> oder <a href=\"https:\/\/www.instagram.com\/vapotheque\" target=\"_blank\" rel=\"noopener\">Instagram<\/a>.<\/p>\n","protected":false},"excerpt":{"rendered":"<p>Entdecken Sie die E-Pfeife Gandalf 60 von Cr\u00e9avap. Die E-Pipe Gandalf 60 von Creavap ist eine hochwertige elektronische Pfeife! Das e-pipe-Format &#8230; Sie sind es gewohnt, Pfeife zu rauchen und m\u00f6chten auf das Vaporisieren umsteigen? Suchen Sie nicht weiter! Sie haben gefunden, was Sie brauchen! Die Gandalf 60 ist mit einem Ambiton 60W-Chip ausgestattet, Sie [&hellip;]<\/p>\n","protected":false},"featured_media":17000,"template":"","meta":{"_acf_changed":false},"product_cat":[448,442,432,408],"product_tag":[],"class_list":{"0":"post-17748","1":"product","2":"type-product","3":"status-publish","4":"has-post-thumbnail","6":"product_brand-creavap-de","7":"product_cat-box-mods-de","8":"product_cat-hervorgehobene-produkte","9":"product_cat-high-end","10":"product_cat-lieferbar-innerhalb-von-24-stunden-de","12":"first","13":"instock","14":"taxable","15":"shipping-taxable","16":"purchasable","17":"product-type-variable"},"acf":[],"jetpack_sharing_enabled":true,"_links":{"self":[{"href":"https:\/\/vapotheque.ch\/de\/wp-json\/wp\/v2\/product\/17748","targetHints":{"allow":["GET"]}}],"collection":[{"href":"https:\/\/vapotheque.ch\/de\/wp-json\/wp\/v2\/product"}],"about":[{"href":"https:\/\/vapotheque.ch\/de\/wp-json\/wp\/v2\/types\/product"}],"wp:featuredmedia":[{"embeddable":true,"href":"https:\/\/vapotheque.ch\/de\/wp-json\/wp\/v2\/media\/17000"}],"wp:attachment":[{"href":"https:\/\/vapotheque.ch\/de\/wp-json\/wp\/v2\/media?parent=17748"}],"wp:term":[{"taxonomy":"product_cat","embeddable":true,"href":"https:\/\/vapotheque.ch\/de\/wp-json\/wp\/v2\/product_cat?post=17748"},{"taxonomy":"product_tag","embeddable":true,"href":"https:\/\/vapotheque.ch\/de\/wp-json\/wp\/v2\/product_tag?post=17748"}],"curies":[{"name":"wp","href":"https:\/\/api.w.org\/{rel}","templated":true}]}}