{"id":17746,"date":"2022-07-22T12:42:16","date_gmt":"2022-07-22T10:42:16","guid":{"rendered":"https:\/\/vapotheque.ch\/boutique\/revolute-bergamotte-tee-konzentrat-10ml\/"},"modified":"2023-09-19T12:12:06","modified_gmt":"2023-09-19T10:12:06","slug":"revolute-concentre-the-bergamote-10ml-2","status":"publish","type":"product","link":"https:\/\/vapotheque.ch\/de\/shop\/revolute-concentre-the-bergamote-10ml-2\/","title":{"rendered":"Revolute &#8211; Bergamotte Tee-Konzentrat 10ml"},"content":{"rendered":"<h2>Ein Konzentrat, das nicht wie alle anderen ist<\/h2>\n<p><b>Concentr\u00e9 Talk Less Th\u00e9 Bergamote<\/b> 10ml von <strong>Revolute<\/strong> k\u00f6nnte der n\u00e4chste Sommerhit in Ihrer E-Zigarette werden, da Sie die Delikatesse dieses durstl\u00f6schenden Liquids mit dem s\u00fc\u00dfen Duft von Bergamotte-Tee genie\u00dfen werden. Ein wahrhaft erfrischendes, gewinnendes und erfolgreiches Duo!<\/p>\n<p>Zum <strong>schwarzen Tee<\/strong> gesellt sich das erstaunliche Gew\u00fcrz der <strong>Bergamotte<\/strong> f\u00fcr eine perfekte Kombo! Sie, Sie m\u00f6gen Ihren Tee genauso wie Ihren Kaffee. Schwarz! Intensiver und geschmackvoller ist der mit Bergamotte aromatisierte Schwarztee, der die Gabe hat, die Koffer vor Ihren Augen in den Frachtraum zur\u00fcckzuschicken und jeden Morgen mit einem reichen Geschmack zu er\u00f6ffnen, der Sie bis zum Abend berauscht. Entdecken Sie diesen genussvoll durchzogenen Geschmack im Aroma DIY Tee Bergamotte 10ml Revolute.<\/p>\n<p><strong>Empfohlene Dosierung: 10 % f\u00fcr eine Basis in 50\/50 PG\/VG<\/strong><\/p>\n<h2>Wie verwende ich das Aroma Bergamotte Tee?<\/h2>\n<p><strong>Talk Less Bergamotte-Tee<\/strong><b> <\/b>ist f\u00fcr den Gebrauch im Do-it-yourself-Verfahren gedacht.<strong> Er sollte<\/strong> auf keinen Fall unverd\u00fcnnt<strong> konsumiert<\/strong> werden, sondern mit einer PG\/VG-Basis verd\u00fcnnt werden. Alle unsere Tipps zur Verwendung finden Sie unten.<\/p>\n<h3><u>Zubereitung des Bergamotte-Tee-Konzentrats :<\/u><\/h3>\n<h4>Die Zutaten<\/h4>\n<ul>\n<li>Ein Konzentrat Revolute Tee Bergamotte 10ml<\/li>\n<li>Eine gebrauchsfertige Basis (PG\/VG), mit oder ohne Nikotin<\/li>\n<\/ul>\n<h4>Das Material<\/h4>\n<ul>\n<li>Eine oder mehrere Plastikflaschen mit dem von Ihnen gew\u00fcnschten Fassungsverm\u00f6gen, um Ihre Zubereitung zu mischen.<\/li>\n<li>Eine Spritze oder Pipette<\/li>\n<li>Schutzhandschuhe<\/li>\n<li>Eine Schutzbrille<\/li>\n<\/ul>\n<h4>Die Vorbereitung<\/h4>\n<ul>\n<li>Waschen Sie sich vor der Handhabung die H\u00e4nde und stellen Sie sicher, dass Sie sich au\u00dferhalb der Reichweite von Kindern auf einer sauberen Arbeitsfl\u00e4che befinden.<\/li>\n<li>Benutzen Sie die Spritze oder eine Pipette, um Ihre leere Flasche mit Basisfl\u00fcssigkeit zu f\u00fcllen (Beispiel: f\u00fcr 50 ml e-Fl\u00fcssigkeit f\u00fcllen Sie 45 ml Basisfl\u00fcssigkeit ein und behalten die restlichen 5 ml f\u00fcr das Aroma).<\/li>\n<li>Benutzen Sie Handschuhe, um Ihre Basis zu handhaben, wenn Sie Nikotin verwenden.<\/li>\n<li>Sch\u00fcttle deine Aromaflasche vor der Verwendung.<\/li>\n<li>F\u00fcgen Sie einige Tropfen Aroma gem\u00e4\u00df der Dosierung hinzu (in diesem Beispiel 5 ml).<\/li>\n<li>Sch\u00fctteln Sie Ihre Mischung etwa zehn Sekunden lang kr\u00e4ftig.<\/li>\n<li>Lassen Sie Ihre Zubereitung einige Tage stehen, damit sich die Aromen entwickeln k\u00f6nnen.<\/li>\n<li>Waschen Sie sich erneut die H\u00e4nde und reinigen Sie Ihre Ausr\u00fcstung sowie Ihre Arbeitsfl\u00e4che.<\/li>\n<\/ul>\n<p>Ihre DIY e-Liquids sind fertig!<\/p>\n<h4>Die Reifung<\/h4>\n<p>Um ein perfekt ausgewogenes Ergebnis zu erzielen, empfehlen wir Ihnen, vor der Verwendung Ihrer e-Liquids eine Reifezeit einzuhalten. So erm\u00f6glichen Sie es allen Aromen, sich zu entwickeln und ihr volles Potenzial zu entfalten.<\/p>\n<p>F\u00fcr das Konzentrat Th\u00e9 Bergamote wird eine Reifezeit (oder Steep) von mindestens <strong>zwei Wochen<\/strong> empfohlen, um eine optimale Wirkung zu erzielen.<\/p>\n<p>Vape or DIY haben jedoch bei der Herstellung des Konzentrats Bergamotte Tee 10ml an die Eiligen unter Ihnen gedacht, weshalb es normalerweise sofort nach der Zubereitung gedampft werden kann.<\/p>\n<p>Die Produkte von Vape or DIY erf\u00fcllen alle in Frankreich geltenden Gesundheitsstandards und entsprechen den Anforderungen der Europ\u00e4ischen Union.<\/p>\n<p>Entdecken Sie weitere Produkte der Marke <a href=\"https:\/\/vapotheque.ch\/de\/produkt_brand\/revolute-de\/\" target=\"_blank\" rel=\"noopener\">Revolute<\/a>!<\/p>\n<p><a href=\"\/categorie\/diy\/concentre-diy\/\" target=\"_blank\" rel=\"noopener\">Hier<\/a> finden Sie alle unsere Konzentrate.<\/p>\n<p>Erhalten Sie Rabatte oder die neuesten Informationen \u00fcber unsere Produkte, indem Sie uns auf unseren sozialen Netzwerken folgen: <a href=\"https:\/\/www.facebook.com\/VapeAigleCH\" target=\"_blank\" rel=\"noopener\">Facebook<\/a> oder <a href=\"https:\/\/www.instagram.com\/vapotheque\" target=\"_blank\" rel=\"noopener\">Instagram<\/a>.<\/p>\n","protected":false},"excerpt":{"rendered":"<p>Ein Konzentrat, das nicht wie alle anderen ist Concentr\u00e9 Talk Less Th\u00e9 Bergamote 10ml von Revolute k\u00f6nnte der n\u00e4chste Sommerhit in Ihrer E-Zigarette werden, da Sie die Delikatesse dieses durstl\u00f6schenden Liquids mit dem s\u00fc\u00dfen Duft von Bergamotte-Tee genie\u00dfen werden. Ein wahrhaft erfrischendes, gewinnendes und erfolgreiches Duo! Zum schwarzen Tee gesellt sich das erstaunliche Gew\u00fcrz der [&hellip;]<\/p>\n","protected":false},"featured_media":16914,"template":"","meta":{"_acf_changed":false},"product_cat":[443,442,468,408],"product_tag":[],"class_list":{"0":"post-17746","1":"product","2":"type-product","3":"status-publish","4":"has-post-thumbnail","6":"product_brand-revolute-de","7":"product_cat-diy-de","8":"product_cat-hervorgehobene-produkte","9":"product_cat-konzentrate","10":"product_cat-lieferbar-innerhalb-von-24-stunden-de","12":"first","13":"instock","14":"taxable","15":"shipping-taxable","16":"purchasable","17":"product-type-simple"},"acf":[],"jetpack_sharing_enabled":true,"_links":{"self":[{"href":"https:\/\/vapotheque.ch\/de\/wp-json\/wp\/v2\/product\/17746","targetHints":{"allow":["GET"]}}],"collection":[{"href":"https:\/\/vapotheque.ch\/de\/wp-json\/wp\/v2\/product"}],"about":[{"href":"https:\/\/vapotheque.ch\/de\/wp-json\/wp\/v2\/types\/product"}],"wp:featuredmedia":[{"embeddable":true,"href":"https:\/\/vapotheque.ch\/de\/wp-json\/wp\/v2\/media\/16914"}],"wp:attachment":[{"href":"https:\/\/vapotheque.ch\/de\/wp-json\/wp\/v2\/media?parent=17746"}],"wp:term":[{"taxonomy":"product_cat","embeddable":true,"href":"https:\/\/vapotheque.ch\/de\/wp-json\/wp\/v2\/product_cat?post=17746"},{"taxonomy":"product_tag","embeddable":true,"href":"https:\/\/vapotheque.ch\/de\/wp-json\/wp\/v2\/product_tag?post=17746"}],"curies":[{"name":"wp","href":"https:\/\/api.w.org\/{rel}","templated":true}]}}