{"id":17744,"date":"2022-07-05T12:14:04","date_gmt":"2022-07-05T10:14:04","guid":{"rendered":"https:\/\/vapotheque.ch\/boutique\/protect-neith-e-liquid\/"},"modified":"2025-11-06T15:16:24","modified_gmt":"2025-11-06T14:16:24","slug":"protect-neith-e-liquid","status":"publish","type":"product","link":"https:\/\/vapotheque.ch\/de\/shop\/protect-neith-e-liquid\/","title":{"rendered":"Protect &#8211; Neith E-Liquid 50 ml \/ 70 ml"},"content":{"rendered":"<h2>Protect verw\u00f6hnt uns wieder einmal mit dem E-Liquid Neith!<\/h2>\n<p>Die franz\u00f6sischen Independents der Marke Protect haben mit dem Neith E-Liquid wieder einmal hart zugeschlagen!<\/p>\n<p>In wenigen Worten: Protect setzen sich f\u00fcr den <strong>Schutz der Bienen<\/strong> ein, die als Best\u00e4uberk\u00f6niginnen f\u00fcr das Wohlergehen unseres Planeten unerl\u00e4sslich sind und in den letzten Jahren stark gef\u00e4hrdet sind. Indem Sie ihre Fl\u00fcssigkeiten kaufen, sichern Sie ihnen eine bessere Zukunft im l\u00e4ndlichen Okzitanien Frankreichs.<\/p>\n<p>Das Neith Liquid ist sehr gut verarbeitet, so dass Sie alle vorgegebenen Aromen wiederfinden: <strong>Gr\u00fcner Tee<\/strong> mit Minze, <strong>Zitrone<\/strong> und ein Hauch von <strong>Honig<\/strong> mit einer leicht frischen Seite dank der <strong>gr\u00fcnen Minze<\/strong>. Eine gute Gelegenheit, sich zu am\u00fcsieren!<\/p>\n<p>Diese Mischung wird aus den verschiedenen Elementen des Gartens hergestellt (gr\u00fcne Minze, Zitrone und Honig, der f\u00fcr unsere Selbstst\u00e4ndigen so wichtig ist).<\/p>\n<p>Hergestellt in Frankreich.<\/p>\n<p>PG\/VG Anteil: 40\/60<\/p>\n<p>Sehen Sie sich alle Produkte der Marke <a href=\"\/product_brand\/protect\/\" target=\"_blank\" rel=\"noopener\">Protect<\/a> an.<\/p>\n<p>Erhalten Sie Rabatte oder die neuesten Informationen zu unseren Produkten, indem Sie uns in unseren sozialen Netzwerken folgen: <a href=\"https:\/\/www.facebook.com\/VapeAigleCH\" target=\"_blank\" rel=\"noopener\">Facebook<\/a> oder <a href=\"https:\/\/www.instagram.com\/vapotheque_aigle\/\" target=\"_blank\" rel=\"noopener\">Instagram<\/a>.<\/p>\n","protected":false},"excerpt":{"rendered":"<p>Protect verw\u00f6hnt uns wieder einmal mit dem E-Liquid Neith! Die franz\u00f6sischen Independents der Marke Protect haben mit dem Neith E-Liquid wieder einmal hart zugeschlagen! In wenigen Worten: Protect setzen sich f\u00fcr den Schutz der Bienen ein, die als Best\u00e4uberk\u00f6niginnen f\u00fcr das Wohlergehen unseres Planeten unerl\u00e4sslich sind und in den letzten Jahren stark gef\u00e4hrdet sind. Indem [&hellip;]<\/p>\n","protected":false},"featured_media":47698,"template":"","meta":{"_acf_changed":false},"product_cat":[405,404,442,408,1686,1679],"product_tag":[],"class_list":{"0":"post-17744","1":"product","2":"type-product","3":"status-publish","4":"has-post-thumbnail","6":"product_brand-protect-de","7":"product_cat-e-liquids","8":"product_cat-fruchtig","9":"product_cat-hervorgehobene-produkte","10":"product_cat-lieferbar-innerhalb-von-24-stunden-de","11":"product_cat-50-ml-fur-70-ml","12":"product_cat-menge-e-flussigkeit-kapazitat-flasche","14":"first","15":"instock","16":"taxable","17":"shipping-taxable","18":"purchasable","19":"product-type-simple"},"acf":[],"jetpack_sharing_enabled":true,"_links":{"self":[{"href":"https:\/\/vapotheque.ch\/de\/wp-json\/wp\/v2\/product\/17744","targetHints":{"allow":["GET"]}}],"collection":[{"href":"https:\/\/vapotheque.ch\/de\/wp-json\/wp\/v2\/product"}],"about":[{"href":"https:\/\/vapotheque.ch\/de\/wp-json\/wp\/v2\/types\/product"}],"wp:featuredmedia":[{"embeddable":true,"href":"https:\/\/vapotheque.ch\/de\/wp-json\/wp\/v2\/media\/47698"}],"wp:attachment":[{"href":"https:\/\/vapotheque.ch\/de\/wp-json\/wp\/v2\/media?parent=17744"}],"wp:term":[{"taxonomy":"product_cat","embeddable":true,"href":"https:\/\/vapotheque.ch\/de\/wp-json\/wp\/v2\/product_cat?post=17744"},{"taxonomy":"product_tag","embeddable":true,"href":"https:\/\/vapotheque.ch\/de\/wp-json\/wp\/v2\/product_tag?post=17744"}],"curies":[{"name":"wp","href":"https:\/\/api.w.org\/{rel}","templated":true}]}}