{"id":17740,"date":"2022-07-09T10:26:29","date_gmt":"2022-07-09T08:26:29","guid":{"rendered":"https:\/\/vapotheque.ch\/boutique\/graduierte-flasche-110ml\/"},"modified":"2024-11-12T11:27:59","modified_gmt":"2024-11-12T10:27:59","slug":"flasche-graduee-110ml","status":"publish","type":"product","link":"https:\/\/vapotheque.ch\/de\/shop\/flasche-graduee-110ml\/","title":{"rendered":"Graduierte Flasche 110ML"},"content":{"rendered":"<h2>Bereiten Sie Ihre DIYs in der 110-ml-Messflasche vor.<\/h2>\n<p>Ausgestattet mit einem <strong>Dosierverschluss<\/strong> ist die <strong>110ml-Messflasche<\/strong> sehr <strong>praktisch<\/strong>! Schluss mit stundenlanger M\u00fchsal, um die ber\u00fchmte Pipette zu entfernen, schrauben Sie einfach den Verschluss&#8230;<\/p>\n<p>Egal, welches Aroma du hineinf\u00fcllst, die 110ml-Flaschen passen \u00fcberall hin, in deine Tasche oder in eine Tragetasche, damit dir deine Lieblingsfl\u00fcssigkeit nie ausgeht!<\/p>\n<p>Sie brauchen nicht mehr zu \u00fcberlegen, Sie mischen sich einfach etwas zusammen und schon ist alles bereit, um Sie zu begleiten!<\/p>\n<p>Die Graduierungen auf der Flasche erleichtern Ihnen das Leben bei der Vorbereitung Ihrer DIYs oder zeigen Ihnen einfach, wie viel Liquid noch verf\u00fcgbar ist.<\/p>\n<h3>Verpackung: 110ml.<\/h3>\n<p>&nbsp;<\/p>\n<p>Entdecken Sie alle unsere Produkte f\u00fcr <a href=\"\/categorie\/diy\/materiel-diy?orderby=date\/\" target=\"_blank\" rel=\"noopener\">DIY-Material<\/a>.<\/p>\n<p>Erhalten Sie Rabatte oder die neuesten Informationen \u00fcber unsere Produkte, indem Sie uns auf unseren sozialen Netzwerken folgen: <a href=\"https:\/\/www.facebook.com\/VapeAigleCH\" target=\"_blank\" rel=\"noopener\">Facebook<\/a> oder <a href=\"https:\/\/www.instagram.com\/vapotheque\" target=\"_blank\" rel=\"noopener\">Instagram<\/a>.<\/p>\n","protected":false},"excerpt":{"rendered":"<p>Bereiten Sie Ihre DIYs in der 110-ml-Messflasche vor. Ausgestattet mit einem Dosierverschluss ist die 110ml-Messflasche sehr praktisch! Schluss mit stundenlanger M\u00fchsal, um die ber\u00fchmte Pipette zu entfernen, schrauben Sie einfach den Verschluss&#8230; Egal, welches Aroma du hineinf\u00fcllst, die 110ml-Flaschen passen \u00fcberall hin, in deine Tasche oder in eine Tragetasche, damit dir deine Lieblingsfl\u00fcssigkeit nie ausgeht! [&hellip;]<\/p>\n","protected":false},"featured_media":16854,"template":"","meta":{"_acf_changed":false},"product_cat":[443,484,442,408],"product_tag":[],"class_list":{"0":"post-17740","1":"product","2":"type-product","3":"status-publish","4":"has-post-thumbnail","6":"product_brand-bouteille-graduees-de","7":"product_cat-diy-de","8":"product_cat-diy-material","9":"product_cat-hervorgehobene-produkte","10":"product_cat-lieferbar-innerhalb-von-24-stunden-de","12":"first","13":"instock","14":"taxable","15":"shipping-taxable","16":"purchasable","17":"product-type-simple"},"acf":[],"jetpack_sharing_enabled":true,"_links":{"self":[{"href":"https:\/\/vapotheque.ch\/de\/wp-json\/wp\/v2\/product\/17740","targetHints":{"allow":["GET"]}}],"collection":[{"href":"https:\/\/vapotheque.ch\/de\/wp-json\/wp\/v2\/product"}],"about":[{"href":"https:\/\/vapotheque.ch\/de\/wp-json\/wp\/v2\/types\/product"}],"wp:featuredmedia":[{"embeddable":true,"href":"https:\/\/vapotheque.ch\/de\/wp-json\/wp\/v2\/media\/16854"}],"wp:attachment":[{"href":"https:\/\/vapotheque.ch\/de\/wp-json\/wp\/v2\/media?parent=17740"}],"wp:term":[{"taxonomy":"product_cat","embeddable":true,"href":"https:\/\/vapotheque.ch\/de\/wp-json\/wp\/v2\/product_cat?post=17740"},{"taxonomy":"product_tag","embeddable":true,"href":"https:\/\/vapotheque.ch\/de\/wp-json\/wp\/v2\/product_tag?post=17740"}],"curies":[{"name":"wp","href":"https:\/\/api.w.org\/{rel}","templated":true}]}}