{"id":17733,"date":"2022-06-23T18:20:10","date_gmt":"2022-06-23T16:20:10","guid":{"rendered":"https:\/\/vapotheque.ch\/boutique\/revolute-konzentrat-die-duos-minze-gurke-10ml\/"},"modified":"2026-03-24T20:52:20","modified_gmt":"2026-03-24T19:52:20","slug":"revolute-konzentriert-die-duos-minze-gurke-10ml","status":"publish","type":"product","link":"https:\/\/vapotheque.ch\/de\/shop\/revolute-konzentriert-die-duos-minze-gurke-10ml\/","title":{"rendered":"Revolute &#8211; Konzentrat Die Duos Minze Gurke 10ml"},"content":{"rendered":"<h2>Ein Konzentrat, das nicht wie alle anderen ist<\/h2>\n<p><strong>Die Duos<\/strong> <strong>Minze<\/strong> <strong>Gurke<\/strong> von <strong>Revolute<\/strong> werden wahrscheinlich der n\u00e4chste Sommerhit in Ihrer E-Zigarette, da Sie die Delikatesse dieser durstl\u00f6schenden Frucht in Verbindung mit dem s\u00fc\u00dfen Duft der Minze genie\u00dfen werden. Ein wahrhaft erfrischendes, gewinnendes und erfolgreiches Duo!<\/p>\n<p><strong>Empfohlene Dosierung: 10 % f\u00fcr eine Basis in 50\/50 PG\/VG<\/strong><\/p>\n<h2>Wie verwende ich das Aroma Les Duos Minze Gurke?<\/h2>\n<p><strong>Die Duos Minze Gurke<\/strong><b> <\/b>ist f\u00fcr den Einsatz im DIY-Bereich konzipiert. Er sollte auf keinen Fall unverd\u00fcnnt konsumiert werden, sondern mit einer PG\/VG-Basis verd\u00fcnnt werden. Alle unsere Tipps zur Verwendung finden Sie unten.<\/p>\n<h3><u>Zubereitung des Les Duos Mint Gurkenkonzentrats :<\/u><\/h3>\n<h4>Die Zutaten<\/h4>\n<ul>\n<li>Ein Konzentrat Revolute Les Duos Minze Gurke 10ml<\/li>\n<li>Eine gebrauchsfertige Basis (PG\/VG), mit oder ohne Nikotin<\/li>\n<\/ul>\n<h4>Das Material<\/h4>\n<ul>\n<li>Eine oder mehrere Plastikflaschen mit dem von Ihnen gew\u00fcnschten Fassungsverm\u00f6gen, um Ihre Zubereitung zu mischen.<\/li>\n<li>Eine Spritze oder Pipette<\/li>\n<li>Schutzhandschuhe<\/li>\n<li>Eine Schutzbrille<\/li>\n<\/ul>\n<h4>Die Vorbereitung<\/h4>\n<ul>\n<li>Waschen Sie sich vor der Handhabung die H\u00e4nde und stellen Sie sicher, dass Sie sich au\u00dferhalb der Reichweite von Kindern auf einer sauberen Arbeitsfl\u00e4che befinden.<\/li>\n<li>Benutzen Sie die Spritze oder eine Pipette, um Ihre leere Flasche mit Basisfl\u00fcssigkeit zu f\u00fcllen (Beispiel: f\u00fcr 50 ml e-Fl\u00fcssigkeit f\u00fcllen Sie 45 ml Basisfl\u00fcssigkeit ein und behalten die restlichen 5 ml f\u00fcr das Aroma).<\/li>\n<li>Benutzen Sie Handschuhe, um Ihre Basis zu handhaben, wenn Sie Nikotin verwenden.<\/li>\n<li>Sch\u00fcttle deine Aromaflasche vor der Verwendung.<\/li>\n<li>F\u00fcgen Sie einige Tropfen Aroma gem\u00e4\u00df der Dosierung hinzu (in diesem Beispiel 5 ml).<\/li>\n<li>Sch\u00fctteln Sie Ihre Mischung etwa zehn Sekunden lang kr\u00e4ftig.<\/li>\n<li>Lassen Sie Ihre Zubereitung einige Tage stehen, damit sich die Aromen entwickeln k\u00f6nnen.<\/li>\n<li>Waschen Sie sich erneut die H\u00e4nde und reinigen Sie Ihre Ausr\u00fcstung sowie Ihre Arbeitsfl\u00e4che.<\/li>\n<\/ul>\n<p>Ihre DIY e-Liquids sind fertig!<\/p>\n<h4>Die Reifung<\/h4>\n<p>Um ein perfekt ausgewogenes Ergebnis zu erzielen, empfehlen wir Ihnen, vor der Verwendung Ihrer e-Liquids eine Reifezeit einzuhalten. So erm\u00f6glichen Sie es allen Aromen, sich zu entwickeln und ihr volles Potenzial zu entfalten.<\/p>\n<p>F\u00fcr Les Duos Mint Gurke wird eine Reifezeit (oder Steep) von mindestens <strong>48 Stunden<\/strong> empfohlen, um ein optimales Ergebnis zu erzielen.<\/p>\n<p>Bei der Entwicklung des Konzentrats Les Duos Mint Gurke 10ml haben Vape or DIY jedoch an die Eiligen unter Ihnen gedacht, weshalb es in der Regel sofort nach der Zubereitung gedampft werden kann.<\/p>\n<p>Die Produkte von Vape or DIY erf\u00fcllen alle in Frankreich geltenden Gesundheitsstandards und entsprechen den Anforderungen der Europ\u00e4ischen Union.<\/p>\n<p>Entdecken Sie weitere Produkte der Marke <a href=\"https:\/\/vapotheque.ch\/de\/produkt_brand\/revolute-de\/\" target=\"_blank\" rel=\"noopener\">Revolute<\/a>!<\/p>\n<p><a href=\"\/categorie\/diy\/concentre-diy\/\" target=\"_blank\" rel=\"noopener\">Hier<\/a> finden Sie alle unsere Konzentrate.<\/p>\n<p>Erhalten Sie Rabatte oder die neuesten Informationen \u00fcber unsere Produkte, indem Sie uns auf unseren sozialen Netzwerken folgen: <a href=\"https:\/\/www.facebook.com\/VapeAigleCH\" target=\"_blank\" rel=\"noopener\">Facebook<\/a> oder <a href=\"https:\/\/www.instagram.com\/vapotheque\" target=\"_blank\" rel=\"noopener\">Instagram<\/a>.<\/p>\n","protected":false},"excerpt":{"rendered":"<p><b>Mint Gurke:<\/b> Hitzealarm &#8230; gehen Sie bedeckt nach drau\u00dfen mit unserer Mint Gurke! Ein h\u00f6chst erfrischender Geschmack!<\/p>\n","protected":false},"featured_media":16780,"template":"","meta":{"_acf_changed":false},"product_cat":[443,442,468,408],"product_tag":[],"class_list":{"0":"post-17733","1":"product","2":"type-product","3":"status-publish","4":"has-post-thumbnail","6":"product_brand-revolute-de","7":"product_cat-diy-de","8":"product_cat-hervorgehobene-produkte","9":"product_cat-konzentrate","10":"product_cat-lieferbar-innerhalb-von-24-stunden-de","12":"first","13":"instock","14":"taxable","15":"shipping-taxable","16":"purchasable","17":"product-type-simple"},"acf":[],"jetpack_sharing_enabled":true,"_links":{"self":[{"href":"https:\/\/vapotheque.ch\/de\/wp-json\/wp\/v2\/product\/17733","targetHints":{"allow":["GET"]}}],"collection":[{"href":"https:\/\/vapotheque.ch\/de\/wp-json\/wp\/v2\/product"}],"about":[{"href":"https:\/\/vapotheque.ch\/de\/wp-json\/wp\/v2\/types\/product"}],"wp:featuredmedia":[{"embeddable":true,"href":"https:\/\/vapotheque.ch\/de\/wp-json\/wp\/v2\/media\/16780"}],"wp:attachment":[{"href":"https:\/\/vapotheque.ch\/de\/wp-json\/wp\/v2\/media?parent=17733"}],"wp:term":[{"taxonomy":"product_cat","embeddable":true,"href":"https:\/\/vapotheque.ch\/de\/wp-json\/wp\/v2\/product_cat?post=17733"},{"taxonomy":"product_tag","embeddable":true,"href":"https:\/\/vapotheque.ch\/de\/wp-json\/wp\/v2\/product_tag?post=17733"}],"curies":[{"name":"wp","href":"https:\/\/api.w.org\/{rel}","templated":true}]}}