{"id":17731,"date":"2022-06-18T14:35:56","date_gmt":"2022-06-18T12:35:56","guid":{"rendered":"https:\/\/vapotheque.ch\/boutique\/vape-or-diy-maw-lon-konzentrat-30ml\/"},"modified":"2024-09-30T10:59:12","modified_gmt":"2024-09-30T08:59:12","slug":"vape-gold-diy-konzentrat-maw-lon-30ml","status":"publish","type":"product","link":"https:\/\/vapotheque.ch\/de\/shop\/vape-gold-diy-konzentrat-maw-lon-30ml\/","title":{"rendered":"Vape or DIY &#8211; MAW Lon Konzentrat 30ml"},"content":{"rendered":"<h2>Vape Or DIY \u00fcbernimmt eines der Symbole des Sommers!<\/h2>\n<p>  Maw Lon 30ml Konzentrat ist eine wundersch\u00f6ne und gro\u00dfz\u00fcgige <strong>Melone, die perfekt ges\u00fc\u00dft<\/strong> ist. Dieses saftige Wunder, der Stolz von Vape or DIY, wird von einem Hauch von <strong>Frische<\/strong> begleitet und sorgt f\u00fcr einen puren Moment der Entspannung. Kurz gesagt, ein gro\u00dfz\u00fcgiger, s\u00fc\u00dfer Sonnenbrand erwartet Ihre DIY-Basis auf der Suche nach starken D\u00fcften und atemberaubender Frische!  <\/p>\n<h2>Wie verwende ich das MAW Lon-Aroma?<\/h2>\n<p>  Der <b>MAW Lon <\/b>ist f\u00fcr den DIY-Einsatz konzipiert. Er sollte auf keinen Fall unverd\u00fcnnt konsumiert werden, sondern mit einer PG\/VG-Basis verd\u00fcnnt werden. Unsere Tipps zur Verwendung finden Sie weiter unten.  <\/p>\n<h3><u>Zubereitung des MAW Lon-Konzentrats :<\/u><\/h3>\n<h4>Die Zutaten<\/h4>\n<ul>\n<li>Ein Vape or DIY Maw Lon Konzentrat 30ml<\/li>\n<li>Eine gebrauchsfertige Basis (PG\/VG), mit oder ohne Nikotin<\/li>\n<\/ul>\n<h4>Das Material<\/h4>\n<ul>\n<li>Eine oder mehrere Plastikflaschen mit dem von Ihnen gew\u00fcnschten Fassungsverm\u00f6gen, um Ihre Zubereitung zu mischen.<\/li>\n<li>Eine Spritze oder Pipette<\/li>\n<li>Schutzhandschuhe<\/li>\n<li>Eine Schutzbrille<\/li>\n<\/ul>\n<h4>Die Vorbereitung<\/h4>\n<ul>\n<li>Waschen Sie sich vor der Handhabung die H\u00e4nde und stellen Sie sicher, dass Sie sich au\u00dferhalb der Reichweite von Kindern auf einer sauberen Arbeitsfl\u00e4che befinden.<\/li>\n<li>Benutzen Sie die Spritze oder eine Pipette, um Ihre leere Flasche mit Basisfl\u00fcssigkeit zu f\u00fcllen (Beispiel: f\u00fcr 50 ml e-Fl\u00fcssigkeit f\u00fcllen Sie 45 ml Basisfl\u00fcssigkeit ein und behalten die restlichen 5 ml f\u00fcr das Aroma).<\/li>\n<li>Benutzen Sie Handschuhe, um Ihre Basis zu handhaben, wenn Sie Nikotin verwenden.<\/li>\n<li>Sch\u00fcttle deine Aromaflasche vor der Verwendung.<\/li>\n<li>F\u00fcgen Sie einige Tropfen Aroma gem\u00e4\u00df der Dosierung hinzu (in diesem Beispiel 5 ml).<\/li>\n<li>Sch\u00fctteln Sie Ihre Mischung etwa zehn Sekunden lang kr\u00e4ftig.<\/li>\n<li>Lassen Sie Ihre Zubereitung einige Tage stehen, damit sich die Aromen entwickeln k\u00f6nnen.<\/li>\n<li>Waschen Sie sich erneut die H\u00e4nde und reinigen Sie Ihre Ausr\u00fcstung sowie Ihre Arbeitsfl\u00e4che.<\/li>\n<\/ul>\n<p>  Ihre DIY-Liquids sind fertig!  <\/p>\n<h4>Die Reifung<\/h4>\n<p>  Um ein perfekt ausgewogenes Ergebnis zu erzielen, empfehlen wir Ihnen, vor der Verwendung Ihrer e-Liquids eine Reifezeit einzuhalten. So erm\u00f6glichen Sie es allen Aromen, sich zu entwickeln und ihr volles Potenzial zu entfalten. F\u00fcr Maw Lon wird eine Reifezeit (oder Steep) von mindestens <strong>48 Stunden<\/strong> empfohlen, um ein optimales Ergebnis zu erzielen. Bei der Entwicklung des Maw Lon 30ml Konzentrats haben Vape or DIY jedoch an die Eiligen unter uns gedacht, weshalb es normalerweise sofort nach der Zubereitung gedampft werden kann. Die Produkte von Vape or DIY erf\u00fcllen alle in Frankreich geltenden Gesundheitsstandards und entsprechen den Anforderungen der Europ\u00e4ischen Union. Entdecken Sie die anderen Produkte der Marke <a href=\"\/product_brand\/vape-or-diy\/\" target=\"_blank\" rel=\"noopener\">Vape or DIY<\/a>! <a href=\"\/categorie\/diy\/concentre-diy\/\" target=\"_blank\" rel=\"noopener\">Hier<\/a> finden Sie alle unsere Konzentrate. Erhalten Sie Rabatte oder die neuesten Informationen \u00fcber unsere Produkte, indem Sie uns auf unseren sozialen Netzwerken folgen: <a href=\"https:\/\/www.facebook.com\/VapeAigleCH\" target=\"_blank\" rel=\"noopener\">Facebook<\/a> oder <a href=\"https:\/\/www.instagram.com\/vapotheque\" target=\"_blank\" rel=\"noopener\">Instagram<\/a>.<\/p>\n","protected":false},"excerpt":{"rendered":"<p>Die exquisite Frische einer gut ges\u00fc\u00dften, saftigen Melone. Wie der Name schon sagt, ist es<strong> <b>MAW LON!<\/b><\/strong><\/p>\n","protected":false},"featured_media":16766,"template":"","meta":{"_acf_changed":false},"product_cat":[443,468,408],"product_tag":[],"class_list":{"0":"post-17731","1":"product","2":"type-product","3":"status-publish","4":"has-post-thumbnail","6":"product_brand-vape-or-diy-de","7":"product_cat-diy-de","8":"product_cat-konzentrate","9":"product_cat-lieferbar-innerhalb-von-24-stunden-de","11":"first","12":"instock","13":"taxable","14":"shipping-taxable","15":"purchasable","16":"product-type-simple"},"acf":[],"jetpack_sharing_enabled":true,"_links":{"self":[{"href":"https:\/\/vapotheque.ch\/de\/wp-json\/wp\/v2\/product\/17731","targetHints":{"allow":["GET"]}}],"collection":[{"href":"https:\/\/vapotheque.ch\/de\/wp-json\/wp\/v2\/product"}],"about":[{"href":"https:\/\/vapotheque.ch\/de\/wp-json\/wp\/v2\/types\/product"}],"wp:featuredmedia":[{"embeddable":true,"href":"https:\/\/vapotheque.ch\/de\/wp-json\/wp\/v2\/media\/16766"}],"wp:attachment":[{"href":"https:\/\/vapotheque.ch\/de\/wp-json\/wp\/v2\/media?parent=17731"}],"wp:term":[{"taxonomy":"product_cat","embeddable":true,"href":"https:\/\/vapotheque.ch\/de\/wp-json\/wp\/v2\/product_cat?post=17731"},{"taxonomy":"product_tag","embeddable":true,"href":"https:\/\/vapotheque.ch\/de\/wp-json\/wp\/v2\/product_tag?post=17731"}],"curies":[{"name":"wp","href":"https:\/\/api.w.org\/{rel}","templated":true}]}}