{"id":17723,"date":"2022-06-23T17:33:53","date_gmt":"2022-06-23T15:33:53","guid":{"rendered":"https:\/\/vapotheque.ch\/boutique\/revolute-benny-eiskonzentrat-30ml\/"},"modified":"2024-09-30T10:59:19","modified_gmt":"2024-09-30T08:59:19","slug":"revolute-konzentrat-eis-benny-30ml","status":"publish","type":"product","link":"https:\/\/vapotheque.ch\/de\/shop\/revolute-konzentrat-eis-benny-30ml\/","title":{"rendered":"Revolute &#8211; Benny Eiskonzentrat 30ml"},"content":{"rendered":"<h2>Der Eisbecher, der sich dampfen l\u00e4sst!<\/h2>\n<p>  Als Gourmet unter den Gourmets wird das<strong> Revolute<\/strong> <strong>Eiskonzentrat Benny 30ml <\/strong>viele Dampfer begeistern. Sein Geheimnis? Ein Vanilleeis mit Keksst\u00fcckchen, umh\u00fcllt von einer Schokoladenglasur. Eine Kombination von Gourmetgeschmacksrichtungen, die zwar klassisch, aber so angenehm im Mund sind. Unwiderstehlich!  <\/p>\n<h2>Wie verwende ich das Benny-Eis-Aroma?<\/h2>\n<p>  Der <b>Benny Glace <\/b>ist f\u00fcr den Gebrauch im DIY-Bereich konzipiert. Er sollte auf keinen Fall unverd\u00fcnnt konsumiert werden, sondern mit einer PG\/VG-Basis verd\u00fcnnt werden. Unsere Tipps zur Verwendung finden Sie weiter unten.  <\/p>\n<h3><u>Zubereitung des Benny-Eis-Konzentrats :<\/u><\/h3>\n<h4>Die Zutaten<\/h4>\n<ul>\n<li>Ein Revolute Eis Benny Konzentrat 30ml<\/li>\n<li>Eine gebrauchsfertige Basis (PG\/VG), mit oder ohne Nikotin<\/li>\n<\/ul>\n<h4>Das Material<\/h4>\n<ul>\n<li>Eine oder mehrere Plastikflaschen mit dem von Ihnen gew\u00fcnschten Fassungsverm\u00f6gen, um Ihre Zubereitung zu mischen.<\/li>\n<li>Eine Spritze oder Pipette<\/li>\n<li>Schutzhandschuhe<\/li>\n<li>Eine Schutzbrille<\/li>\n<\/ul>\n<h4>Die Vorbereitung<\/h4>\n<ul>\n<li>Waschen Sie sich vor der Handhabung die H\u00e4nde und stellen Sie sicher, dass Sie sich au\u00dferhalb der Reichweite von Kindern auf einer sauberen Arbeitsfl\u00e4che befinden.<\/li>\n<li>Benutzen Sie die Spritze oder eine Pipette, um Ihre leere Flasche mit Basisfl\u00fcssigkeit zu f\u00fcllen (Beispiel: f\u00fcr 50 ml e-Fl\u00fcssigkeit f\u00fcllen Sie 45 ml Basisfl\u00fcssigkeit ein und behalten die restlichen 5 ml f\u00fcr das Aroma).<\/li>\n<li>Benutzen Sie Handschuhe, um Ihre Basis zu handhaben, wenn Sie Nikotin verwenden.<\/li>\n<li>Sch\u00fcttle deine Aromaflasche vor der Verwendung.<\/li>\n<li>F\u00fcgen Sie einige Tropfen Aroma gem\u00e4\u00df der Dosierung hinzu (in diesem Beispiel 5 ml).<\/li>\n<li>Sch\u00fctteln Sie Ihre Mischung etwa zehn Sekunden lang kr\u00e4ftig.<\/li>\n<li>Lassen Sie Ihre Zubereitung einige Tage stehen, damit sich die Aromen entwickeln k\u00f6nnen.<\/li>\n<li>Waschen Sie sich erneut die H\u00e4nde und reinigen Sie Ihre Ausr\u00fcstung sowie Ihre Arbeitsfl\u00e4che.<\/li>\n<\/ul>\n<p>  Ihre DIY-Liquids sind fertig!  <\/p>\n<h4>Die Reifung<\/h4>\n<p>  Um ein perfekt ausgewogenes Ergebnis zu erzielen, empfehlen wir Ihnen, vor der Verwendung Ihrer e-Liquids eine Reifezeit einzuhalten. So erm\u00f6glichen Sie es allen Aromen, sich zu entwickeln und ihr volles Potenzial zu entfalten. F\u00fcr Benny Ice Cream wird eine Reifezeit (oder Steep) von mindestens <strong>30 Tagen<\/strong> empfohlen, um ein optimales Ergebnis zu erzielen. Revolute hat bei der Entwicklung von Benny&#8217;s Eiskonzentrat 30ml an die Bed\u00fcrftigen gedacht, deshalb kann es in der Regel innerhalb von 15 Tagen nach der Zubereitung gedampft werden. Die Revolute-Produkte erf\u00fcllen alle in Frankreich geltenden Gesundheitsnormen und entsprechen den Anforderungen der Europ\u00e4ischen Union. Entdecken Sie weitere Produkte der Marke <a href=\"\/product_brand\/revolute\/\" target=\"_blank\" rel=\"noopener\">Revolute<\/a>! <a href=\"\/categorie\/diy\/concentre-diy\/\" target=\"_blank\" rel=\"noopener\">Hier<\/a> finden Sie alle unsere Konzentrate. Erhalten Sie Rabatte oder die neuesten Informationen \u00fcber unsere Produkte, indem Sie uns auf unseren sozialen Netzwerken folgen: <a href=\"https:\/\/www.facebook.com\/VapeAigleCH\" target=\"_blank\" rel=\"noopener\">Facebook<\/a> oder <a href=\"https:\/\/www.instagram.com\/vapotheque\" target=\"_blank\" rel=\"noopener\">Instagram<\/a>.<\/p>\n","protected":false},"excerpt":{"rendered":"<p><strong><em>BENNY-EIS<\/em><\/strong><em>Ein k\u00fchler Becher Vanilleeis <\/em><em>mit k\u00f6stlichen M\u00fcrbeteigkekssplittern und einem Topping aus Milchschokolade.<\/em><\/p>\n","protected":false},"featured_media":16778,"template":"","meta":{"_acf_changed":false},"product_cat":[443,442,468,408],"product_tag":[],"class_list":{"0":"post-17723","1":"product","2":"type-product","3":"status-publish","4":"has-post-thumbnail","6":"product_brand-revolute-de","7":"product_cat-diy-de","8":"product_cat-hervorgehobene-produkte","9":"product_cat-konzentrate","10":"product_cat-lieferbar-innerhalb-von-24-stunden-de","12":"first","13":"instock","14":"taxable","15":"shipping-taxable","16":"purchasable","17":"product-type-simple"},"acf":[],"jetpack_sharing_enabled":true,"_links":{"self":[{"href":"https:\/\/vapotheque.ch\/de\/wp-json\/wp\/v2\/product\/17723","targetHints":{"allow":["GET"]}}],"collection":[{"href":"https:\/\/vapotheque.ch\/de\/wp-json\/wp\/v2\/product"}],"about":[{"href":"https:\/\/vapotheque.ch\/de\/wp-json\/wp\/v2\/types\/product"}],"wp:featuredmedia":[{"embeddable":true,"href":"https:\/\/vapotheque.ch\/de\/wp-json\/wp\/v2\/media\/16778"}],"wp:attachment":[{"href":"https:\/\/vapotheque.ch\/de\/wp-json\/wp\/v2\/media?parent=17723"}],"wp:term":[{"taxonomy":"product_cat","embeddable":true,"href":"https:\/\/vapotheque.ch\/de\/wp-json\/wp\/v2\/product_cat?post=17723"},{"taxonomy":"product_tag","embeddable":true,"href":"https:\/\/vapotheque.ch\/de\/wp-json\/wp\/v2\/product_tag?post=17723"}],"curies":[{"name":"wp","href":"https:\/\/api.w.org\/{rel}","templated":true}]}}