{"id":17717,"date":"2022-06-08T16:56:31","date_gmt":"2022-06-08T14:56:31","guid":{"rendered":"https:\/\/vapotheque.ch\/boutique\/cbd-oel-30-bio\/"},"modified":"2025-11-06T18:15:53","modified_gmt":"2025-11-06T17:15:53","slug":"cbd-ol-bio-schweizer-30","status":"publish","type":"product","link":"https:\/\/vapotheque.ch\/de\/shop\/cbd-ol-bio-schweizer-30\/","title":{"rendered":"CBD-\u00d6l 30% &#8211; BIO &#8211; 10 ml"},"content":{"rendered":"<h2>30 % CBD-\u00d6l, das bekannterma\u00dfen das Wohlbefinden und die Ausgeglichenheit f\u00f6rdert<\/h2>\n<p>Machen Sie eine Phase gro\u00dfen Stresses in Ihrer Arbeit durch? Haben Sie das Gef\u00fchl, dass Sie sich entspannen m\u00fcssen? Dann ist dieses <strong>30-prozentige CBD-\u00d6l<\/strong> genau das Richtige f\u00fcr Sie. Besteht aus MCT-Kokos\u00f6l, CBD-Bl\u00fctenextrakt und enth\u00e4lt Inhaltsstoffe wie Phytocannabinoide, Flavonoide und Terpene. Diesen Elementen wird nachgesagt, dass sie das Wohlbefinden und die Ausgeglichenheit f\u00f6rdern.<\/p>\n<ul>\n<li>100 % biologisch &#8211; CBD Bio Suisse Label<\/li>\n<li>Extraktion mit \u00fcberkritischem CO2<\/li>\n<li>Full Spectrum<\/li>\n<li>3000 mg CBD (Cannabidiol)<\/li>\n<li>&lt;1 % THC<\/li>\n<li>Inhalt: 10 ml<\/li>\n<\/ul>\n<h3>Verwendung von CBD-\u00d6l<\/h3>\n<p>Geben Sie zwei- bis dreimal t\u00e4glich ein paar Tropfen unter die Zunge. Die Dosierung kann f\u00fcr jeden Einzelnen unterschiedlich sein.  <strong>ACHTUNG: Dieses Produkt ist NICHT zum Dampfen oder zur sonstigen Verwendung in Ihren elektronischen Zigaretten bestimmt.<\/strong><\/p>\n<p>Erhalten Sie Rabatte oder die neuesten Informationen \u00fcber unsere <a href=\"..\/categorie\/cbd-vape\">CBD-Produkte<\/a>, indem Sie uns auf <a href=\"https:\/\/www.facebook.com\/VapeAigleCH\" target=\"_blank\" rel=\"noopener\">Facebook<\/a> oder <a href=\"https:\/\/www.instagram.com\/vapotheque_aigle\/\" target=\"_blank\" rel=\"noopener\">Instagram<\/a> folgen.<\/p>\n","protected":false},"excerpt":{"rendered":"<p>30 % CBD-\u00d6l, das bekannterma\u00dfen das Wohlbefinden und die Ausgeglichenheit f\u00f6rdert Machen Sie eine Phase gro\u00dfen Stresses in Ihrer Arbeit durch? Haben Sie das Gef\u00fchl, dass Sie sich entspannen m\u00fcssen? Dann ist dieses 30-prozentige CBD-\u00d6l genau das Richtige f\u00fcr Sie. Besteht aus MCT-Kokos\u00f6l, CBD-Bl\u00fctenextrakt und enth\u00e4lt Inhaltsstoffe wie Phytocannabinoide, Flavonoide und Terpene. Diesen Elementen wird [&hellip;]<\/p>\n","protected":false},"featured_media":16695,"template":"","meta":{"_acf_changed":false},"product_cat":[408],"product_tag":[],"class_list":{"0":"post-17717","1":"product","2":"type-product","3":"status-publish","4":"has-post-thumbnail","6":"product_cat-lieferbar-innerhalb-von-24-stunden-de","8":"first","9":"instock","10":"taxable","11":"shipping-taxable","12":"purchasable","13":"product-type-simple"},"acf":[],"jetpack_sharing_enabled":true,"_links":{"self":[{"href":"https:\/\/vapotheque.ch\/de\/wp-json\/wp\/v2\/product\/17717","targetHints":{"allow":["GET"]}}],"collection":[{"href":"https:\/\/vapotheque.ch\/de\/wp-json\/wp\/v2\/product"}],"about":[{"href":"https:\/\/vapotheque.ch\/de\/wp-json\/wp\/v2\/types\/product"}],"wp:featuredmedia":[{"embeddable":true,"href":"https:\/\/vapotheque.ch\/de\/wp-json\/wp\/v2\/media\/16695"}],"wp:attachment":[{"href":"https:\/\/vapotheque.ch\/de\/wp-json\/wp\/v2\/media?parent=17717"}],"wp:term":[{"taxonomy":"product_cat","embeddable":true,"href":"https:\/\/vapotheque.ch\/de\/wp-json\/wp\/v2\/product_cat?post=17717"},{"taxonomy":"product_tag","embeddable":true,"href":"https:\/\/vapotheque.ch\/de\/wp-json\/wp\/v2\/product_tag?post=17717"}],"curies":[{"name":"wp","href":"https:\/\/api.w.org\/{rel}","templated":true}]}}