{"id":17716,"date":"2022-06-08T16:56:30","date_gmt":"2022-06-08T14:56:30","guid":{"rendered":"https:\/\/vapotheque.ch\/boutique\/hanfprotein-bio\/"},"modified":"2024-11-12T11:28:02","modified_gmt":"2024-11-12T10:28:02","slug":"hanfprotein-bio","status":"publish","type":"product","link":"https:\/\/vapotheque.ch\/de\/shop\/hanfprotein-bio\/","title":{"rendered":"Hanfprotein &#8211; BIO"},"content":{"rendered":"<h2>100% biologisches Hanfprotein in der 400g-Packung<\/h2>\n<p>Die Verwendung von Hanf als Nahrungsmittel erf\u00e4hrt eine stetige Entwicklung. Dieser Verzehr erfolgt in Form von \u00d6l, gesch\u00e4lten Samen, Proteinpulver, Mehl und Nahrungserg\u00e4nzungsmitteln. Mit seinem au\u00dfergew\u00f6hnlich hohen Proteingehalt, wenig Kohlenhydraten und Glutenfreiheit ist es ideal f\u00fcr Di\u00e4t- und vegetarische Di\u00e4ten. Der angenehme Haselnussgeschmack und die hellgr\u00fcne Farbe verleihen Ihren Rezepten eine echte Originalit\u00e4t. Hanfsamenprotein enth\u00e4lt 21 Arten von Aminos\u00e4uren, von denen 8 f\u00fcr den menschlichen K\u00f6rper essentiell sind. Es ist eine der besten Quellen f\u00fcr pflanzliches Eiwei\u00df und enth\u00e4lt keine bekannten Allergene.<\/p>\n<p><strong>Zutaten<\/strong>: 100% Bio-Hanfsamen, kalt gepresst, ent\u00f6lt, dann gemahlen und gesiebt.<\/p>\n<h3><strong>Tipps zur Verwendung von Hanfprotein  <\/strong><\/h3>\n<p>Wird zu 10-30 % in dein Getr\u00e4nk, Kochen, Backen eingearbeitet. Seine essentiellen Fetts\u00e4uren sorgen daf\u00fcr, dass das Herz-Kreislauf-System gut funktioniert und Entz\u00fcndungen einged\u00e4mmt werden. Die Vitamine und Mineralien unterst\u00fctzen Ihr Immunsystem.<br \/>\nDiese Proteine sind sehr n\u00fctzlich, wenn Sie Ihren K\u00f6rper gro\u00dfen Anstrengungen aussetzen, wie z.B. bei einem harten Training.<\/p>\n<p>Herkunft: Bretagne, Frankreich.<\/p>\n<p>Erhalten Sie Rabatte oder die neuesten Informationen \u00fcber unsere <a href=\"\/categorie\/cbd-vape\">CBD-Produkte<\/a>, indem Sie uns auf <a href=\"https:\/\/www.facebook.com\/VapeAigleCH\" target=\"_blank\" rel=\"noopener\">Facebook<\/a> oder <a href=\"https:\/\/www.instagram.com\/vapotheque\" target=\"_blank\" rel=\"noopener\">Instagram<\/a> folgen.<\/p>\n","protected":false},"excerpt":{"rendered":"<p>100% biologisches Hanfprotein in der 400g-Packung Die Verwendung von Hanf als Nahrungsmittel erf\u00e4hrt eine stetige Entwicklung. Dieser Verzehr erfolgt in Form von \u00d6l, gesch\u00e4lten Samen, Proteinpulver, Mehl und Nahrungserg\u00e4nzungsmitteln. Mit seinem au\u00dfergew\u00f6hnlich hohen Proteingehalt, wenig Kohlenhydraten und Glutenfreiheit ist es ideal f\u00fcr Di\u00e4t- und vegetarische Di\u00e4ten. Der angenehme Haselnussgeschmack und die hellgr\u00fcne Farbe verleihen Ihren [&hellip;]<\/p>\n","protected":false},"featured_media":16707,"template":"","meta":{"_acf_changed":false},"product_cat":[482,408,463],"product_tag":[],"class_list":{"0":"post-17716","1":"product","2":"type-product","3":"status-publish","4":"has-post-thumbnail","6":"product_cat-ernahrung-gesundheit-cbd","7":"product_cat-lieferbar-innerhalb-von-24-stunden-de","8":"product_cat-nicht-klassifiziert","10":"first","11":"outofstock","12":"taxable","13":"shipping-taxable","14":"purchasable","15":"product-type-simple"},"acf":[],"jetpack_sharing_enabled":true,"_links":{"self":[{"href":"https:\/\/vapotheque.ch\/de\/wp-json\/wp\/v2\/product\/17716","targetHints":{"allow":["GET"]}}],"collection":[{"href":"https:\/\/vapotheque.ch\/de\/wp-json\/wp\/v2\/product"}],"about":[{"href":"https:\/\/vapotheque.ch\/de\/wp-json\/wp\/v2\/types\/product"}],"wp:featuredmedia":[{"embeddable":true,"href":"https:\/\/vapotheque.ch\/de\/wp-json\/wp\/v2\/media\/16707"}],"wp:attachment":[{"href":"https:\/\/vapotheque.ch\/de\/wp-json\/wp\/v2\/media?parent=17716"}],"wp:term":[{"taxonomy":"product_cat","embeddable":true,"href":"https:\/\/vapotheque.ch\/de\/wp-json\/wp\/v2\/product_cat?post=17716"},{"taxonomy":"product_tag","embeddable":true,"href":"https:\/\/vapotheque.ch\/de\/wp-json\/wp\/v2\/product_tag?post=17716"}],"curies":[{"name":"wp","href":"https:\/\/api.w.org\/{rel}","templated":true}]}}