{"id":17713,"date":"2022-06-23T14:59:50","date_gmt":"2022-06-23T12:59:50","guid":{"rendered":"https:\/\/vapotheque.ch\/boutique\/vape-or-diy-konzentrat-gehirndemenz-30ml\/"},"modified":"2024-09-30T10:59:17","modified_gmt":"2024-09-30T08:59:17","slug":"vape-or-diy-konzentrat-zerebralseuche-30ml","status":"publish","type":"product","link":"https:\/\/vapotheque.ch\/de\/shop\/vape-or-diy-konzentrat-zerebralseuche-30ml\/","title":{"rendered":"Vape or DIY &#8211; Konzentrat Gehirndemenz 30ml"},"content":{"rendered":"<h2>Wenn ein Gehirn cremig wird und zu flie\u00dfen beginnt, kann es nur noch schlechter funktionieren!<\/h2>\n<p>  Vape or DIY&#8217;s<strong> Gehirndemenz<\/strong> Konzentrat ist ein Konzentrat des Wahnsinns, eine Gaumenfreude bis zum Umfallen! Genie\u00dfen Sie eine Custard-Creme im Stil einer Englischen Creme mit einer atemberaubenden Cremigkeit, die sich mit einer schrecklich s\u00fcchtig machenden Haselnusscreme verbindet. Sahne also und noch mehr Sahne, um auch den verw\u00f6hntesten Gaumen mit wunderbaren, perfekt ausbalancierten Aromen zu s\u00e4ttigen. Vape or DIY ging keine Kompromisse ein. Es wurde alles getan, um die gro\u00dfen Naschkatzen zu st\u00fcrzen!  <\/p>\n<h2>Wie verwende ich das Aroma Zerebrale Demenz?<\/h2>\n<p> <b>Gehirndemenz <\/b>ist f\u00fcr den DIY-Einsatz konzipiert. Er sollte auf keinen Fall unverd\u00fcnnt konsumiert werden, sondern mit einer PG\/VG-Basis verd\u00fcnnt werden. Unsere Tipps zur Verwendung finden Sie weiter unten.  <\/p>\n<h3><u>Vorbereitung des Konzentrats Zerebrale Demenz :<\/u><\/h3>\n<h4>Die Zutaten<\/h4>\n<ul>\n<li>Ein Konzentrat Vape or DIY Gehirndemenz 30ml<\/li>\n<li>Eine gebrauchsfertige Basis (PG\/VG), mit oder ohne Nikotin<\/li>\n<\/ul>\n<h4>Das Material<\/h4>\n<ul>\n<li>Eine oder mehrere Plastikflaschen mit dem von Ihnen gew\u00fcnschten Fassungsverm\u00f6gen, um Ihre Zubereitung zu mischen.<\/li>\n<li>Eine Spritze oder Pipette<\/li>\n<li>Schutzhandschuhe<\/li>\n<li>Eine Schutzbrille<\/li>\n<\/ul>\n<h4>Die Vorbereitung<\/h4>\n<ul>\n<li>Waschen Sie sich vor der Handhabung die H\u00e4nde und stellen Sie sicher, dass Sie sich au\u00dferhalb der Reichweite von Kindern auf einer sauberen Arbeitsfl\u00e4che befinden.<\/li>\n<li>Benutzen Sie die Spritze oder eine Pipette, um Ihre leere Flasche mit Basisfl\u00fcssigkeit zu f\u00fcllen (Beispiel: f\u00fcr 50 ml e-Fl\u00fcssigkeit f\u00fcllen Sie 45 ml Basisfl\u00fcssigkeit ein und behalten die restlichen 5 ml f\u00fcr das Aroma).<\/li>\n<li>Benutzen Sie Handschuhe, um Ihre Basis zu handhaben, wenn Sie Nikotin verwenden.<\/li>\n<li>Sch\u00fcttle deine Aromaflasche vor der Verwendung.<\/li>\n<li>F\u00fcgen Sie einige Tropfen Aroma gem\u00e4\u00df der Dosierung hinzu (in diesem Beispiel 5 ml).<\/li>\n<li>Sch\u00fctteln Sie Ihre Mischung etwa zehn Sekunden lang kr\u00e4ftig.<\/li>\n<li>Lassen Sie Ihre Zubereitung einige Tage stehen, damit sich die Aromen entwickeln k\u00f6nnen.<\/li>\n<li>Waschen Sie sich erneut die H\u00e4nde und reinigen Sie Ihre Ausr\u00fcstung sowie Ihre Arbeitsfl\u00e4che.<\/li>\n<\/ul>\n<p>  Ihre DIY-Liquids sind fertig!  <\/p>\n<h4>Die Reifung<\/h4>\n<p>  Um ein perfekt ausgewogenes Ergebnis zu erzielen, empfehlen wir Ihnen, vor der Verwendung Ihrer e-Liquids eine Reifezeit einzuhalten. So erm\u00f6glichen Sie es allen Aromen, sich zu entwickeln und ihr volles Potenzial zu entfalten. Bei Zerebraler Demenz wird eine Reifezeit (oder Steep) von mindestens <strong>30 Tagen<\/strong> f\u00fcr eine optimale Wiedergabe empfohlen. Vape or DIY haben jedoch bei der Herstellung des 30ml-Konzentrats Dementia Cerebri an die Bed\u00fcrftigen gedacht, weshalb es normalerweise innerhalb von 15 Tagen nach der Herstellung gedampft werden kann. Die Produkte von Vape or DIY erf\u00fcllen alle in Frankreich geltenden Gesundheitsstandards und entsprechen den Anforderungen der Europ\u00e4ischen Union. Entdecken Sie die anderen Produkte der Marke <a href=\"\/product_brand\/vape-or-diy\/\" target=\"_blank\" rel=\"noopener\">Vape or DIY<\/a>! <a href=\"\/categorie\/diy\/concentre-diy\/\" target=\"_blank\" rel=\"noopener\">Hier<\/a> finden Sie alle unsere Konzentrate. Erhalten Sie Rabatte oder die neuesten Informationen \u00fcber unsere Produkte, indem Sie uns auf unseren sozialen Netzwerken folgen: <a href=\"https:\/\/www.facebook.com\/VapeAigleCH\" target=\"_blank\" rel=\"noopener\">Facebook<\/a> oder <a href=\"https:\/\/www.instagram.com\/vapotheque\" target=\"_blank\" rel=\"noopener\">Instagram<\/a>.<\/p>\n","protected":false},"excerpt":{"rendered":"<p><strong><em>ZEREBRALE DEMENZ<\/em><\/strong><em>Eine gro\u00dfe, schwere Custard mit einer doppelten Sahne: <\/em><em>eine mit Haselnuss und die andere mit englischer <\/em> <em>Sahne <\/em><em>. <\/em><em>Wir entschuldigen uns im Voraus&#8230; es ist k\u00f6stlich!<\/em><\/p>\n","protected":false},"featured_media":16776,"template":"","meta":{"_acf_changed":false},"product_cat":[443,442,468,408],"product_tag":[],"class_list":{"0":"post-17713","1":"product","2":"type-product","3":"status-publish","4":"has-post-thumbnail","6":"product_brand-vape-or-diy-de","7":"product_cat-diy-de","8":"product_cat-hervorgehobene-produkte","9":"product_cat-konzentrate","10":"product_cat-lieferbar-innerhalb-von-24-stunden-de","12":"first","13":"instock","14":"taxable","15":"shipping-taxable","16":"purchasable","17":"product-type-simple"},"acf":[],"jetpack_sharing_enabled":true,"_links":{"self":[{"href":"https:\/\/vapotheque.ch\/de\/wp-json\/wp\/v2\/product\/17713","targetHints":{"allow":["GET"]}}],"collection":[{"href":"https:\/\/vapotheque.ch\/de\/wp-json\/wp\/v2\/product"}],"about":[{"href":"https:\/\/vapotheque.ch\/de\/wp-json\/wp\/v2\/types\/product"}],"wp:featuredmedia":[{"embeddable":true,"href":"https:\/\/vapotheque.ch\/de\/wp-json\/wp\/v2\/media\/16776"}],"wp:attachment":[{"href":"https:\/\/vapotheque.ch\/de\/wp-json\/wp\/v2\/media?parent=17713"}],"wp:term":[{"taxonomy":"product_cat","embeddable":true,"href":"https:\/\/vapotheque.ch\/de\/wp-json\/wp\/v2\/product_cat?post=17713"},{"taxonomy":"product_tag","embeddable":true,"href":"https:\/\/vapotheque.ch\/de\/wp-json\/wp\/v2\/product_tag?post=17713"}],"curies":[{"name":"wp","href":"https:\/\/api.w.org\/{rel}","templated":true}]}}