{"id":17710,"date":"2022-06-17T14:50:43","date_gmt":"2022-06-17T12:50:43","guid":{"rendered":"https:\/\/vapotheque.ch\/boutique\/vape-or-diy-maw-gic-konzentrat-30ml\/"},"modified":"2023-09-21T09:30:43","modified_gmt":"2023-09-21T07:30:43","slug":"vapeordiy-concentre-maw-gic-30ml","status":"publish","type":"product","link":"https:\/\/vapotheque.ch\/de\/shop\/vapeordiy-concentre-maw-gic-30ml\/","title":{"rendered":"Vape or DIY &#8211; MAW Gic Konzentrat 30ml"},"content":{"rendered":"<h2>Vape Or DIY holt sein Grimoire hervor und l\u00e4sst sich vom Trank der Lebendigkeit inspirieren&#8230;<\/h2>\n<p>Das Maw Gic Konzentrat in 30ml ist ein konzentriertes Aroma ohne Sucralose, das ebenso \u00fcberraschend wie lecker ist. Entfliehen Sie der Eint\u00f6nigkeit mit dieser Mischung aus sauren Zitronen und leicht scharfem Ingwer. Diese explosive Kombination von Vape or DIY aus einer <b>s\u00e4uerlichen Zitrone<\/b> und einem leicht <b>scharfen<\/b> <b>Ingwer<\/b> ist sehr gut orchestriert! Dieses erfrischende und <b>kr\u00e4ftige<\/b> Rezept hinterl\u00e4sst einen unglaublich <b>fruchtigen<\/b> Geschmack, der Sie f\u00fcr immer \u00fcberraschen wird.<\/p>\n<p><strong><em>MAW Gic<\/em> ganz einfach!<\/strong><\/p>\n<h2>Wie verwendet man MAW Gic Aroma?<\/h2>\n<p>Der <b>MAW Gic <\/b>ist f\u00fcr den Einsatz im DIY-Bereich konzipiert. Er sollte auf keinen Fall unverd\u00fcnnt konsumiert werden, sondern mit einer PG\/VG-Basis verd\u00fcnnt werden. Alle unsere Tipps zur Verwendung finden Sie unten.<\/p>\n<h3><u>Vorbereitung des MAW Gic-Konzentrats :<\/u><\/h3>\n<h4>Die Zutaten<\/h4>\n<ul>\n<li>Ein Konzentrat Vape or DIY Maw Gic 30ml<\/li>\n<li>Eine gebrauchsfertige Basis (PG\/VG), mit oder ohne Nikotin<\/li>\n<\/ul>\n<h4>Das Material<\/h4>\n<ul>\n<li>Eine oder mehrere Plastikflaschen mit dem von Ihnen gew\u00fcnschten Fassungsverm\u00f6gen, um Ihre Zubereitung zu mischen.<\/li>\n<li>Eine Spritze oder Pipette<\/li>\n<li>Schutzhandschuhe<\/li>\n<li>Eine Schutzbrille<\/li>\n<\/ul>\n<h4>Die Vorbereitung<\/h4>\n<ul>\n<li>Waschen Sie sich vor der Handhabung die H\u00e4nde und stellen Sie sicher, dass Sie sich au\u00dferhalb der Reichweite von Kindern auf einer sauberen Arbeitsfl\u00e4che befinden.<\/li>\n<li>Benutzen Sie die Spritze oder eine Pipette, um Ihre leere Flasche mit Basisfl\u00fcssigkeit zu f\u00fcllen (Beispiel: f\u00fcr 50 ml e-Fl\u00fcssigkeit f\u00fcllen Sie 45 ml Basisfl\u00fcssigkeit ein und behalten die restlichen 5 ml f\u00fcr das Aroma).<\/li>\n<li>Benutzen Sie Handschuhe, um Ihre Basis zu handhaben, wenn Sie Nikotin verwenden.<\/li>\n<li>Sch\u00fcttle deine Aromaflasche vor der Verwendung.<\/li>\n<li>F\u00fcgen Sie einige Tropfen Aroma gem\u00e4\u00df der Dosierung hinzu (in diesem Beispiel 5 ml).<\/li>\n<li>Sch\u00fctteln Sie Ihre Mischung etwa zehn Sekunden lang kr\u00e4ftig.<\/li>\n<li>Lassen Sie Ihre Zubereitung einige Tage stehen, damit sich die Aromen entwickeln k\u00f6nnen.<\/li>\n<li>Waschen Sie sich erneut die H\u00e4nde und reinigen Sie Ihre Ausr\u00fcstung sowie Ihre Arbeitsfl\u00e4che.<\/li>\n<\/ul>\n<p>Ihre DIY e-Liquids sind fertig!<\/p>\n<h4>Die Reifung<\/h4>\n<p>Um ein perfekt ausgewogenes Ergebnis zu erzielen, empfehlen wir Ihnen, vor der Verwendung Ihrer e-Liquids eine Reifezeit einzuhalten. So erm\u00f6glichen Sie es allen Aromen, sich zu entwickeln und ihr volles Potenzial zu entfalten.<\/p>\n<p>F\u00fcr Maw Gic wird eine Reifezeit (oder Steep) von mindestens <strong>48 Stunden<\/strong> empfohlen, um ein optimales Ergebnis zu erzielen.<\/p>\n<p>Bei der Entwicklung des Maw Gic 30ml Konzentrats haben Vape or DIY jedoch an die Eiligen gedacht, weshalb es normalerweise sofort nach der Zubereitung gedampft werden kann.<\/p>\n<p>Die Produkte von Vape or DIY erf\u00fcllen alle in Frankreich geltenden Gesundheitsstandards und entsprechen den Anforderungen der Europ\u00e4ischen Union.<\/p>\n<p>Entdecken Sie die anderen Produkte der Marke <a href=\"https:\/\/vapotheque.ch\/de\/produkt_brand\/vape-or-diy-de\/\" target=\"_blank\" rel=\"noopener\">Vape or DIY<\/a>!<\/p>\n<p><a href=\"\/categorie\/diy\/concentre-diy\/\" target=\"_blank\" rel=\"noopener\">Hier<\/a> finden Sie alle unsere Konzentrate.<\/p>\n<p>Erhalten Sie Rabatte oder die neuesten Informationen \u00fcber unsere Produkte, indem Sie uns auf unseren sozialen Netzwerken folgen: <a href=\"https:\/\/www.facebook.com\/VapeAigleCH\" target=\"_blank\" rel=\"noopener\">Facebook<\/a> oder <a href=\"https:\/\/www.instagram.com\/vapotheque\" target=\"_blank\" rel=\"noopener\">Instagram<\/a>.<\/p>\n","protected":false},"excerpt":{"rendered":"<p>Das \u00fcberraschende Zusammentreffen einer sauren Zitrone mit dem subtil scharfen Geschmack von Ingwer. G\u00f6nnen Sie sich einen Moment der puren Erfrischung&#8230;<strong>MAW GIC! <\/strong><\/p>\n","protected":false},"featured_media":16760,"template":"","meta":{"_acf_changed":false},"product_cat":[443,468,408],"product_tag":[],"class_list":{"0":"post-17710","1":"product","2":"type-product","3":"status-publish","4":"has-post-thumbnail","6":"product_brand-vape-or-diy-de","7":"product_cat-diy-de","8":"product_cat-konzentrate","9":"product_cat-lieferbar-innerhalb-von-24-stunden-de","11":"first","12":"instock","13":"taxable","14":"shipping-taxable","15":"purchasable","16":"product-type-simple"},"acf":[],"jetpack_sharing_enabled":true,"_links":{"self":[{"href":"https:\/\/vapotheque.ch\/de\/wp-json\/wp\/v2\/product\/17710","targetHints":{"allow":["GET"]}}],"collection":[{"href":"https:\/\/vapotheque.ch\/de\/wp-json\/wp\/v2\/product"}],"about":[{"href":"https:\/\/vapotheque.ch\/de\/wp-json\/wp\/v2\/types\/product"}],"wp:featuredmedia":[{"embeddable":true,"href":"https:\/\/vapotheque.ch\/de\/wp-json\/wp\/v2\/media\/16760"}],"wp:attachment":[{"href":"https:\/\/vapotheque.ch\/de\/wp-json\/wp\/v2\/media?parent=17710"}],"wp:term":[{"taxonomy":"product_cat","embeddable":true,"href":"https:\/\/vapotheque.ch\/de\/wp-json\/wp\/v2\/product_cat?post=17710"},{"taxonomy":"product_tag","embeddable":true,"href":"https:\/\/vapotheque.ch\/de\/wp-json\/wp\/v2\/product_tag?post=17710"}],"curies":[{"name":"wp","href":"https:\/\/api.w.org\/{rel}","templated":true}]}}