{"id":17703,"date":"2022-06-22T16:11:49","date_gmt":"2022-06-22T14:11:49","guid":{"rendered":"https:\/\/vapotheque.ch\/boutique\/calm-boost-cbd-50-spray\/"},"modified":"2024-09-30T10:59:15","modified_gmt":"2024-09-30T08:59:15","slug":"calm-spray-boost-cbd-50","status":"publish","type":"product","link":"https:\/\/vapotheque.ch\/de\/shop\/calm-spray-boost-cbd-50\/","title":{"rendered":"Calm+ &#8211; Boost CBD 50% Spray"},"content":{"rendered":"<h2>Calm+ | Boost CBD 50% Spray<\/h2>\n<p>  Das Boost CBD 50% Spray von Calm+ erm\u00f6glicht eine schnelle und wirksame Verabreichung einer angemessenen Dosis CBD. Zu 50 % konzentrierte Formel mit einem leichten Zitrusgeschmack (nat\u00fcrliche Aromen). Ein Druck auf die Pumpe verspr\u00fcht eine Dosis von 50 mg CBD f\u00fcr einen sp\u00fcrbaren Effekt innerhalb von 5 Minuten. Die 5 ml \u00d6l in der unauff\u00e4lligen Flasche reichen f\u00fcr 50 Portionen. CBD broad spectrum &#8211; THC-frei &#8211; 100 % aller Inhaltsstoffe sind nat\u00fcrlichen Ursprungs. 5 ml \u26a1 \u26a1.<strong>Nicht vaporisieren<\/strong>\u26a1  <\/p>\n<h2>Das Beste aus CBD<\/h2>\n<p>  Calm+ CBD-\u00d6le sind eine hervorragende Methode, um CBD zu verabreichen, f\u00fcr Menschen mit h\u00f6heren Anspr\u00fcchen oder f\u00fcr diejenigen, die nicht dampfen. Sie werden aus CBD-Breitspektrum (broad spectrum, null THC) f\u00fcr das 10 %-\u00d6l und aus CBD-Vollspektrum (full spectrum) f\u00fcr die 20 %- und 30 %-\u00d6le hergestellt. Sie erm\u00f6glichen es daher, von einem maximalen Umgebungseffekt zu profitieren (die kombinierte Wirkung der verschiedenen Cannabinoide, die in der Pflanze enthalten sind).  <\/p>\n<h3>Dosierungstipps :<\/h3>\n<p>  Bei CBD-Nutzern k\u00f6nnen die Wirkungen von Person zu Person unterschiedlich sein, insbesondere in Abh\u00e4ngigkeit von der Empfindlichkeit und der aufgenommenen Dosis. Wir empfehlen Ihnen, die Verwendung von CBD vor dem regelm\u00e4\u00dfigen Gebrauch zun\u00e4chst auszuprobieren, um die Wirkung auf Ihren K\u00f6rper und die wirksame Dosis f\u00fcr den gew\u00fcnschten Zweck zu ermitteln. Arbeit, Maschinen, Autofahren: Wir fordern Sie auf, vorsichtig und verantwortungsvoll zu handeln. Schwangerschaft und Stillzeit: Wir empfehlen Ihnen, vor der Verwendung von CBD-haltigen Produkten Ihren Arzt zu konsultieren. Dieses Produkt ist nicht dazu bestimmt, Krankheiten zu diagnostizieren, zu behandeln, zu heilen oder ihnen vorzubeugen. Au\u00dferhalb der Reichweite von Kindern aufbewahren. Vor Licht sch\u00fctzen und an einem k\u00fchlen, trockenen Ort aufbewahren. Vor Gebrauch gut sch\u00fctteln.  <\/p>\n<h3><strong>CBD, was ist das?<\/strong><\/h3>\n<p>  CBD (Cannabidiol) ist ein Molek\u00fcl, das aus der Cannabis-Pflanze gewonnen wird. Dieses Phytocannabinoid wird weiterhin weltweit erforscht, was den Weg f\u00fcr eine Vielzahl von therapeutischen Anwendungen ebnet.  <\/p>\n<h4><strong>Isolat, Broad Spectrum, Full Spectrum &#8211; wo liegt der Unterschied?<\/strong><\/h4>\n<p>  &#8211; CBD-Isolat ist das reine CBD-Molek\u00fcl. Es enth\u00e4lt keine anderen Cannabinoide. Aufgrund seiner Reinheit eignet es sich besonders gut zum Verdampfen. &#8211; der Extrakt Broad Spectrum (breites Spektrum) enth\u00e4lt die verschiedenen Cannabinoide, die nat\u00fcrlicherweise in der Cannabispflanze enthalten sind, mit Ausnahme von THC. Es erm\u00f6glicht den sogenannten Entourage-Effekt, d. h. die kombinierte Wirkung dieser Cannabinoide. Der Extrakt broad spectrum ist besonders f\u00fcr die sublinguale Anwendung geeignet. &#8211; der Extrakt Full Spectrum (Vollspektrum) enth\u00e4lt alle Cannabinoide, die nat\u00fcrlicherweise in der Cannabispflanze enthalten sind, einschlie\u00dflich THC. Es erm\u00f6glicht den sogenannten Entourage-Effekt, d. h. die kombinierte Wirkung dieser Cannabinoide. Der Full Spectrum Extrakt ist besonders f\u00fcr die sublinguale Anwendung geeignet. &nbsp; <a href=\"\/categorie\/cbd\" target=\"_blank\" rel=\"noopener\">Hier<\/a> finden Sie unsere anderen CBD-Produkte. Erhalten Sie Rabatte oder die neuesten Informationen \u00fcber unsere Produkte, indem Sie uns auf unseren sozialen Netzwerken folgen: <a href=\"https:\/\/www.facebook.com\/VapeAigleCH\" target=\"_blank\" rel=\"noopener\">Facebook<\/a> oder <a href=\"https:\/\/www.instagram.com\/vapotheque\" target=\"_blank\" rel=\"noopener\">Instagram<\/a>.<\/p>\n","protected":false},"excerpt":{"rendered":"<p>Das Spray Boost CBD 50% von Calm+ erm\u00f6glicht die schnelle und wirksame Abgabe einer angepassten Dosis CBD.<\/p>\n","protected":false},"featured_media":45385,"template":"","meta":{"_acf_changed":false},"product_cat":[442,408],"product_tag":[],"class_list":{"0":"post-17703","1":"product","2":"type-product","3":"status-publish","4":"has-post-thumbnail","6":"product_brand-fuu-de","7":"product_cat-hervorgehobene-produkte","8":"product_cat-lieferbar-innerhalb-von-24-stunden-de","10":"first","11":"outofstock","12":"taxable","13":"shipping-taxable","14":"purchasable","15":"product-type-simple"},"acf":[],"jetpack_sharing_enabled":true,"_links":{"self":[{"href":"https:\/\/vapotheque.ch\/de\/wp-json\/wp\/v2\/product\/17703","targetHints":{"allow":["GET"]}}],"collection":[{"href":"https:\/\/vapotheque.ch\/de\/wp-json\/wp\/v2\/product"}],"about":[{"href":"https:\/\/vapotheque.ch\/de\/wp-json\/wp\/v2\/types\/product"}],"wp:featuredmedia":[{"embeddable":true,"href":"https:\/\/vapotheque.ch\/de\/wp-json\/wp\/v2\/media\/45385"}],"wp:attachment":[{"href":"https:\/\/vapotheque.ch\/de\/wp-json\/wp\/v2\/media?parent=17703"}],"wp:term":[{"taxonomy":"product_cat","embeddable":true,"href":"https:\/\/vapotheque.ch\/de\/wp-json\/wp\/v2\/product_cat?post=17703"},{"taxonomy":"product_tag","embeddable":true,"href":"https:\/\/vapotheque.ch\/de\/wp-json\/wp\/v2\/product_tag?post=17703"}],"curies":[{"name":"wp","href":"https:\/\/api.w.org\/{rel}","templated":true}]}}