{"id":17686,"date":"2022-05-27T17:34:34","date_gmt":"2022-05-27T15:34:34","guid":{"rendered":"https:\/\/vapotheque.ch\/boutique\/al-shinigami-ultimate-sweet-edition-konzentrat-30ml\/"},"modified":"2024-09-30T10:58:36","modified_gmt":"2024-09-30T08:58:36","slug":"al-concentre-shinigami-ultimate-sweet-edition-30ml","status":"publish","type":"product","link":"https:\/\/vapotheque.ch\/de\/shop\/al-concentre-shinigami-ultimate-sweet-edition-30ml\/","title":{"rendered":"A&amp;L &#8211; Shinigami Ultimate Sweet Edition Konzentrat 30ml"},"content":{"rendered":"<h2>Was ist Shinigami-Konzentrat?<\/h2>\n<p> <strong>Shinigami<\/strong> Ultimate Sweet Edition von A&amp;L ist ein konzentriertes Aroma in 30ml, mit dem Sie Ihre E-Zigarettenfl\u00fcssigkeit im Do-It-Yourself-Verfahren herstellen k\u00f6nnen. Bei dieser Methode werden n\u00e4mlich einige Tropfen Aroma mit einer Basis Ihrer Wahl gemischt, um ein E-Liquid mit einem teuflisch erfrischenden gr\u00fcnen Apfel zu erhalten und dabei noch Geld zu sparen! Die Shinigami Ultimate Sweet Edition ist ein komplexes Rezept, dessen Geheimnis nur A&amp;L kennt. Sie verwandelt einen einfachen gr\u00fcnen Apfel in ein erfrischendes, kr\u00e4ftiges, s\u00e4uerliches Bonbon. In der tiefsten Ultimate-Tradition verwurzelt, machen seine Intensit\u00e4t und Harmonie den Shinigami zu einem Muss f\u00fcr alle Liebhaber von fruchtigen Liquids!  &nbsp;<\/p>\n<h2>Wie verwende ich das Shinigami Ultimate Sweet Edition Aroma?<\/h2>\n<p>  Der <strong>Shinigami<\/strong> ist f\u00fcr den Gebrauch in Heimwerkerprojekten gedacht. Er sollte auf keinen Fall unverd\u00fcnnt konsumiert werden, sondern mit einer PG\/VG-Basis verd\u00fcnnt werden. Unsere Tipps zur Verwendung finden Sie weiter unten.  <\/p>\n<h3><u>Vorbereitung des Shinigami-Konzentrats :<\/u><\/h3>\n<h4>Zutaten<\/h4>\n<ul>\n<li>Ein A&amp;L Shinigami Ultimate Sweet Edition Konzentrat 30ml<\/li>\n<li>Eine gebrauchsfertige Basis (PG\/VG), mit oder ohne Nikotin<\/li>\n<\/ul>\n<h4>Material<\/h4>\n<ul>\n<li>Eine oder mehrere Plastikflaschen mit dem von Ihnen gew\u00fcnschten Fassungsverm\u00f6gen, um Ihre Zubereitung zu mischen.<\/li>\n<li>Eine Spritze oder Pipette<\/li>\n<li>Schutzhandschuhe<\/li>\n<li>Eine Schutzbrille<\/li>\n<\/ul>\n<h4>Die Vorbereitung<\/h4>\n<ul>\n<li>Waschen Sie sich vor der Handhabung die H\u00e4nde und stellen Sie sicher, dass Sie sich au\u00dferhalb der Reichweite von Kindern auf einer sauberen Arbeitsfl\u00e4che befinden.<\/li>\n<li>Benutzen Sie die Spritze oder eine Pipette, um Ihre leere Flasche mit Ihrer Basis zu f\u00fcllen (Beispiel: f\u00fcr 50 ml e-Liquid f\u00fcllen Sie 45 ml Basis und behalten Sie die restlichen 5 ml f\u00fcr das Aroma).<\/li>\n<li>Benutzen Sie Handschuhe, um Ihre Basis zu handhaben, wenn Sie Nikotin verwenden.<\/li>\n<li>Sch\u00fcttle deine Aromaflasche vor der Verwendung.<\/li>\n<li>F\u00fcge dein Aroma entsprechend der Dosierung hinzu (5 ml in diesem Beispiel).<\/li>\n<li>Sch\u00fctteln Sie Ihre Mischung etwa zehn Sekunden lang kr\u00e4ftig.<\/li>\n<li>Lassen Sie Ihre Zubereitung einige Tage stehen, damit sich die Aromen entwickeln k\u00f6nnen.<\/li>\n<li>Waschen Sie sich erneut die H\u00e4nde und reinigen Sie Ihre Ausr\u00fcstung sowie Ihre Arbeitsfl\u00e4che.<\/li>\n<\/ul>\n<p>  Ihre DIY-Liquids sind fertig!  <\/p>\n<h4>Die Reifung<\/h4>\n<p>  Um ein perfekt ausgewogenes Ergebnis zu erzielen, empfehlen wir Ihnen, vor der Verwendung Ihrer e-Liquids eine Reifezeit einzuhalten. So erm\u00f6glichen Sie es allen Aromen, sich zu entwickeln und ihr volles Potenzial zu entfalten. F\u00fcr Shinigami wird eine Reifezeit (oder Steep) von mindestens <strong>48 Stunden<\/strong> empfohlen, um ein optimales Ergebnis zu erzielen. Bei der Entwicklung des Shinigami Ultimate Sweet Edition 30ml Konzentrats haben A&amp;L jedoch an die Bed\u00fcrftigen unter Ihnen gedacht, weshalb es normalerweise sofort nach der Zubereitung gedampft werden kann.  &nbsp;  Die Produkte von A&amp;L erf\u00fcllen alle in Frankreich geltenden Gesundheitsnormen und die Anforderungen der Europ\u00e4ischen Union. Entdecken Sie weitere Produkte der Marke <a href=\"\/marque\/a-&amp;-l\/\" target=\"_blank\" rel=\"noopener\">A&amp;L!<\/a> <a href=\"\/categorie\/diy\/concentre-diy\/\" target=\"_blank\" rel=\"noopener\">Hier<\/a> finden Sie alle unsere Konzentrate. Erhalten Sie Rabatte oder die neuesten Informationen \u00fcber unsere Produkte, indem Sie uns auf unseren sozialen Netzwerken folgen: <a href=\"https:\/\/www.facebook.com\/VapeAigleCH\" target=\"_blank\" rel=\"noopener\">Facebook<\/a> oder <a href=\"https:\/\/www.instagram.com\/vapotheque\" target=\"_blank\" rel=\"noopener\">Instagram<\/a>.<\/p>\n","protected":false},"excerpt":{"rendered":"<h2>Shinigami: Ein Rezept, das keine W\u00fcnsche offen l\u00e4sst<\/h2>\n<p>  Lassen Sie sich von den unendlichen Reizen eines herrlich reifen gr\u00fcnen Apfels mit einem saftigen und s\u00e4uerlichen Aussehen \u00fcberzeugen. Der asiatische D\u00e4mon spielt Ihnen nicht mit ein paar Worten in die H\u00e4nde, nur die Reinheit seiner Mixtur reicht aus, um den robustesten Pandab\u00e4ren zu erweichen. Kontrollieren Sie die ganze Kraft dieser von Dampfern auf der ganzen Welt so verehrten Frucht, indem Sie sich mit Ihrer sch\u00f6nsten elektronischen Zigarette ausstatten und alle Schwaden eines k\u00f6stlich berauschenden Dampfes genie\u00dfen. Vollenden Sie diese Reise an den Scheideweg der Welten mit dem Vibrieren dieses intensiv erfrischenden R\u00fccklaufs, der Ihnen bei jedem Ausatmen das Blut in den Adern gefrieren l\u00e4sst.<\/p>\n","protected":false},"featured_media":16585,"template":"","meta":{"_acf_changed":false},"product_cat":[443,468,408],"product_tag":[],"class_list":{"0":"post-17686","1":"product","2":"type-product","3":"status-publish","4":"has-post-thumbnail","6":"product_brand-a-l-de","7":"product_cat-diy-de","8":"product_cat-konzentrate","9":"product_cat-lieferbar-innerhalb-von-24-stunden-de","11":"first","12":"instock","13":"taxable","14":"shipping-taxable","15":"purchasable","16":"product-type-simple"},"acf":[],"jetpack_sharing_enabled":true,"_links":{"self":[{"href":"https:\/\/vapotheque.ch\/de\/wp-json\/wp\/v2\/product\/17686","targetHints":{"allow":["GET"]}}],"collection":[{"href":"https:\/\/vapotheque.ch\/de\/wp-json\/wp\/v2\/product"}],"about":[{"href":"https:\/\/vapotheque.ch\/de\/wp-json\/wp\/v2\/types\/product"}],"wp:featuredmedia":[{"embeddable":true,"href":"https:\/\/vapotheque.ch\/de\/wp-json\/wp\/v2\/media\/16585"}],"wp:attachment":[{"href":"https:\/\/vapotheque.ch\/de\/wp-json\/wp\/v2\/media?parent=17686"}],"wp:term":[{"taxonomy":"product_cat","embeddable":true,"href":"https:\/\/vapotheque.ch\/de\/wp-json\/wp\/v2\/product_cat?post=17686"},{"taxonomy":"product_tag","embeddable":true,"href":"https:\/\/vapotheque.ch\/de\/wp-json\/wp\/v2\/product_tag?post=17686"}],"curies":[{"name":"wp","href":"https:\/\/api.w.org\/{rel}","templated":true}]}}