{"id":17680,"date":"2022-05-21T13:10:39","date_gmt":"2022-05-21T11:10:39","guid":{"rendered":"https:\/\/vapotheque.ch\/boutique\/kiwi-vapor-ersatzkartuschen-kiwi-pod\/"},"modified":"2025-11-06T18:18:33","modified_gmt":"2025-11-06T17:18:33","slug":"kiwi-vapor-ersatzpatronen-kiwi-pod","status":"publish","type":"product","link":"https:\/\/vapotheque.ch\/de\/shop\/kiwi-vapor-ersatzpatronen-kiwi-pod\/","title":{"rendered":"Kiwi Vapor &#8211; Kiwi Pod Kartuschen &#8211; Packung x3"},"content":{"rendered":"<h2><strong>Kiwi Vapor-Ersatzkartuschen, die f\u00fcr die Verwendung mit dem Kiwi Pod konzipiert sind<\/strong><\/h2>\n<p>Der Kiwi-Ersatz-Dreierpack Patronen ist ein Muss f\u00fcr alle MTL-Fans. Die Einwegkartuschen von Kiwi Vapor k\u00f6nnen bis zu 1,7 ml E-Fl\u00fcssigkeit aufnehmen und bieten ein cleveres System, um sie von der Seite her zu bef\u00fcllen.<\/p>\n<h3><strong>Einfach zu verwendende Ersatzpatronen<\/strong><\/h3>\n<p>Die Kiwi Pod Ersatzkartuschen von Kiwi Vapor enthalten einen Widerstand von 1,2 Ohm, der f\u00fcr eine genaue Geschmackswiedergabe und einen moderaten Liquidverbrauch sorgt. Wenn der Widerstand das Ende seiner Lebensdauer erreicht hat, kann die gesamte Patrone ausgetauscht werden, indem die neue Patrone nach dem Bef\u00fcllen ganz einfach eingeklickt wird.<\/p>\n<p>Im Lieferumfang der 3 Patronen sind 3 Ersatzfilter aus Baumwolle enthalten.<\/p>\n<p>Kiwi Vapor richtet sich an neue Dampfer, die ein Produkt besitzen m\u00f6chten, das einfach zu handhaben ist und eine hervorragende Wirkung hat!<\/p>\n<p>Erfahren Sie mehr \u00fcber die Produkte der Marke <a href=\"https:\/\/vapotheque.ch\/de\/kiwi-vapor-2\/\" target=\"_blank\" rel=\"noopener\">Kiwi Vapor<\/a>.<\/p>\n<p>Erhalten Sie Rabatte oder die neuesten Informationen \u00fcber unsere anderen Produkte, die in unseren Gesch\u00e4ften erh\u00e4ltlich sind, indem Sie uns auf unseren sozialen Netzwerken folgen: <a href=\"https:\/\/www.facebook.com\/VapeAigleCH\" target=\"_blank\" rel=\"noopener\">Facebook<\/a> oder <a href=\"https:\/\/www.instagram.com\/vapotheque\" target=\"_blank\" rel=\"noopener\">Instagram<\/a>.<\/p>\n","protected":false},"excerpt":{"rendered":"<p>Kiwi Vapor-Ersatzkartuschen, die f\u00fcr die Verwendung mit dem Kiwi Pod konzipiert sind Der Kiwi-Ersatz-Dreierpack Patronen ist ein Muss f\u00fcr alle MTL-Fans. Die Einwegkartuschen von Kiwi Vapor k\u00f6nnen bis zu 1,7 ml E-Fl\u00fcssigkeit aufnehmen und bieten ein cleveres System, um sie von der Seite her zu bef\u00fcllen. Einfach zu verwendende Ersatzpatronen Die Kiwi Pod Ersatzkartuschen von [&hellip;]<\/p>\n","protected":false},"featured_media":16561,"template":"","meta":{"_acf_changed":false},"product_cat":[408,453,469],"product_tag":[],"class_list":{"0":"post-17680","1":"product","2":"type-product","3":"status-publish","4":"has-post-thumbnail","6":"product_brand-kiwi-vapor-de","7":"product_cat-lieferbar-innerhalb-von-24-stunden-de","8":"product_cat-pods-de","9":"product_cat-zubehor-pods","11":"first","12":"instock","13":"taxable","14":"shipping-taxable","15":"purchasable","16":"product-type-simple"},"acf":[],"jetpack_sharing_enabled":true,"_links":{"self":[{"href":"https:\/\/vapotheque.ch\/de\/wp-json\/wp\/v2\/product\/17680","targetHints":{"allow":["GET"]}}],"collection":[{"href":"https:\/\/vapotheque.ch\/de\/wp-json\/wp\/v2\/product"}],"about":[{"href":"https:\/\/vapotheque.ch\/de\/wp-json\/wp\/v2\/types\/product"}],"wp:featuredmedia":[{"embeddable":true,"href":"https:\/\/vapotheque.ch\/de\/wp-json\/wp\/v2\/media\/16561"}],"wp:attachment":[{"href":"https:\/\/vapotheque.ch\/de\/wp-json\/wp\/v2\/media?parent=17680"}],"wp:term":[{"taxonomy":"product_cat","embeddable":true,"href":"https:\/\/vapotheque.ch\/de\/wp-json\/wp\/v2\/product_cat?post=17680"},{"taxonomy":"product_tag","embeddable":true,"href":"https:\/\/vapotheque.ch\/de\/wp-json\/wp\/v2\/product_tag?post=17680"}],"curies":[{"name":"wp","href":"https:\/\/api.w.org\/{rel}","templated":true}]}}