{"id":17678,"date":"2022-05-21T15:40:15","date_gmt":"2022-05-21T13:40:15","guid":{"rendered":"https:\/\/vapotheque.ch\/boutique\/geekvape-pyrex-zeus-subohm\/"},"modified":"2024-09-30T10:58:42","modified_gmt":"2024-09-30T08:58:42","slug":"geekvape-pyrex-zeus-subohm-2","status":"publish","type":"product","link":"https:\/\/vapotheque.ch\/de\/shop\/geekvape-pyrex-zeus-subohm-2\/","title":{"rendered":"GeekVape &#8211; Pyrex Zeus SubOhm"},"content":{"rendered":"<p>Das Pyrexrohr Z Dual ist ein Ersatzpyrex, das mit den Atomizern Zeus X, Zeus Dual RTA und Zeus Subohm von Geekvape kompatibel ist. Mit diesem Ersatz-Pyrex k\u00f6nnen Sie Ihren Zerst\u00e4ubern eine lange Lebensdauer verleihen! Dieser Pyrex f\u00fcr den Zeus SubOhm von GeekVape ist in zwei Versionen erh\u00e4ltlich:  <\/p>\n<ul>\n<li>Die erste kommt in Form einer Pyrex Bulb und hat ein Fassungsverm\u00f6gen von 5,5 ml.<\/li>\n<li>Das zweite Modell ist ein R\u00f6hrchen aus Pyrex mit einem Fassungsverm\u00f6gen von 4 ml.<\/li>\n<\/ul>\n<p>  Entdecken Sie alle anderen Produkte von <a href=\"\/product_brand\/geekvape\/\" target=\"_blank\" rel=\"noopener\">GeekVape hier.<\/a> Erhalten Sie Rabatte oder die neuesten Informationen \u00fcber unsere anderen Produkte, die in unseren Gesch\u00e4ften erh\u00e4ltlich sind, indem Sie uns auf unseren sozialen Netzwerken folgen: <a href=\"https:\/\/www.facebook.com\/VapeAigleCH\" target=\"_blank\" rel=\"noopener\">Facebook<\/a> oder <a href=\"https:\/\/www.instagram.com\/vapotheque\" target=\"_blank\" rel=\"noopener\">Instagram<\/a>.<\/p>\n","protected":false},"excerpt":{"rendered":"<p>Das Pyrexrohr Z Dual ist ein Ersatzpyrex, das mit den Atomizern Zeus X, Zeus Dual RTA und Zeus Subohm von Geekvape kompatibel ist. Mit diesem Ersatz-Pyrex k\u00f6nnen Sie Ihren Zerst\u00e4ubern eine lange Lebensdauer verleihen! Dieser Pyrex f\u00fcr den Zeus SubOhm von GeekVape ist in zwei Versionen erh\u00e4ltlich: Die erste kommt in Form einer Pyrex Bulb [&hellip;]<\/p>\n","protected":false},"featured_media":45391,"template":"","meta":{"_acf_changed":false},"product_cat":[440,408,471],"product_tag":[],"class_list":{"0":"post-17678","1":"product","2":"type-product","3":"status-publish","4":"has-post-thumbnail","6":"product_brand-geekvape-de","7":"product_cat-atomizer","8":"product_cat-lieferbar-innerhalb-von-24-stunden-de","9":"product_cat-pyrex-de","11":"first","12":"instock","13":"taxable","14":"shipping-taxable","15":"purchasable","16":"product-type-simple"},"acf":[],"jetpack_sharing_enabled":true,"_links":{"self":[{"href":"https:\/\/vapotheque.ch\/de\/wp-json\/wp\/v2\/product\/17678","targetHints":{"allow":["GET"]}}],"collection":[{"href":"https:\/\/vapotheque.ch\/de\/wp-json\/wp\/v2\/product"}],"about":[{"href":"https:\/\/vapotheque.ch\/de\/wp-json\/wp\/v2\/types\/product"}],"wp:featuredmedia":[{"embeddable":true,"href":"https:\/\/vapotheque.ch\/de\/wp-json\/wp\/v2\/media\/45391"}],"wp:attachment":[{"href":"https:\/\/vapotheque.ch\/de\/wp-json\/wp\/v2\/media?parent=17678"}],"wp:term":[{"taxonomy":"product_cat","embeddable":true,"href":"https:\/\/vapotheque.ch\/de\/wp-json\/wp\/v2\/product_cat?post=17678"},{"taxonomy":"product_tag","embeddable":true,"href":"https:\/\/vapotheque.ch\/de\/wp-json\/wp\/v2\/product_tag?post=17678"}],"curies":[{"name":"wp","href":"https:\/\/api.w.org\/{rel}","templated":true}]}}