{"id":17673,"date":"2022-04-30T10:44:44","date_gmt":"2022-04-30T08:44:44","guid":{"rendered":"https:\/\/vapotheque.ch\/boutique\/montreal-original-oasis-e-liquide\/"},"modified":"2025-11-06T18:20:34","modified_gmt":"2025-11-06T17:20:34","slug":"montreal-original-oasis-eliquide","status":"publish","type":"product","link":"https:\/\/vapotheque.ch\/de\/shop\/montreal-original-oasis-eliquide\/","title":{"rendered":"Montreal Original &#8211; Oasis E-Liquid 50 ml \/ 70 ml"},"content":{"rendered":"<h2>Montreal Original erfreut weiterhin die Classic-Aficionados mit seinem Oasis-E-Liquid.<\/h2>\n<p>Der kanadische Hersteller <strong>Montreal Original<\/strong> hat sich mit dem <strong>Oasis<\/strong> ein fabelhaftes E-Liquid ausgedacht, das die Kraft eines <strong>t\u00fcrkischen Klassikers<\/strong> und die S\u00fc\u00dfe <strong>eines Klassikers aus Virginia<\/strong> vereint.<\/p>\n<p>Mit diesem harmonischen Mix erm\u00f6glicht uns Montreal Original ein einzigartiges Geschmackserlebnis, bei dem M\u00e4nnlichkeit und Zartheit miteinander verschmelzen. Ein pr\u00e4chtiges Liquid, das nur f\u00fcr Liebhaber guter Dinge geeignet ist!<\/p>\n<p>Wichtig: E-Liquid in <strong>50-ml-Geschmacksrichtungen<\/strong>, verkauft in einer 70-ml-Flasche.<\/p>\n<p class=\"class-fabrication\">Hergestellt in Kanada; PG\/VG-Verh\u00e4ltnis:<strong> 50% \/ 50%<\/strong>.<\/p>\n<p>Entdecken Sie weitere Produkte der Marke <a href=\"..\/..\/product_brand\/montreal-original\/\" target=\"_blank\" rel=\"noopener\">Montreal Original<\/a>.<\/p>\n<p>Erhalten Sie Rabatte oder die neuesten Informationen zu unseren Produkten, indem Sie uns in unseren sozialen Netzwerken folgen: <a href=\"https:\/\/www.facebook.com\/VapeAigleCH\" target=\"_blank\" rel=\"noopener\">Facebook<\/a> oder <a href=\"https:\/\/www.instagram.com\/vapotheque_aigle\/\" target=\"_blank\" rel=\"noopener\">Instagram<\/a>.<\/p>\n","protected":false},"excerpt":{"rendered":"<p>Montreal Original erfreut weiterhin die Classic-Aficionados mit seinem Oasis-E-Liquid. Der kanadische Hersteller Montreal Original hat sich mit dem Oasis ein fabelhaftes E-Liquid ausgedacht, das die Kraft eines t\u00fcrkischen Klassikers und die S\u00fc\u00dfe eines Klassikers aus Virginia vereint. Mit diesem harmonischen Mix erm\u00f6glicht uns Montreal Original ein einzigartiges Geschmackserlebnis, bei dem M\u00e4nnlichkeit und Zartheit miteinander verschmelzen. [&hellip;]<\/p>\n","protected":false},"featured_media":47771,"template":"","meta":{"_acf_changed":false},"product_cat":[405,442,408,403,1685,1679],"product_tag":[],"class_list":{"0":"post-17673","1":"product","2":"type-product","3":"status-publish","4":"has-post-thumbnail","6":"product_brand-montreal-original-de","7":"product_cat-e-liquids","8":"product_cat-hervorgehobene-produkte","9":"product_cat-lieferbar-innerhalb-von-24-stunden-de","10":"product_cat-tabak","11":"product_cat-50-ml-fur-60-ml","12":"product_cat-menge-e-flussigkeit-kapazitat-flasche","14":"first","15":"instock","16":"taxable","17":"shipping-taxable","18":"purchasable","19":"product-type-simple"},"acf":[],"jetpack_sharing_enabled":true,"_links":{"self":[{"href":"https:\/\/vapotheque.ch\/de\/wp-json\/wp\/v2\/product\/17673","targetHints":{"allow":["GET"]}}],"collection":[{"href":"https:\/\/vapotheque.ch\/de\/wp-json\/wp\/v2\/product"}],"about":[{"href":"https:\/\/vapotheque.ch\/de\/wp-json\/wp\/v2\/types\/product"}],"wp:featuredmedia":[{"embeddable":true,"href":"https:\/\/vapotheque.ch\/de\/wp-json\/wp\/v2\/media\/47771"}],"wp:attachment":[{"href":"https:\/\/vapotheque.ch\/de\/wp-json\/wp\/v2\/media?parent=17673"}],"wp:term":[{"taxonomy":"product_cat","embeddable":true,"href":"https:\/\/vapotheque.ch\/de\/wp-json\/wp\/v2\/product_cat?post=17673"},{"taxonomy":"product_tag","embeddable":true,"href":"https:\/\/vapotheque.ch\/de\/wp-json\/wp\/v2\/product_tag?post=17673"}],"curies":[{"name":"wp","href":"https:\/\/api.w.org\/{rel}","templated":true}]}}