{"id":17670,"date":"2022-05-21T13:00:54","date_gmt":"2022-05-21T11:00:54","guid":{"rendered":"https:\/\/vapotheque.ch\/boutique\/kiwi-vapor-baumwollfilter-fuer-kiwi-pod\/"},"modified":"2025-11-06T18:19:18","modified_gmt":"2025-11-06T17:19:18","slug":"kiwi-vapor-filter-aus-baumwolle-fur-pod-kiwi","status":"publish","type":"product","link":"https:\/\/vapotheque.ch\/de\/shop\/kiwi-vapor-filter-aus-baumwolle-fur-pod-kiwi\/","title":{"rendered":"Kiwi Vapor &#8211; Baumwollfilter f\u00fcr Kiwi Pod &#8211; Packung x20"},"content":{"rendered":"<p>Die 20 Baumwollfilter f\u00fcr den Kiwi Pod von Kiwi Vapor passen direkt auf die Oberseite des Pods. Diese Filter bestehen aus Baumwolle pharmazeutischen Grades und erm\u00f6glichen einen engeren Zug als mit einem herk\u00f6mmlichen Drip Tip, ein nicht zu untersch\u00e4tzender Vorteil f\u00fcr Dampferanf\u00e4nger in der Entw\u00f6hnungsphase.<\/p>\n<p>Die Baumwollfilter f\u00fcr den Kiwi Pod richten sich eindeutig an Erstraucher, die das Gef\u00fchl von fr\u00fcher wiedererlangen m\u00f6chten: Die Entw\u00f6hnung erfolgt sanft! Kiwi Vapor bietet Ihnen einen sanften Rauchstopp mit dem gleichen Gef\u00fchl, das Sie von Ihren Zigaretten kennen!<\/p>\n<p>Achtung: Es wird empfohlen, den Filter regelm\u00e4\u00dfig zu wechseln.<\/p>\n<p>Kompatibel mit dem Kiwi Pod Kit V1 und V2.<\/p>\n<p>Entdecken Sie alle Produkte der Marke <a href=\"https:\/\/vapotheque.ch\/de\/kiwi-vapor-2\/\" target=\"_blank\" rel=\"noopener\">Kiwi Vapor<\/a>.<\/p>\n<p>Erhalten Sie Rabatte oder die neuesten Informationen \u00fcber unsere anderen Produkte, die in unseren Gesch\u00e4ften erh\u00e4ltlich sind, indem Sie uns auf unseren sozialen Netzwerken folgen: <a href=\"https:\/\/www.facebook.com\/VapeAigleCH\" target=\"_blank\" rel=\"noopener\">Facebook<\/a> oder <a href=\"https:\/\/www.instagram.com\/vapotheque\" target=\"_blank\" rel=\"noopener\">Instagram<\/a>.<\/p>\n","protected":false},"excerpt":{"rendered":"<p>Die 20 Baumwollfilter f\u00fcr den Kiwi Pod von Kiwi Vapor passen direkt auf die Oberseite des Pods. Diese Filter bestehen aus Baumwolle pharmazeutischen Grades und erm\u00f6glichen einen engeren Zug als mit einem herk\u00f6mmlichen Drip Tip, ein nicht zu untersch\u00e4tzender Vorteil f\u00fcr Dampferanf\u00e4nger in der Entw\u00f6hnungsphase. Die Baumwollfilter f\u00fcr den Kiwi Pod richten sich eindeutig an [&hellip;]<\/p>\n","protected":false},"featured_media":16559,"template":"","meta":{"_acf_changed":false},"product_cat":[408,453,469],"product_tag":[],"class_list":{"0":"post-17670","1":"product","2":"type-product","3":"status-publish","4":"has-post-thumbnail","6":"product_brand-kiwi-vapor-de","7":"product_cat-lieferbar-innerhalb-von-24-stunden-de","8":"product_cat-pods-de","9":"product_cat-zubehor-pods","11":"first","12":"instock","13":"taxable","14":"shipping-taxable","15":"purchasable","16":"product-type-simple"},"acf":[],"jetpack_sharing_enabled":true,"_links":{"self":[{"href":"https:\/\/vapotheque.ch\/de\/wp-json\/wp\/v2\/product\/17670","targetHints":{"allow":["GET"]}}],"collection":[{"href":"https:\/\/vapotheque.ch\/de\/wp-json\/wp\/v2\/product"}],"about":[{"href":"https:\/\/vapotheque.ch\/de\/wp-json\/wp\/v2\/types\/product"}],"wp:featuredmedia":[{"embeddable":true,"href":"https:\/\/vapotheque.ch\/de\/wp-json\/wp\/v2\/media\/16559"}],"wp:attachment":[{"href":"https:\/\/vapotheque.ch\/de\/wp-json\/wp\/v2\/media?parent=17670"}],"wp:term":[{"taxonomy":"product_cat","embeddable":true,"href":"https:\/\/vapotheque.ch\/de\/wp-json\/wp\/v2\/product_cat?post=17670"},{"taxonomy":"product_tag","embeddable":true,"href":"https:\/\/vapotheque.ch\/de\/wp-json\/wp\/v2\/product_tag?post=17670"}],"curies":[{"name":"wp","href":"https:\/\/api.w.org\/{rel}","templated":true}]}}