{"id":17662,"date":"2022-06-02T18:14:53","date_gmt":"2022-06-02T16:14:53","guid":{"rendered":"https:\/\/vapotheque.ch\/boutique\/wink-purple-grape-konzentrat-30ml\/"},"modified":"2023-09-22T11:50:11","modified_gmt":"2023-09-22T09:50:11","slug":"wink-concentre-purple-grape-30ml","status":"publish","type":"product","link":"https:\/\/vapotheque.ch\/de\/shop\/wink-concentre-purple-grape-30ml\/","title":{"rendered":"Wink &#8211; Purple Grape Konzentrat 30ml"},"content":{"rendered":"<h2>Wink bietet uns sein 30ml-Konzentrat an: Purple Grape!<\/h2>\n<p>In diesem Purple Grape-Konzentrat bietet uns Wink einen ausgezeichneten <strong>Traubengeschmack<\/strong> und einen <strong>Champagner-Extrakt<\/strong>, um Sie zu \u00fcberraschen, und das alles in einer 30ml-Gr\u00f6\u00dfe.<\/p>\n<h3><u>Zubereitung des Purple-Grape-Konzentrats:<\/u><\/h3>\n<h4>Zutaten :<\/h4>\n<ul>\n<li>Ein Wink Purple Grape Konzentrat 30ml<\/li>\n<li>Eine gebrauchsfertige Basis (PG\/VG), mit oder ohne Nikotin<\/li>\n<\/ul>\n<h4>Empfohlene Dosierung f\u00fcr dieses Konzentrat: 12 bis 15 %.<\/h4>\n<h4>Material, das Sie f\u00fcr die Zubereitung Ihres Liquids ben\u00f6tigen :<\/h4>\n<ul>\n<li>Eine oder mehrere Plastikflaschen mit dem von Ihnen gew\u00fcnschten Fassungsverm\u00f6gen, um Ihre Zubereitung zu mischen.<\/li>\n<li>Eine Spritze oder Pipette<\/li>\n<li>Schutzhandschuhe<\/li>\n<li>Eine Schutzbrille<\/li>\n<\/ul>\n<h4>Vorbereitung :<\/h4>\n<ul>\n<li>Waschen Sie sich vor der Handhabung die H\u00e4nde und stellen Sie sicher, dass Sie sich au\u00dferhalb der Reichweite von Kindern auf einer sauberen Arbeitsfl\u00e4che befinden.<\/li>\n<li>Verwenden Sie die Spritze oder eine Pipette, um Ihre leere Flasche mit Ihrer Basis zu f\u00fcllen (Beispiel: F\u00fcr 50 ml fertiges E-Liquid f\u00fcllen Sie 45 ml Basis ab und behalten Sie die restlichen 5 ml f\u00fcr das Aroma).<\/li>\n<li>Benutzen Sie Handschuhe, um Ihre Basis zu handhaben, wenn Sie Nikotin verwenden.<\/li>\n<li>Sch\u00fcttle deine Aromaflasche vor der Verwendung.<\/li>\n<li>F\u00fcge dein Aroma entsprechend der Dosierung hinzu (5 ml in diesem Beispiel).<\/li>\n<li>Sch\u00fctteln Sie Ihre Mischung etwa zehn Sekunden lang kr\u00e4ftig.<\/li>\n<li>Lassen Sie Ihre Zubereitung einige Tage stehen, damit sich die Aromen entwickeln k\u00f6nnen.<\/li>\n<li>Waschen Sie sich erneut die H\u00e4nde und reinigen Sie Ihre Ausr\u00fcstung sowie Ihre Arbeitsfl\u00e4che.<\/li>\n<\/ul>\n<p>Ihre DIY e-Liquids sind fertig! Jetzt m\u00fcssen Sie ihn nur noch genie\u00dfen &#8211; und zwar in Ma\u00dfen!<\/p>\n<p><strong>ACHTUNG: Dieses Konzentrat ist nicht zum alleinigen Vaporisieren geeignet, verd\u00fcnnen Sie es vor Gebrauch!<\/strong><\/p>\n<p>Entdecken Sie weitere Produkte der Marke <a href=\"https:\/\/vapotheque.ch\/de\/produkt_brand\/wink-de\/\" target=\"_blank\" rel=\"noopener\">Wink<\/a>!<\/p>\n<p> <a href=\"\/categorie\/diy\/concentre-diy\/\" target=\"_blank\" rel=\"noopener\">Hier<\/a> finden Sie alle unsere Konzentrate.<\/p>\n<p>Erhalten Sie Rabatte oder die neuesten Informationen \u00fcber unsere Produkte, indem Sie uns auf unseren sozialen Netzwerken folgen: <a href=\"https:\/\/www.facebook.com\/VapeAigleCH\" target=\"_blank\" rel=\"noopener\">Facebook<\/a> oder <a href=\"https:\/\/www.instagram.com\/vapotheque\" target=\"_blank\" rel=\"noopener\">Instagram<\/a>.<\/p>\n","protected":false},"excerpt":{"rendered":"<p>Ein ausgezeichneter <strong>Traubengeschmack<\/strong> mit einem Extrakt von <strong>Champagner<\/strong>, der Sie immer wieder \u00fcberraschen wird.<\/p>\n<p>Konzentriertes Aroma zum Verd\u00fcnnen in der Basis nikotinhaltig oder nicht nikotinhaltig<\/p>\n<p>TPD Ready europe<\/p>\n<p><strong>DOSIERUNG 12-15%  <\/strong><\/p>\n","protected":false},"featured_media":16601,"template":"","meta":{"_acf_changed":false},"product_cat":[443,468,408],"product_tag":[],"class_list":{"0":"post-17662","1":"product","2":"type-product","3":"status-publish","4":"has-post-thumbnail","6":"product_brand-wink-de","7":"product_cat-diy-de","8":"product_cat-konzentrate","9":"product_cat-lieferbar-innerhalb-von-24-stunden-de","11":"first","12":"instock","13":"taxable","14":"shipping-taxable","15":"purchasable","16":"product-type-simple"},"acf":[],"jetpack_sharing_enabled":true,"_links":{"self":[{"href":"https:\/\/vapotheque.ch\/de\/wp-json\/wp\/v2\/product\/17662","targetHints":{"allow":["GET"]}}],"collection":[{"href":"https:\/\/vapotheque.ch\/de\/wp-json\/wp\/v2\/product"}],"about":[{"href":"https:\/\/vapotheque.ch\/de\/wp-json\/wp\/v2\/types\/product"}],"wp:featuredmedia":[{"embeddable":true,"href":"https:\/\/vapotheque.ch\/de\/wp-json\/wp\/v2\/media\/16601"}],"wp:attachment":[{"href":"https:\/\/vapotheque.ch\/de\/wp-json\/wp\/v2\/media?parent=17662"}],"wp:term":[{"taxonomy":"product_cat","embeddable":true,"href":"https:\/\/vapotheque.ch\/de\/wp-json\/wp\/v2\/product_cat?post=17662"},{"taxonomy":"product_tag","embeddable":true,"href":"https:\/\/vapotheque.ch\/de\/wp-json\/wp\/v2\/product_tag?post=17662"}],"curies":[{"name":"wp","href":"https:\/\/api.w.org\/{rel}","templated":true}]}}