{"id":17656,"date":"2022-04-22T18:06:54","date_gmt":"2022-04-22T16:06:54","guid":{"rendered":"https:\/\/vapotheque.ch\/boutique\/le-petit-verger-melone-walderdbeere-e-liquide\/"},"modified":"2025-12-17T13:36:32","modified_gmt":"2025-12-17T12:36:32","slug":"le-petit-verger-melon-fraise-des-bois","status":"publish","type":"product","link":"https:\/\/vapotheque.ch\/de\/shop\/le-petit-verger-melon-fraise-des-bois\/","title":{"rendered":"Le Petit Verger \u2013 Frische Erdbeermelone E-Liquid 50 ml \/ 70 ml"},"content":{"rendered":"<h2>Le Petit Verger \u2013 Eine Symphonie fruchtiger und erfrischender Aromen!<\/h2>\n<p>Die Petit Verger Melon Strawberry des Bois Frais E-Liquid geh\u00f6rt zur modischsten fruchtigen Produktlinie der Gegenwart. Entdecken Sie die fruchtigen Aromen der Le Petit Verger-Reihe erneut, die nun durch einen Hauch unwiderstehlicher Frische verst\u00e4rkt werden.  Tauchen Sie ein in ein k\u00f6stliches und zugleich belebendes Dampferlebnis mit diesen hochwertigen E-Liquids, die von Savourea mit Leidenschaft in Frankreich hergestellt werden.<\/p>\n<p><strong>Mach dich bereit f\u00fcr eine Explosion an sommerlichen Geschmacksrichtungen!<\/strong> Vom ersten Zug aus wirst du in einen sonnigen Obstgarten versetzt, in dem sich die D\u00fcfte harmonisch vermischen. Stellen Sie sich die saftige S\u00fc\u00dfe einer perfekt reifen <g id=\"gid_0\">Melone<\/g> vor, kombiniert mit der s\u00fc\u00dfen Zartheit kleiner <g id=\"gid_1\">wilder Erdbeeren<\/g>. Es ist eine echte Symphonie aus Sommerfr\u00fcchten, die auf deinen Geschmacksknospen tanzt!  <\/p>\n<p>Aber das ist noch nicht alles! Nach dieser ersten fruchtigen Welle kitzelt ein bezauberndes Gef\u00fchl von <g id=\"gid_0\">Frische<\/g> Ihren Gaumen. Es ist wie eine erfrischende Brise an einem hei\u00dfen Sommertag und verleiht jedem Zug einen belebenden Abschluss.  <\/p>\n<p><strong>Le Petit Verger<\/strong> ist viel mehr als nur ein E-Liquid: Es ist eine Einladung, den Sommer jederzeit zu genie\u00dfen. Die perfekte Kombination aus duftender Melone und wilden Erdbeeren sorgt f\u00fcr ein reichhaltiges und ausgewogenes Geschmackserlebnis, w\u00e4hrend die Frische eine zus\u00e4tzliche Dimension hinzuf\u00fcgt, die Ihre Sinne erfreuen wird. <\/p>\n<p>Lassen Sie sich von dieser k\u00f6stlichen Kreation verf\u00fchren und schlie\u00dfen Sie sich der Gemeinschaft der Dampfer an, die von Le Petit Verger de Savourea erobert wurde. Machen Sie sich bereit f\u00fcr ein unvergessliches Geschmackserlebnis, bei dem jeder Zug eine Feier von Natur und Frische ist. \u2728<\/p>\n<p>Wichtig: E-Liquid in 50-ml-Geschmacksrichtungen, verkauft in einer 70-ml-Flasche.<\/p>\n<p class=\"class-fabrication\">Hergestellt in Frankreich; PG\/VG-Verh\u00e4ltnis: 50 % \/ 50 %. Passt in alle Arten von Ger\u00e4ten. <\/p>\n<p>Entdecken Sie die anderen Produkte der Marke <a href=\"https:\/\/vapotheque.ch\/de\/marque\/savourea-de\/\" target=\"_blank\" rel=\"noopener\">Savourea<\/a>.<\/p>\n<p>Erhalten Sie Rabatte oder die neuesten Informationen zu unseren Produkten, indem Sie uns in unseren sozialen Netzwerken folgen: <a href=\"https:\/\/www.facebook.com\/VapeAigleCH\" target=\"_blank\" rel=\"noopener\">Facebook<\/a> oder <a href=\"https:\/\/www.instagram.com\/vapotheque\" target=\"_blank\" rel=\"noopener\">Instagram<\/a>.<\/p>\n","protected":false},"excerpt":{"rendered":"<p>Le Petit Verger \u2013 Eine Symphonie fruchtiger und erfrischender Aromen! Die Petit Verger Melon Strawberry des Bois Frais E-Liquid geh\u00f6rt zur modischsten fruchtigen Produktlinie der Gegenwart. Entdecken Sie die fruchtigen Aromen der Le Petit Verger-Reihe erneut, die nun durch einen Hauch unwiderstehlicher Frische verst\u00e4rkt werden. Tauchen Sie ein in ein k\u00f6stliches und zugleich belebendes Dampferlebnis [&hellip;]<\/p>\n","protected":false},"featured_media":32327,"template":"","meta":{"_acf_changed":false},"product_cat":[405,404,442,408,1686,1977,1679],"product_tag":[],"class_list":{"0":"post-17656","1":"product","2":"type-product","3":"status-publish","4":"has-post-thumbnail","6":"product_brand-savourea-de","7":"product_cat-e-liquids","8":"product_cat-fruchtig","9":"product_cat-hervorgehobene-produkte","10":"product_cat-lieferbar-innerhalb-von-24-stunden-de","11":"product_cat-50-ml-fur-70-ml","12":"product_cat-lagerraeumung","13":"product_cat-menge-e-flussigkeit-kapazitat-flasche","15":"first","16":"outofstock","17":"sale","18":"taxable","19":"shipping-taxable","20":"purchasable","21":"product-type-simple"},"acf":[],"jetpack_sharing_enabled":true,"_links":{"self":[{"href":"https:\/\/vapotheque.ch\/de\/wp-json\/wp\/v2\/product\/17656","targetHints":{"allow":["GET"]}}],"collection":[{"href":"https:\/\/vapotheque.ch\/de\/wp-json\/wp\/v2\/product"}],"about":[{"href":"https:\/\/vapotheque.ch\/de\/wp-json\/wp\/v2\/types\/product"}],"wp:featuredmedia":[{"embeddable":true,"href":"https:\/\/vapotheque.ch\/de\/wp-json\/wp\/v2\/media\/32327"}],"wp:attachment":[{"href":"https:\/\/vapotheque.ch\/de\/wp-json\/wp\/v2\/media?parent=17656"}],"wp:term":[{"taxonomy":"product_cat","embeddable":true,"href":"https:\/\/vapotheque.ch\/de\/wp-json\/wp\/v2\/product_cat?post=17656"},{"taxonomy":"product_tag","embeddable":true,"href":"https:\/\/vapotheque.ch\/de\/wp-json\/wp\/v2\/product_tag?post=17656"}],"curies":[{"name":"wp","href":"https:\/\/api.w.org\/{rel}","templated":true}]}}