{"id":17653,"date":"2022-04-30T10:31:31","date_gmt":"2022-04-30T08:31:31","guid":{"rendered":"https:\/\/vapotheque.ch\/boutique\/montreal-original-chance-e-liquide\/"},"modified":"2025-11-06T18:21:29","modified_gmt":"2025-11-06T17:21:29","slug":"montreal-original-chance-eliquide","status":"publish","type":"product","link":"https:\/\/vapotheque.ch\/de\/shop\/montreal-original-chance-eliquide\/","title":{"rendered":"Montreal Original &#8211; Chance E-Liquid 50 ml \/ 70 ml"},"content":{"rendered":"<h2>Montr\u00e9al Original macht mit seinem E-Liquid Chance weiterhin alle Classic-Aficionados gl\u00fccklich.<\/h2>\n<p>Der kanadische Hersteller <strong>Montr\u00e9al Original<\/strong> hat ein fabelhaftes e-Liquid entwickelt, das einen intensiven amerikanischen Klassiker wiedergibt: die Chance.<\/p>\n<p>Mit diesem harmonischen Mix erm\u00f6glicht uns Montreal Original ein einzigartiges Geschmackserlebnis, bei dem M\u00e4nnlichkeit und Zartheit miteinander verschmelzen. Ein pr\u00e4chtiges Liquid, das nur f\u00fcr Liebhaber guter Dinge geeignet ist!<\/p>\n<p>Dieser ebenso milde wie kr\u00e4ftige Classic setzt subtile R\u00f6stnoten frei, die beim Verkosten f\u00fcr Relief sorgen. Montreal Original hat sich selbst \u00fcbertroffen und liefert einen majest\u00e4tischen Classic, der ebenso schmackhaft wie realistisch ist: ein Muss!<\/p>\n<p>Wichtig: E-Liquid in <strong>50-ml-Geschmacksrichtungen<\/strong>, verkauft in einer 70-ml-Flasche.<\/p>\n<p class=\"class-fabrication\">Hergestellt in Kanada; PG\/VG-Verh\u00e4ltnis: <strong>50% \/ 50%<\/strong>.<\/p>\n<p>Entdecken Sie weitere Produkte der Marke <a href=\"..\/..\/product_brand\/montreal-original\/\" target=\"_blank\" rel=\"noopener\">Montreal Original<\/a>.<\/p>\n<p>Erhalten Sie Rabatte oder die neuesten Informationen zu unseren Produkten, indem Sie uns in unseren sozialen Netzwerken folgen: <a href=\"https:\/\/www.facebook.com\/VapeAigleCH\" target=\"_blank\" rel=\"noopener\">Facebook<\/a> oder <a href=\"https:\/\/www.instagram.com\/vapotheque_aigle\/\" target=\"_blank\" rel=\"noopener\">Instagram<\/a>.<\/p>\n","protected":false},"excerpt":{"rendered":"<p>Montr\u00e9al Original macht mit seinem E-Liquid Chance weiterhin alle Classic-Aficionados gl\u00fccklich. Der kanadische Hersteller Montr\u00e9al Original hat ein fabelhaftes e-Liquid entwickelt, das einen intensiven amerikanischen Klassiker wiedergibt: die Chance. Mit diesem harmonischen Mix erm\u00f6glicht uns Montreal Original ein einzigartiges Geschmackserlebnis, bei dem M\u00e4nnlichkeit und Zartheit miteinander verschmelzen. Ein pr\u00e4chtiges Liquid, das nur f\u00fcr Liebhaber guter [&hellip;]<\/p>\n","protected":false},"featured_media":47767,"template":"","meta":{"_acf_changed":false},"product_cat":[405,442,408,403,1685,1679],"product_tag":[],"class_list":{"0":"post-17653","1":"product","2":"type-product","3":"status-publish","4":"has-post-thumbnail","6":"product_brand-montreal-original-de","7":"product_cat-e-liquids","8":"product_cat-hervorgehobene-produkte","9":"product_cat-lieferbar-innerhalb-von-24-stunden-de","10":"product_cat-tabak","11":"product_cat-50-ml-fur-60-ml","12":"product_cat-menge-e-flussigkeit-kapazitat-flasche","14":"first","15":"instock","16":"taxable","17":"shipping-taxable","18":"purchasable","19":"product-type-simple"},"acf":[],"jetpack_sharing_enabled":true,"_links":{"self":[{"href":"https:\/\/vapotheque.ch\/de\/wp-json\/wp\/v2\/product\/17653","targetHints":{"allow":["GET"]}}],"collection":[{"href":"https:\/\/vapotheque.ch\/de\/wp-json\/wp\/v2\/product"}],"about":[{"href":"https:\/\/vapotheque.ch\/de\/wp-json\/wp\/v2\/types\/product"}],"wp:featuredmedia":[{"embeddable":true,"href":"https:\/\/vapotheque.ch\/de\/wp-json\/wp\/v2\/media\/47767"}],"wp:attachment":[{"href":"https:\/\/vapotheque.ch\/de\/wp-json\/wp\/v2\/media?parent=17653"}],"wp:term":[{"taxonomy":"product_cat","embeddable":true,"href":"https:\/\/vapotheque.ch\/de\/wp-json\/wp\/v2\/product_cat?post=17653"},{"taxonomy":"product_tag","embeddable":true,"href":"https:\/\/vapotheque.ch\/de\/wp-json\/wp\/v2\/product_tag?post=17653"}],"curies":[{"name":"wp","href":"https:\/\/api.w.org\/{rel}","templated":true}]}}