{"id":17648,"date":"2022-05-27T17:33:46","date_gmt":"2022-05-27T15:33:46","guid":{"rendered":"https:\/\/vapotheque.ch\/boutique\/al-ragnarok-ultimate-sweet-edition-konzentrat-30ml\/"},"modified":"2026-02-12T12:00:14","modified_gmt":"2026-02-12T11:00:14","slug":"al-concentre-ragnarok-ultimate-sweet-edition-30ml","status":"publish","type":"product","link":"https:\/\/vapotheque.ch\/de\/shop\/al-concentre-ragnarok-ultimate-sweet-edition-30ml\/","title":{"rendered":"A&amp;L &#8211; Ragnarok Ultimate Sweet Edition Konzentrat 30ml"},"content":{"rendered":"<h2>Was ist das Ragnarok-Konzentrat?<\/h2>\n<p>  Die <strong>Ragnarok<\/strong> Ultimate Sweet Edition von A&amp;L ist ein konzentriertes Aroma in 30ml, mit dem Sie Ihre Fl\u00fcssigkeit f\u00fcr elektronische Zigaretten im Do-It-Yourself-Verfahren herstellen k\u00f6nnen. Die beste L\u00f6sung, um Geld zu sparen und gleichzeitig <strong>ein fruchtiges Rezept<\/strong> zu dampfen <strong>, das auf der ganzen Welt beliebt ist<\/strong>. Genauer gesagt handelt es sich um eine Zusammenstellung von roten Fr\u00fcchten mit einer Dominanz von schwarzen Johannisbeeren, die durch einen Strom von Frische beim Ausatmen sublimiert werden. Diese komplexe Kombination ist dennoch perfekt ausgewogen und sehr harmonisch, um den Geschmack aller Dampfer und vor allem aller elektronischen Zigaretten zu treffen.  <\/p>\n<h2>Wie verwende ich das Ragnarok Ultimate Sweet Edition Aroma?<\/h2>\n<p>  Der <strong>Ragnarok<\/strong> ist f\u00fcr den DIY-Einsatz konzipiert. Er sollte auf keinen Fall unverd\u00fcnnt konsumiert werden, sondern mit einer PG\/VG-Basis verd\u00fcnnt werden. Unsere Tipps zur Verwendung finden Sie weiter unten.  <\/p>\n<h3><u>Vorbereitung des Konzentrats Ultimate Ragnarok :<\/u><\/h3>\n<h4>Die Zutaten<\/h4>\n<ul>\n<li>Ein A&amp;L Ragnarok Ultimate Sweet Edition Konzentrat 30ml<\/li>\n<li>Eine gebrauchsfertige Basis (PG\/VG), mit oder ohne Nikotin<\/li>\n<\/ul>\n<h4>Das Material<\/h4>\n<ul>\n<li>Eine oder mehrere Plastikflaschen mit dem von Ihnen gew\u00fcnschten Fassungsverm\u00f6gen, um Ihre Zubereitung zu mischen.<\/li>\n<li>Eine Spritze oder Pipette<\/li>\n<li>Schutzhandschuhe<\/li>\n<li>Eine Schutzbrille<\/li>\n<\/ul>\n<h4>Die Vorbereitung<\/h4>\n<ul>\n<li>Waschen Sie sich vor der Handhabung die H\u00e4nde und stellen Sie sicher, dass Sie sich au\u00dferhalb der Reichweite von Kindern auf einer sauberen Arbeitsfl\u00e4che befinden.<\/li>\n<li>Benutzen Sie die Spritze oder eine Pipette, um Ihre leere Flasche mit Basisfl\u00fcssigkeit zu f\u00fcllen (Beispiel: f\u00fcr 50 ml e-Fl\u00fcssigkeit f\u00fcllen Sie 45 ml Basisfl\u00fcssigkeit ein und behalten die restlichen 5 ml f\u00fcr das Aroma).<\/li>\n<li>Benutzen Sie Handschuhe, um Ihre Basis zu handhaben, wenn Sie Nikotin verwenden.<\/li>\n<li>Sch\u00fcttle deine Aromaflasche vor der Verwendung.<\/li>\n<li>F\u00fcgen Sie einige Tropfen Aroma gem\u00e4\u00df der Dosierung hinzu (in diesem Beispiel 5 ml).<\/li>\n<li>Sch\u00fctteln Sie Ihre Mischung etwa zehn Sekunden lang kr\u00e4ftig.<\/li>\n<li>Lassen Sie Ihre Zubereitung einige Tage stehen, damit sich die Aromen entwickeln k\u00f6nnen.<\/li>\n<li>Waschen Sie sich erneut die H\u00e4nde und reinigen Sie Ihre Ausr\u00fcstung sowie Ihre Arbeitsfl\u00e4che.<\/li>\n<\/ul>\n<p>  Ihre DIY-Liquids sind fertig!  <\/p>\n<h4>Die Reifung<\/h4>\n<p>  Um ein perfekt ausgewogenes Ergebnis zu erzielen, empfehlen wir Ihnen, vor der Verwendung Ihrer e-Liquids eine Reifezeit einzuhalten. So erm\u00f6glichen Sie es allen Aromen, sich zu entwickeln und ihr volles Potenzial zu entfalten. F\u00fcr Ragnarok wird eine Reifezeit (oder Steep) von mindestens <strong>48 Stunden<\/strong> empfohlen, um ein optimales Ergebnis zu erzielen. Bei der Entwicklung des Ragnarok Ultimate Sweet Edition 30ml Konzentrats haben A&amp;L jedoch an die Eiligen gedacht, weshalb es in der Regel sofort nach der Zubereitung gedampft werden kann. Die A&amp;L-Produkte erf\u00fcllen alle in Frankreich geltenden Gesundheitsstandards und entsprechen den Anforderungen der Europ\u00e4ischen Union. Entdecken Sie weitere Produkte der Marke <a href=\"\/marque\/a-&amp;-l\/\" target=\"_blank\" rel=\"noopener\">A&amp;L!<\/a> <a href=\"\/categorie\/diy\/concentre-diy\/\" target=\"_blank\" rel=\"noopener\">Hier<\/a> finden Sie alle unsere Konzentrate. Erhalten Sie Rabatte oder die neuesten Informationen \u00fcber unsere Produkte, indem Sie uns auf unseren sozialen Netzwerken folgen: <a href=\"https:\/\/www.facebook.com\/VapeAigleCH\" target=\"_blank\" rel=\"noopener\">Facebook<\/a> oder <a href=\"https:\/\/www.instagram.com\/vapotheque\" target=\"_blank\" rel=\"noopener\">Instagram<\/a>.<\/p>\n","protected":false},"excerpt":{"rendered":"<h2>Die Urspr\u00fcnge des Ragnarok-Konzentrats: Eine Legende wird geboren<\/h2>\n<p>&nbsp;  Aus dem fernen, eisigen Norden kommt die Ragnarok, die ihren eisigen Atem in unsere Breiten bringt. Mit einem imposanten Helm geschm\u00fcckt und mit einer m\u00e4chtigen, perfekt geschliffenen Axt ausger\u00fcstet, zieht ein seltsamer, tiefroter Trank an seinem G\u00fcrtel unwiderruflich unsere Blicke auf sich. In diesem kleinen, eher unscheinbaren Fl\u00e4schchen befindet sich eine fruchtig anmutende Mischung aus unz\u00e4hligen roten Fr\u00fcchten wie Erdbeeren, Brombeeren, Himbeeren und Blaubeeren. Man erahnt auch einen Strudel von borealer Frische, der in tausend Lichtern funkelt.<\/p>\n","protected":false},"featured_media":16587,"template":"","meta":{"_acf_changed":false},"product_cat":[443,468,408],"product_tag":[],"class_list":{"0":"post-17648","1":"product","2":"type-product","3":"status-publish","4":"has-post-thumbnail","6":"product_brand-a-l-de","7":"product_cat-diy-de","8":"product_cat-konzentrate","9":"product_cat-lieferbar-innerhalb-von-24-stunden-de","11":"first","12":"instock","13":"taxable","14":"shipping-taxable","15":"purchasable","16":"product-type-simple"},"acf":[],"jetpack_sharing_enabled":true,"_links":{"self":[{"href":"https:\/\/vapotheque.ch\/de\/wp-json\/wp\/v2\/product\/17648","targetHints":{"allow":["GET"]}}],"collection":[{"href":"https:\/\/vapotheque.ch\/de\/wp-json\/wp\/v2\/product"}],"about":[{"href":"https:\/\/vapotheque.ch\/de\/wp-json\/wp\/v2\/types\/product"}],"wp:featuredmedia":[{"embeddable":true,"href":"https:\/\/vapotheque.ch\/de\/wp-json\/wp\/v2\/media\/16587"}],"wp:attachment":[{"href":"https:\/\/vapotheque.ch\/de\/wp-json\/wp\/v2\/media?parent=17648"}],"wp:term":[{"taxonomy":"product_cat","embeddable":true,"href":"https:\/\/vapotheque.ch\/de\/wp-json\/wp\/v2\/product_cat?post=17648"},{"taxonomy":"product_tag","embeddable":true,"href":"https:\/\/vapotheque.ch\/de\/wp-json\/wp\/v2\/product_tag?post=17648"}],"curies":[{"name":"wp","href":"https:\/\/api.w.org\/{rel}","templated":true}]}}