{"id":17635,"date":"2022-04-22T18:00:28","date_gmt":"2022-04-22T16:00:28","guid":{"rendered":"https:\/\/vapotheque.ch\/boutique\/le-petit-verger-dragon-fruit-rote-fruechte-e-liquid\/"},"modified":"2025-12-17T13:53:52","modified_gmt":"2025-12-17T12:53:52","slug":"le-petit-verger-fruit-du-dragon-fruits-rouges","status":"publish","type":"product","link":"https:\/\/vapotheque.ch\/de\/shop\/le-petit-verger-fruit-du-dragon-fruits-rouges\/","title":{"rendered":"Le Petit Verger \u2013 Drachenfrucht Roter Fr\u00fcchte Frisch E-Liquid 50 ml \/ 70 ml"},"content":{"rendered":"<h2>Le Petit Verger \u2013 Eine Welle fruchtiger und erfrischender Aromen!<\/h2>\n<p>Das Petit Verger Dragon Fruit Fresh Red Fruits E-Liquid geh\u00f6rt zur derzeit modischsten Fruchtpalette. Machen Sie sich bereit, die Freuden der Fruchtigkeit mit der Le Petit Verger-Reihe wiederzuentdecken, die ein Makeover mit einem unwiderstehlichen Hauch von Frische erhalten hat. Stellen Sie sich vor, Sie genie\u00dfen jeden Zug dieses hochwertigen E-Liquids, das mit Liebe in Frankreich von den Experten von Savourea hergestellt wurde.  <\/p>\n<p><strong>Tauchen Sie ein in einen Wirbel von Geschmacksrichtungen<\/strong> : Jeder Hit ist ein Gourmet- und belebendes Abenteuer. Schon beim ersten Zug werden deine Geschmacksknospen vom bezaubernden und s\u00fc\u00dfen Duft der <strong>Drachenfrucht<\/strong> umh\u00fcllt. Aber das ist erst der Anfang! Im Hintergrund enth\u00fcllt sich eine <strong>Symphonie roter Fr\u00fcchte<\/strong> , die fein saure Noten bieten, die alles ausbalancieren.   <\/p>\n<p>Und das ist noch nicht alles! Nach dieser Explosion fruchtiger Aromen l\u00e4dt sich eine Welle perfekt dosierter <g id=\"gid_0\">Frische<\/g> ein, das Erlebnis zu sublimieren. Es ist wie eine k\u00fchle Windb\u00f6e an einem hei\u00dfen Sommertag \u2013 ein Gef\u00fchl, das sowohl belebend als auch beruhigend ist.  <\/p>\n<p><strong>Le Petit Verger Fruit du Dragon Fruits Rouges Frais E-Liquide<\/strong> est parfait pour les amateurs de vape fruit\u00e9e et rafra\u00eechissante. Chaque bouff\u00e9e est un v\u00e9ritable d\u00e9lice, un \u00e9quilibre parfait entre le sucr\u00e9 et l\u2019acidul\u00e9, rehauss\u00e9 par une fra\u00eecheur d\u00e9salt\u00e9rante. Pr\u00e9parez-vous \u00e0 une exp\u00e9rience de vape inoubliable qui ravira vos sens et vous transportera dans un verger enchant\u00e9, o\u00f9 chaque fruit est une d\u00e9couverte d\u00e9licieuse.  <\/p>\n<p>Lassen Sie sich von diesem fruchtigen Wunder verf\u00fchren und schlie\u00dfen Sie sich der Gemeinschaft der Dampfer an, die von Le Petit Verger de Savourea erobert wurde.<\/p>\n<p>Wichtig: E-Liquid in 50-ml-Geschmacksrichtungen, verkauft in einer 70-ml-Flasche.<\/p>\n<p class=\"class-fabrication\">Hergestellt in Frankreich; PG\/VG-Verh\u00e4ltnis: 50 % \/ 50 %. Passt in alle Arten von Ger\u00e4ten. <\/p>\n<p>Entdecken Sie die anderen Produkte der Marke <a href=\"..\/..\/marque\/savourea\/\" target=\"_blank\" rel=\"noopener\">Savourea<\/a>.<\/p>\n<p>Erhalten Sie Rabatte oder die neuesten Informationen zu unseren Produkten, indem Sie uns in unseren sozialen Netzwerken folgen: <a href=\"https:\/\/www.facebook.com\/VapeAigleCH\" target=\"_blank\" rel=\"noopener\">Facebook<\/a> oder <a href=\"https:\/\/www.instagram.com\/vapotheque\" target=\"_blank\" rel=\"noopener\">Instagram<\/a>.<\/p>\n","protected":false},"excerpt":{"rendered":"<p>Le Petit Verger \u2013 Eine Welle fruchtiger und erfrischender Aromen! Das Petit Verger Dragon Fruit Fresh Red Fruits E-Liquid geh\u00f6rt zur derzeit modischsten Fruchtpalette. Machen Sie sich bereit, die Freuden der Fruchtigkeit mit der Le Petit Verger-Reihe wiederzuentdecken, die ein Makeover mit einem unwiderstehlichen Hauch von Frische erhalten hat. Stellen Sie sich vor, Sie genie\u00dfen [&hellip;]<\/p>\n","protected":false},"featured_media":32335,"template":"","meta":{"_acf_changed":false},"product_cat":[405,404,442,408,1686,1977,1679],"product_tag":[],"class_list":{"0":"post-17635","1":"product","2":"type-product","3":"status-publish","4":"has-post-thumbnail","6":"product_brand-savourea-de","7":"product_cat-e-liquids","8":"product_cat-fruchtig","9":"product_cat-hervorgehobene-produkte","10":"product_cat-lieferbar-innerhalb-von-24-stunden-de","11":"product_cat-50-ml-fur-70-ml","12":"product_cat-lagerraeumung","13":"product_cat-menge-e-flussigkeit-kapazitat-flasche","15":"first","16":"instock","17":"sale","18":"taxable","19":"shipping-taxable","20":"purchasable","21":"product-type-simple"},"acf":[],"jetpack_sharing_enabled":true,"_links":{"self":[{"href":"https:\/\/vapotheque.ch\/de\/wp-json\/wp\/v2\/product\/17635","targetHints":{"allow":["GET"]}}],"collection":[{"href":"https:\/\/vapotheque.ch\/de\/wp-json\/wp\/v2\/product"}],"about":[{"href":"https:\/\/vapotheque.ch\/de\/wp-json\/wp\/v2\/types\/product"}],"wp:featuredmedia":[{"embeddable":true,"href":"https:\/\/vapotheque.ch\/de\/wp-json\/wp\/v2\/media\/32335"}],"wp:attachment":[{"href":"https:\/\/vapotheque.ch\/de\/wp-json\/wp\/v2\/media?parent=17635"}],"wp:term":[{"taxonomy":"product_cat","embeddable":true,"href":"https:\/\/vapotheque.ch\/de\/wp-json\/wp\/v2\/product_cat?post=17635"},{"taxonomy":"product_tag","embeddable":true,"href":"https:\/\/vapotheque.ch\/de\/wp-json\/wp\/v2\/product_tag?post=17635"}],"curies":[{"name":"wp","href":"https:\/\/api.w.org\/{rel}","templated":true}]}}