{"id":17633,"date":"2022-03-11T12:41:25","date_gmt":"2022-03-11T11:41:25","guid":{"rendered":"https:\/\/vapotheque.ch\/boutique\/coil-connection-the-frosted-coils\/"},"modified":"2024-09-30T10:57:46","modified_gmt":"2024-09-30T08:57:46","slug":"coil-connection-the-frosted-2","status":"publish","type":"product","link":"https:\/\/vapotheque.ch\/de\/shop\/coil-connection-the-frosted-2\/","title":{"rendered":"Coil Connection &#8211; The Frosted Coils"},"content":{"rendered":"<div class=\"woocommerce-tabs wc-tabs-wrapper\">\n<div id=\"tab-description\" class=\"woocommerce-Tabs-panel woocommerce-Tabs-panel--description panel entry-content wc-tab\" role=\"tabpanel\" aria-labelledby=\"tab-title-description\">\n<h2>Coil Connection zeigt uns seine The Frosted Coils in 0.30 Ohm!<\/h2>\n<h4>Als eingefleischter Builder und immer auf der Suche nach Neuem, hat Pascal Foinard mit den The Frosted Coils ein neues Kunstwerk geschaffen. Er l\u00e4dt Sie zu einer Explosion der Gef\u00fchle ein. Finden Sie die Qualit\u00e4t und Haltbarkeit der 100% handgefertigten Coil Connection in diesen vorgewickelten Premium-Coils f\u00fcr Ihren RTA-Atomizer oder Dripper!<\/h4>\n<p>  Die Coils The Frosted von Coil Connection enthalten 3 verschiedene Arten von Garnen. Wir werden 2 x 30 GA NI80 auf jeder Seite haben und dazwischen 4 n80-Flachdr\u00e4hte mit 0,3 &#8211; 0,1. Alle diese Dr\u00e4hte werden von einem weiteren NI80-Draht des Typs Alien in 1x40GA mit einem Innendurchmesser von 3mm umgeben, jede Spule hat einen Wert von 0,30 Ohm + oder -. Der Mini-Frolien ist eine Mischung aus Ribbon und Alien, die ihm eine gute Dampfproduktion mit einer guten Geschmackswiedergabe verleiht. Idealerweise wird er als Mono-Coil auf einem Einzelplatten-Reda montiert, kann aber auch sehr gut als Dual montiert werden, Achtung bei Dual 0,15 Ohm, zwischen 40 und 70 W, ideal auf Mecha f\u00fcr Puristen, top auch auf Elektro, um das Vergn\u00fcgen zu variieren.<br \/>\nWiderstand: 0,3 Ohm\/Coil &#8211; Durchmesser: 3mm 4er-Set handgefertigter Coils The Frosted 0,3 Ohm.   &nbsp;  Handgefertigte Coils von Pascal Foinard, verkauft als 2 St\u00fcck, mit organischer Baumwolle. Sehen Sie sich alle Produkte der Marke <a href=\"\/product_brand\/coil-connection\/\" target=\"_blank\" rel=\"noopener\">Coil Connection an.<\/a> Erhalten Sie Rabatte oder die neuesten Informationen \u00fcber unsere Produkte, indem Sie uns auf unseren sozialen Netzwerken folgen: <a href=\"https:\/\/www.facebook.com\/VapeAigleCH\" target=\"_blank\" rel=\"noopener\">Facebook<\/a> oder <a href=\"https:\/\/www.instagram.com\/vapotheque\" target=\"_blank\" rel=\"noopener\">Instagram<\/a>.  <\/div>\n<\/div>\n","protected":false},"excerpt":{"rendered":"<p>Coil Connection zeigt uns seine The Frosted Coils in 0.30 Ohm! Als eingefleischter Builder und immer auf der Suche nach Neuem, hat Pascal Foinard mit den The Frosted Coils ein neues Kunstwerk geschaffen. Er l\u00e4dt Sie zu einer Explosion der Gef\u00fchle ein. Finden Sie die Qualit\u00e4t und Haltbarkeit der 100% handgefertigten Coil Connection in diesen [&hellip;]<\/p>\n","protected":false},"featured_media":17122,"template":"","meta":{"_acf_changed":false},"product_cat":[442,408,425],"product_tag":[],"class_list":{"0":"post-17633","1":"product","2":"type-product","3":"status-publish","4":"has-post-thumbnail","6":"product_brand-coil-connection-de","7":"product_cat-hervorgehobene-produkte","8":"product_cat-lieferbar-innerhalb-von-24-stunden-de","9":"product_cat-rekonstruierbare-faden","11":"first","12":"instock","13":"taxable","14":"shipping-taxable","15":"purchasable","16":"product-type-simple"},"acf":[],"jetpack_sharing_enabled":true,"_links":{"self":[{"href":"https:\/\/vapotheque.ch\/de\/wp-json\/wp\/v2\/product\/17633","targetHints":{"allow":["GET"]}}],"collection":[{"href":"https:\/\/vapotheque.ch\/de\/wp-json\/wp\/v2\/product"}],"about":[{"href":"https:\/\/vapotheque.ch\/de\/wp-json\/wp\/v2\/types\/product"}],"wp:featuredmedia":[{"embeddable":true,"href":"https:\/\/vapotheque.ch\/de\/wp-json\/wp\/v2\/media\/17122"}],"wp:attachment":[{"href":"https:\/\/vapotheque.ch\/de\/wp-json\/wp\/v2\/media?parent=17633"}],"wp:term":[{"taxonomy":"product_cat","embeddable":true,"href":"https:\/\/vapotheque.ch\/de\/wp-json\/wp\/v2\/product_cat?post=17633"},{"taxonomy":"product_tag","embeddable":true,"href":"https:\/\/vapotheque.ch\/de\/wp-json\/wp\/v2\/product_tag?post=17633"}],"curies":[{"name":"wp","href":"https:\/\/api.w.org\/{rel}","templated":true}]}}