{"id":17627,"date":"2022-04-01T14:06:21","date_gmt":"2022-04-01T12:06:21","guid":{"rendered":"https:\/\/vapotheque.ch\/boutique\/protect-cappuccino-gourmand-e-liquid\/"},"modified":"2025-11-12T13:12:35","modified_gmt":"2025-11-12T12:12:35","slug":"protect-cappuccino-gourmand","status":"publish","type":"product","link":"https:\/\/vapotheque.ch\/de\/shop\/protect-cappuccino-gourmand\/","title":{"rendered":"Protect &#8211; Cappuccino Gourmand E-Liquid 50 ml \/ 70 ml"},"content":{"rendered":"<h2>Protect hat sich wieder einmal selbst \u00fcbertroffen und uns das E-Liquid Cappuccino Gourmand angeboten.<\/h2>\n<p>Das E-Liquid Cappuccino Gourmand von Protect ist in einem Ansatz zum Schutz der Bienen. Kaufen Sie eine Flasche Cappuccino Gourmand und pflanzen Sie 1m2 Biodiversit\u00e4t*.<\/p>\n<p>Wir wissen, dass Bienen als Arbeitstiere bekannt sind. Wenn Sie also genauso dynamisch sein wollen wie sie, sollten Sie sich diesen Cappuccino zulegen und die Kraft des <strong>Kaffees<\/strong> genie\u00dfen, w\u00e4hrend Sie k\u00f6stliche Leckereien mit<strong> karamellisierten Keksen<\/strong> verzehren.<\/p>\n<p>Diese Mischung, die die Kraft des Kaffees und die S\u00fc\u00dfe der karamellisierten Kekse vereint, wird viele Honigpflanzen wachsen lassen!<\/p>\n<p><em>*Verkauft mit einem Beutel mit Samen von Honigpflanzen.<\/em><\/p>\n<\/p>\n<p>Wichtig: E-Liquid in 50-ml-Geschmacksrichtungen, verkauft in einer 70-ml-Flasche.<\/p>\n<p class=\"class-fabrication\">Hergestellt in Frankreich; PG\/VG-Verh\u00e4ltnis: 40% \/ 60%.<\/p>\n<p>Entdecken Sie die anderen Produkte der Marke <a href=\"..\/..\/product_brand\/protect\/\" target=\"_blank\" rel=\"noopener\">Protect<\/a>.<\/p>\n<p>Erhalten Sie Rabatte oder die neuesten Informationen zu unseren Produkten, indem Sie uns in unseren sozialen Netzwerken folgen: <a href=\"https:\/\/www.facebook.com\/VapeAigleCH\" target=\"_blank\" rel=\"noopener\">Facebook<\/a> oder <a href=\"https:\/\/www.instagram.com\/vapotheque_aigle\/\" target=\"_blank\" rel=\"noopener\">Instagram<\/a>.<\/p><\/p>\n","protected":false},"excerpt":{"rendered":"<p>Protect hat sich wieder einmal selbst \u00fcbertroffen und uns das E-Liquid Cappuccino Gourmand angeboten. Das E-Liquid Cappuccino Gourmand von Protect ist in einem Ansatz zum Schutz der Bienen. Kaufen Sie eine Flasche Cappuccino Gourmand und pflanzen Sie 1m2 Biodiversit\u00e4t*. Wir wissen, dass Bienen als Arbeitstiere bekannt sind. Wenn Sie also genauso dynamisch sein wollen wie [&hellip;]<\/p>\n","protected":false},"featured_media":47650,"template":"","meta":{"_acf_changed":false},"product_cat":[405,397,408,1686,1679],"product_tag":[],"class_list":{"0":"post-17627","1":"product","2":"type-product","3":"status-publish","4":"has-post-thumbnail","6":"product_brand-protect-de","7":"product_cat-e-liquids","8":"product_cat-gourmands-de","9":"product_cat-lieferbar-innerhalb-von-24-stunden-de","10":"product_cat-50-ml-fur-70-ml","11":"product_cat-menge-e-flussigkeit-kapazitat-flasche","13":"first","14":"instock","15":"taxable","16":"shipping-taxable","17":"purchasable","18":"product-type-simple"},"acf":[],"jetpack_sharing_enabled":true,"_links":{"self":[{"href":"https:\/\/vapotheque.ch\/de\/wp-json\/wp\/v2\/product\/17627","targetHints":{"allow":["GET"]}}],"collection":[{"href":"https:\/\/vapotheque.ch\/de\/wp-json\/wp\/v2\/product"}],"about":[{"href":"https:\/\/vapotheque.ch\/de\/wp-json\/wp\/v2\/types\/product"}],"wp:featuredmedia":[{"embeddable":true,"href":"https:\/\/vapotheque.ch\/de\/wp-json\/wp\/v2\/media\/47650"}],"wp:attachment":[{"href":"https:\/\/vapotheque.ch\/de\/wp-json\/wp\/v2\/media?parent=17627"}],"wp:term":[{"taxonomy":"product_cat","embeddable":true,"href":"https:\/\/vapotheque.ch\/de\/wp-json\/wp\/v2\/product_cat?post=17627"},{"taxonomy":"product_tag","embeddable":true,"href":"https:\/\/vapotheque.ch\/de\/wp-json\/wp\/v2\/product_tag?post=17627"}],"curies":[{"name":"wp","href":"https:\/\/api.w.org\/{rel}","templated":true}]}}